{"id":33437,"date":"2026-02-27T00:21:20","date_gmt":"2026-02-27T00:21:20","guid":{"rendered":"https:\/\/nordicmart.andreevmaster.com\/product\/vasagle-sivupoyta-2-ritila-teollinen-tyyli\/"},"modified":"2026-02-27T09:42:09","modified_gmt":"2026-02-27T09:42:09","slug":"vasagle-sivupoyta-2-ritila-teollinen-tyyli","status":"publish","type":"product","link":"https:\/\/nordicmart.andreevmaster.com\/fi\/tuote\/vasagle-sivupoyta-2-ritila-teollinen-tyyli\/","title":{"rendered":"VASAGLE sivup\u00f6yt\u00e4 2 ritil\u00e4, teollinen tyyli"},"content":{"rendered":"<p>Tuotetiedot: &#8211; V\u00e4ri: vintage-ruskea-musta &#8211; Materiaali: lastulevy, ter\u00e4s &#8211; Koko: 40 x 40 x 55 cm (P x L x K) &#8211; Paino: 3,8 kg &#8211; Lastulevyn maks. staattinen kantavuus: 20 kg &#8211; Maks. staattinen kantavuus per ritil\u00e4: 5 kg Toimitus sis\u00e4lt\u00e4\u00e4:- 1 x sivup\u00f6yt\u00e4 &#8211; 1 x kuusiokoloavain &#8211; 1 x lis\u00e4varustepussi &#8211; 1 x ohjeet (DE, EN, ES, FR, IT) VASAGLE-ohjeet: &#8211; Aseta tuote paikkaan, jossa se ei ole alttiina suoralle auringonvalolle tai kosteudelle. &#8211; P\u00f6yd\u00e4n pinnan enimm\u00e4iskuormituskyky on 20 kg, ritil\u00e4hyllyjen enimm\u00e4iskuormituskyky on 5 kg. \u00c4l\u00e4 aseta p\u00f6yd\u00e4lle painavampia esineit\u00e4.<\/p>\n","protected":false},"excerpt":{"rendered":"<p>VASAGLE sivup\u00f6yt\u00e4, y\u00f6p\u00f6yt\u00e4, jossa 2 s\u00e4\u00e4dett\u00e4v\u00e4\u00e4 hylly\u00e4, sohvap\u00f6yt\u00e4, olohuoneeseen, makuuhuoneeseen, eteiseen, toimistoon, tukeva, helppo koota, teollinen muotoilu, vintage-ruskea-musta LET23X<\/p>\n","protected":false},"featured_media":42262,"comment_status":"open","ping_status":"closed","template":"","meta":[],"product_brand":[],"product_cat":[32],"product_tag":[],"class_list":{"0":"post-33437","1":"product","2":"type-product","3":"status-publish","4":"has-post-thumbnail","6":"product_cat-uncategorized-fi","8":"first","9":"instock","10":"shipping-taxable","11":"purchasable","12":"product-type-simple"},"_links":{"self":[{"href":"https:\/\/nordicmart.andreevmaster.com\/fi\/wp-json\/wp\/v2\/product\/33437","targetHints":{"allow":["GET"]}}],"collection":[{"href":"https:\/\/nordicmart.andreevmaster.com\/fi\/wp-json\/wp\/v2\/product"}],"about":[{"href":"https:\/\/nordicmart.andreevmaster.com\/fi\/wp-json\/wp\/v2\/types\/product"}],"replies":[{"embeddable":true,"href":"https:\/\/nordicmart.andreevmaster.com\/fi\/wp-json\/wp\/v2\/comments?post=33437"}],"wp:featuredmedia":[{"embeddable":true,"href":"https:\/\/nordicmart.andreevmaster.com\/fi\/wp-json\/wp\/v2\/media\/42262"}],"wp:attachment":[{"href":"https:\/\/nordicmart.andreevmaster.com\/fi\/wp-json\/wp\/v2\/media?parent=33437"}],"wp:term":[{"taxonomy":"product_brand","embeddable":true,"href":"https:\/\/nordicmart.andreevmaster.com\/fi\/wp-json\/wp\/v2\/product_brand?post=33437"},{"taxonomy":"product_cat","embeddable":true,"href":"https:\/\/nordicmart.andreevmaster.com\/fi\/wp-json\/wp\/v2\/product_cat?post=33437"},{"taxonomy":"product_tag","embeddable":true,"href":"https:\/\/nordicmart.andreevmaster.com\/fi\/wp-json\/wp\/v2\/product_tag?post=33437"}],"curies":[{"name":"wp","href":"https:\/\/api.w.org\/{rel}","templated":true}]}}