{"id":33435,"date":"2026-02-27T00:21:20","date_gmt":"2026-02-27T00:21:20","guid":{"rendered":"https:\/\/nordicmart.andreevmaster.com\/product\/vasagle-nelionmuotoinen-sivupoyta-kangaskorilla\/"},"modified":"2026-02-27T09:42:09","modified_gmt":"2026-02-27T09:42:09","slug":"vasagle-nelionmuotoinen-sivupoyta-kangaskorilla","status":"publish","type":"product","link":"https:\/\/nordicmart.andreevmaster.com\/fi\/tuote\/vasagle-nelionmuotoinen-sivupoyta-kangaskorilla\/","title":{"rendered":"VASAGLE neli\u00f6nmuotoinen sivup\u00f6yt\u00e4 kangaskorilla"},"content":{"rendered":"<p>VASAGLE sivup\u00f6yt\u00e4, sohvap\u00f6yt\u00e4 kangaskorilla, moderni olohuoneen p\u00f6yt\u00e4, neli\u00f6nmuotoinen p\u00f6yt\u00e4, olohuoneeseen, makuuhuoneeseen, mattavalkoinen-kamelinruskea LET229W10<br \/>\nV\u00e4ri: mattavalkoinen-kamelinruskea<br \/>\nMateriaali: lastulevy, ter\u00e4s, polyesterikangas<br \/>\nKoko: 40 x 40 x 50 cm (S x L x K)<br \/>\nKorin koko: 33 x 33 x 18 cm (S x L x K)<br \/>\nPaino: 3,5 kg<br \/>\nP\u00f6yt\u00e4levyn maks. staattinen kantavuus: 25 kg<\/p>\n","protected":false},"excerpt":{"rendered":"<p>VASAGLE sivup\u00f6yt\u00e4, sohvap\u00f6yt\u00e4 kangaskorilla, moderni olohuoneen p\u00f6yt\u00e4, neli\u00f6nmuotoinen p\u00f6yt\u00e4, olohuoneeseen, makuuhuoneeseen, mattavalkoinen-kamelinruskea LET229W10<\/p>\n","protected":false},"featured_media":0,"comment_status":"open","ping_status":"closed","template":"","meta":[],"product_brand":[],"product_cat":[32],"product_tag":[],"class_list":{"0":"post-33435","1":"product","2":"type-product","3":"status-publish","5":"product_cat-uncategorized-fi","7":"first","8":"instock","9":"shipping-taxable","10":"purchasable","11":"product-type-simple"},"_links":{"self":[{"href":"https:\/\/nordicmart.andreevmaster.com\/fi\/wp-json\/wp\/v2\/product\/33435","targetHints":{"allow":["GET"]}}],"collection":[{"href":"https:\/\/nordicmart.andreevmaster.com\/fi\/wp-json\/wp\/v2\/product"}],"about":[{"href":"https:\/\/nordicmart.andreevmaster.com\/fi\/wp-json\/wp\/v2\/types\/product"}],"replies":[{"embeddable":true,"href":"https:\/\/nordicmart.andreevmaster.com\/fi\/wp-json\/wp\/v2\/comments?post=33435"}],"wp:attachment":[{"href":"https:\/\/nordicmart.andreevmaster.com\/fi\/wp-json\/wp\/v2\/media?parent=33435"}],"wp:term":[{"taxonomy":"product_brand","embeddable":true,"href":"https:\/\/nordicmart.andreevmaster.com\/fi\/wp-json\/wp\/v2\/product_brand?post=33435"},{"taxonomy":"product_cat","embeddable":true,"href":"https:\/\/nordicmart.andreevmaster.com\/fi\/wp-json\/wp\/v2\/product_cat?post=33435"},{"taxonomy":"product_tag","embeddable":true,"href":"https:\/\/nordicmart.andreevmaster.com\/fi\/wp-json\/wp\/v2\/product_tag?post=33435"}],"curies":[{"name":"wp","href":"https:\/\/api.w.org\/{rel}","templated":true}]}}