{"id":33431,"date":"2026-02-27T00:21:18","date_gmt":"2026-02-27T00:21:18","guid":{"rendered":"https:\/\/nordicmart.andreevmaster.com\/product\/vasagle-sivupoyta-latausasemalla-ja-pistorasialla-eebenpuunmusta-liuskekiviharmaa\/"},"modified":"2026-02-27T09:42:08","modified_gmt":"2026-02-27T09:42:08","slug":"vasagle-sivupoyta-latausasemalla-ja-pistorasialla-eebenpuunmusta-liuskekiviharmaa","status":"publish","type":"product","link":"https:\/\/nordicmart.andreevmaster.com\/fi\/tuote\/vasagle-sivupoyta-latausasemalla-ja-pistorasialla-eebenpuunmusta-liuskekiviharmaa\/","title":{"rendered":"VASAGLE sivup\u00f6yt\u00e4 latausasemalla ja pistorasialla, eebenpuunmusta-liuskekiviharmaa"},"content":{"rendered":"<p>VASAGLE py\u00f6re\u00e4 sivup\u00f6yt\u00e4, pieni p\u00f6yt\u00e4, sohvap\u00f6yt\u00e4 pistorasialla, olohuoneen p\u00f6yt\u00e4, kangaskori, s\u00e4ilytystila olohuoneeseen ja makuuhuoneeseen, moderni y\u00f6p\u00f6yt\u00e4<br \/>\nV\u00e4ri: eebenpuunmusta-liuskekivi<br \/>\nMateriaali: lastulevy, ter\u00e4s, polyesterikangas<br \/>\nSivup\u00f6yd\u00e4n koko: 45 x 50 cm (\u00d8 x K)<br \/>\nKangaskorin koko: 39,6 x 18,2 cm (\u00d8 x H)<br \/>\nKokonaispaino: 4,4 kg<br \/>\nP\u00f6yt\u00e4levyn maks. staattinen kantavuus: 35 kg<\/p>\n","protected":false},"excerpt":{"rendered":"<p>VASAGLE py\u00f6re\u00e4 sivup\u00f6yt\u00e4, pieni p\u00f6yt\u00e4, sohvap\u00f6yt\u00e4 pistorasialla, olohuoneen p\u00f6yt\u00e4, kangaskori, s\u00e4ilytystila olohuoneeseen ja makuuhuoneeseen, moderni y\u00f6p\u00f6yt\u00e4<\/p>\n","protected":false},"featured_media":0,"comment_status":"open","ping_status":"closed","template":"","meta":[],"product_brand":[],"product_cat":[32],"product_tag":[],"class_list":{"0":"post-33431","1":"product","2":"type-product","3":"status-publish","5":"product_cat-uncategorized-fi","7":"first","8":"instock","9":"shipping-taxable","10":"purchasable","11":"product-type-simple"},"_links":{"self":[{"href":"https:\/\/nordicmart.andreevmaster.com\/fi\/wp-json\/wp\/v2\/product\/33431","targetHints":{"allow":["GET"]}}],"collection":[{"href":"https:\/\/nordicmart.andreevmaster.com\/fi\/wp-json\/wp\/v2\/product"}],"about":[{"href":"https:\/\/nordicmart.andreevmaster.com\/fi\/wp-json\/wp\/v2\/types\/product"}],"replies":[{"embeddable":true,"href":"https:\/\/nordicmart.andreevmaster.com\/fi\/wp-json\/wp\/v2\/comments?post=33431"}],"wp:attachment":[{"href":"https:\/\/nordicmart.andreevmaster.com\/fi\/wp-json\/wp\/v2\/media?parent=33431"}],"wp:term":[{"taxonomy":"product_brand","embeddable":true,"href":"https:\/\/nordicmart.andreevmaster.com\/fi\/wp-json\/wp\/v2\/product_brand?post=33431"},{"taxonomy":"product_cat","embeddable":true,"href":"https:\/\/nordicmart.andreevmaster.com\/fi\/wp-json\/wp\/v2\/product_cat?post=33431"},{"taxonomy":"product_tag","embeddable":true,"href":"https:\/\/nordicmart.andreevmaster.com\/fi\/wp-json\/wp\/v2\/product_tag?post=33431"}],"curies":[{"name":"wp","href":"https:\/\/api.w.org\/{rel}","templated":true}]}}