{"id":33415,"date":"2026-02-27T00:21:14","date_gmt":"2026-02-27T00:21:14","guid":{"rendered":"https:\/\/nordicmart.andreevmaster.com\/product\/vasagle-sivupoydat-2-kpl-hunajanruskea-musta\/"},"modified":"2026-02-27T09:42:05","modified_gmt":"2026-02-27T09:42:05","slug":"vasagle-sivupoydat-2-kpl-hunajanruskea-musta","status":"publish","type":"product","link":"https:\/\/nordicmart.andreevmaster.com\/fi\/tuote\/vasagle-sivupoydat-2-kpl-hunajanruskea-musta\/","title":{"rendered":"VASAGLE sivup\u00f6yd\u00e4t, 2 kpl, hunajanruskea-musta"},"content":{"rendered":"<p>Tuotetiedot: &#8211; V\u00e4ri: hunajanruskea-musta &#8211; Materiaali: lastulevy, ter\u00e4s &#8211; Koko per p\u00f6yt\u00e4: 34 x 29 x 58 cm (P x L x K) &#8211; Paino per p\u00f6yt\u00e4: 2,7 kg &#8211; Pinnan maks. staattinen kantavuus: 20 kg &#8211; Hyllyn maks. staattinen kantavuus: 5 kg&nbsp;Toimitus sis\u00e4lt\u00e4\u00e4:- 2 x sivup\u00f6yt\u00e4 &#8211; 1 x lis\u00e4varustepaketti &#8211; 1 x ohjeet (DE, EN, ES, FR, IT)&nbsp;VASAGLE-ohjeet:- Turvallisuussyist\u00e4 lapset eiv\u00e4t saa kiivet\u00e4 tuotteelle tai leikki\u00e4 sill\u00e4.<\/p>\n","protected":false},"excerpt":{"rendered":"<p>VASAGLE sivup\u00f6yt\u00e4setti, 2 kappaletta y\u00f6p\u00f6yti\u00e4, pienet sohvap\u00f6yd\u00e4t, makuuhuone, olohuone, helppo asentaa, tukeva, ter\u00e4srunko, teollinen tyyli, hunajanruskea-musta LET201B15<\/p>\n","protected":false},"featured_media":42252,"comment_status":"open","ping_status":"closed","template":"","meta":[],"product_brand":[],"product_cat":[32],"product_tag":[],"class_list":{"0":"post-33415","1":"product","2":"type-product","3":"status-publish","4":"has-post-thumbnail","6":"product_cat-uncategorized-fi","8":"first","9":"instock","10":"shipping-taxable","11":"purchasable","12":"product-type-simple"},"_links":{"self":[{"href":"https:\/\/nordicmart.andreevmaster.com\/fi\/wp-json\/wp\/v2\/product\/33415","targetHints":{"allow":["GET"]}}],"collection":[{"href":"https:\/\/nordicmart.andreevmaster.com\/fi\/wp-json\/wp\/v2\/product"}],"about":[{"href":"https:\/\/nordicmart.andreevmaster.com\/fi\/wp-json\/wp\/v2\/types\/product"}],"replies":[{"embeddable":true,"href":"https:\/\/nordicmart.andreevmaster.com\/fi\/wp-json\/wp\/v2\/comments?post=33415"}],"wp:featuredmedia":[{"embeddable":true,"href":"https:\/\/nordicmart.andreevmaster.com\/fi\/wp-json\/wp\/v2\/media\/42252"}],"wp:attachment":[{"href":"https:\/\/nordicmart.andreevmaster.com\/fi\/wp-json\/wp\/v2\/media?parent=33415"}],"wp:term":[{"taxonomy":"product_brand","embeddable":true,"href":"https:\/\/nordicmart.andreevmaster.com\/fi\/wp-json\/wp\/v2\/product_brand?post=33415"},{"taxonomy":"product_cat","embeddable":true,"href":"https:\/\/nordicmart.andreevmaster.com\/fi\/wp-json\/wp\/v2\/product_cat?post=33415"},{"taxonomy":"product_tag","embeddable":true,"href":"https:\/\/nordicmart.andreevmaster.com\/fi\/wp-json\/wp\/v2\/product_tag?post=33415"}],"curies":[{"name":"wp","href":"https:\/\/api.w.org\/{rel}","templated":true}]}}