{"id":33413,"date":"2026-02-27T00:21:14","date_gmt":"2026-02-27T00:21:14","guid":{"rendered":"https:\/\/nordicmart.andreevmaster.com\/product\/vasagle-sivupoydat-vintage-ruskea-musta\/"},"modified":"2026-02-27T09:42:04","modified_gmt":"2026-02-27T09:42:04","slug":"vasagle-sivupoydat-vintage-ruskea-musta","status":"publish","type":"product","link":"https:\/\/nordicmart.andreevmaster.com\/fi\/tuote\/vasagle-sivupoydat-vintage-ruskea-musta\/","title":{"rendered":"VASAGLE sivup\u00f6yd\u00e4t vintage-ruskea-musta"},"content":{"rendered":"<p>Kuinka voit nukkua paremmin? Kirjat ovat hajallaan s\u00e4ngyll\u00e4, tabletti tyynyn alla ja et l\u00f6yd\u00e4 kaukos\u00e4\u00e4dint\u00e4? S\u00e4ilyt\u00e4 tavarasi n\u00e4iden y\u00f6p\u00f6ytien pinnalla, niin y\u00f6si on sit\u00e4kin mukavampi. Kuinka voit sisustaa olohuoneesi mukavammaksi? Tapahtuuko sinulle usein, ett\u00e4 pienet tavarat katoavat yht\u00e4kki\u00e4 eik\u00e4 niit\u00e4 l\u00f6ydy mist\u00e4\u00e4n? \u00c4l\u00e4 huoli! N\u00e4m\u00e4 sivup\u00f6yd\u00e4t voivat auttaa sinua pulasta. Aseta n\u00e4m\u00e4 p\u00f6yd\u00e4t, joissa on kummassakin 2 s\u00e4ilytystasoa, oikeaan paikkaan ja laita kaukos\u00e4\u00e4din, puhelin, kyn\u00e4 tai avaimet niiden p\u00e4\u00e4lle. Tuotetiedot:- V\u00e4ri: vintage-ruskea-musta &#8211; Materiaali: lastulevy, muovijalat &#8211; Koko per p\u00f6yt\u00e4: 34 x 34 x 50 cm (P x L x K) &#8211; Kokonaispaino: 5,8 kg &#8211; Maks. staattinen kantavuus per p\u00f6yt\u00e4: 5 kg Toimitus sis\u00e4lt\u00e4\u00e4:- 2 x sivup\u00f6yt\u00e4 &#8211; 2 x lis\u00e4varustepaketti &#8211; 1 x ohjeet (DE, EN, ES, FR, IT) VASAGLE-ohjeet: &#8211; Turvallisuussyist\u00e4 lapset eiv\u00e4t saa kiivet\u00e4 tuotteelle tai leikki\u00e4 sill\u00e4.<\/p>\n","protected":false},"excerpt":{"rendered":"<p>VASAGLE sivup\u00f6yd\u00e4t, sohvap\u00f6yd\u00e4t, 2 kpl, kahdikerroksiset, tukeva, makuuhuoneeseen, olohuoneeseen, toimistoon, 34 x 34 x 50 cm, vintage-ruskea-musta LET181X01<\/p>\n","protected":false},"featured_media":42250,"comment_status":"open","ping_status":"closed","template":"","meta":[],"product_brand":[],"product_cat":[32],"product_tag":[],"class_list":{"0":"post-33413","1":"product","2":"type-product","3":"status-publish","4":"has-post-thumbnail","6":"product_cat-uncategorized-fi","8":"first","9":"instock","10":"shipping-taxable","11":"purchasable","12":"product-type-simple"},"_links":{"self":[{"href":"https:\/\/nordicmart.andreevmaster.com\/fi\/wp-json\/wp\/v2\/product\/33413","targetHints":{"allow":["GET"]}}],"collection":[{"href":"https:\/\/nordicmart.andreevmaster.com\/fi\/wp-json\/wp\/v2\/product"}],"about":[{"href":"https:\/\/nordicmart.andreevmaster.com\/fi\/wp-json\/wp\/v2\/types\/product"}],"replies":[{"embeddable":true,"href":"https:\/\/nordicmart.andreevmaster.com\/fi\/wp-json\/wp\/v2\/comments?post=33413"}],"wp:featuredmedia":[{"embeddable":true,"href":"https:\/\/nordicmart.andreevmaster.com\/fi\/wp-json\/wp\/v2\/media\/42250"}],"wp:attachment":[{"href":"https:\/\/nordicmart.andreevmaster.com\/fi\/wp-json\/wp\/v2\/media?parent=33413"}],"wp:term":[{"taxonomy":"product_brand","embeddable":true,"href":"https:\/\/nordicmart.andreevmaster.com\/fi\/wp-json\/wp\/v2\/product_brand?post=33413"},{"taxonomy":"product_cat","embeddable":true,"href":"https:\/\/nordicmart.andreevmaster.com\/fi\/wp-json\/wp\/v2\/product_cat?post=33413"},{"taxonomy":"product_tag","embeddable":true,"href":"https:\/\/nordicmart.andreevmaster.com\/fi\/wp-json\/wp\/v2\/product_tag?post=33413"}],"curies":[{"name":"wp","href":"https:\/\/api.w.org\/{rel}","templated":true}]}}