{"id":33411,"date":"2026-02-27T00:21:13","date_gmt":"2026-02-27T00:21:13","guid":{"rendered":"https:\/\/nordicmart.andreevmaster.com\/product\/vasagle-sivupoyta-kolonialtyylinen-raidallinen-valkoinen\/"},"modified":"2026-02-27T09:42:04","modified_gmt":"2026-02-27T09:42:04","slug":"vasagle-sivupoyta-kolonialtyylinen-raidallinen-valkoinen","status":"publish","type":"product","link":"https:\/\/nordicmart.andreevmaster.com\/fi\/tuote\/vasagle-sivupoyta-kolonialtyylinen-raidallinen-valkoinen\/","title":{"rendered":"VASAGLE sivup\u00f6yt\u00e4 kolonialtyylinen raidallinen valkoinen"},"content":{"rendered":"<p>P\u00e4ivit\u00e4 kotisi Hanki t\u00e4m\u00e4 tyylik\u00e4s sivup\u00f6yt\u00e4 ja t\u00e4yt\u00e4 kotisi el\u00e4m\u00e4ll\u00e4. Voit sijoittaa sen minne haluat \u2013 olohuoneen sohvan viereen, toimiston ty\u00f6p\u00f6yd\u00e4n viereen tai mihin tahansa, miss\u00e4 tarvitset k\u00e4yt\u00e4nn\u00f6llist\u00e4 ja tyylik\u00e4st\u00e4 s\u00e4ilytystilaa.Menestyksen avain on yksityiskohdissa V\u00e4rillinen hylly ja tukevat massiivipuujalat erottavat t\u00e4m\u00e4n sohvap\u00f6yd\u00e4n tylsist\u00e4 p\u00f6ydist\u00e4. Lis\u00e4ksi se erottuu edukseen vesipohjaisella lakalla, ainutlaatuisella muotoilulla ja helpolla asennuksella. \u00c4l\u00e4 missaa t\u00e4t\u00e4 korkealaatuista mutta edullista sivup\u00f6yt\u00e4\u00e4. Tuotetiedot: &#8211; V\u00e4ri: valkoinen, v\u00e4rikk\u00e4ill\u00e4 raidoilla &#8211; Materiaali: keskitihe\u00e4 kuitulevy (MDF), koivuvaneri, Schima Superba (jalat) &#8211; Mitat: 45 x 50 x 66 cm (P x L x K) &#8211; Paino: 8 kg &#8211; P\u00f6yt\u00e4levyn enimm\u00e4iskuormitus: 40 kg &#8211; Hyllyn enimm\u00e4iskuormitus: 20 kgToimitus sis\u00e4lt\u00e4\u00e4: &#8211; 1 x sivup\u00f6yt\u00e4 &#8211; 1 x ohjeet (DE, EN, FR, ES, IT)VASAGLE Huomautukset: &#8211; \u00c4l\u00e4 istu tai seiso tuotteen p\u00e4\u00e4ll\u00e4. &#8211; \u00c4l\u00e4 s\u00e4ilyt\u00e4 tuotetta pitk\u00e4\u00e4n ulkona. &#8211; Tuote ei saa joutua kosketuksiin ter\u00e4vien esineiden tai aggressiivisten kemiallisten aineiden kanssa, jotta se ei vahingoitu.<\/p>\n","protected":false},"excerpt":{"rendered":"<p>VASAGLE sivup\u00f6yt\u00e4 v\u00e4rikk\u00e4\u00e4ll\u00e4 laatikolla, pieni olohuoneen p\u00f6yt\u00e4 s\u00e4ilytystilalla, massiivipuujalat, sohvap\u00f6yt\u00e4 olohuoneeseen, helppo asentaa, kolonialistinen tyyli, tummanruskea LET17GL<\/p>\n","protected":false},"featured_media":42248,"comment_status":"open","ping_status":"closed","template":"","meta":[],"product_brand":[],"product_cat":[32],"product_tag":[],"class_list":{"0":"post-33411","1":"product","2":"type-product","3":"status-publish","4":"has-post-thumbnail","6":"product_cat-uncategorized-fi","8":"first","9":"instock","10":"shipping-taxable","11":"purchasable","12":"product-type-simple"},"_links":{"self":[{"href":"https:\/\/nordicmart.andreevmaster.com\/fi\/wp-json\/wp\/v2\/product\/33411","targetHints":{"allow":["GET"]}}],"collection":[{"href":"https:\/\/nordicmart.andreevmaster.com\/fi\/wp-json\/wp\/v2\/product"}],"about":[{"href":"https:\/\/nordicmart.andreevmaster.com\/fi\/wp-json\/wp\/v2\/types\/product"}],"replies":[{"embeddable":true,"href":"https:\/\/nordicmart.andreevmaster.com\/fi\/wp-json\/wp\/v2\/comments?post=33411"}],"wp:featuredmedia":[{"embeddable":true,"href":"https:\/\/nordicmart.andreevmaster.com\/fi\/wp-json\/wp\/v2\/media\/42248"}],"wp:attachment":[{"href":"https:\/\/nordicmart.andreevmaster.com\/fi\/wp-json\/wp\/v2\/media?parent=33411"}],"wp:term":[{"taxonomy":"product_brand","embeddable":true,"href":"https:\/\/nordicmart.andreevmaster.com\/fi\/wp-json\/wp\/v2\/product_brand?post=33411"},{"taxonomy":"product_cat","embeddable":true,"href":"https:\/\/nordicmart.andreevmaster.com\/fi\/wp-json\/wp\/v2\/product_cat?post=33411"},{"taxonomy":"product_tag","embeddable":true,"href":"https:\/\/nordicmart.andreevmaster.com\/fi\/wp-json\/wp\/v2\/product_tag?post=33411"}],"curies":[{"name":"wp","href":"https:\/\/api.w.org\/{rel}","templated":true}]}}