{"id":33410,"date":"2026-02-27T00:21:13","date_gmt":"2026-02-27T00:21:13","guid":{"rendered":"https:\/\/nordicmart.andreevmaster.com\/product\/vasagle-kolonialtyylinen-yopoyta\/"},"modified":"2026-02-27T09:42:04","modified_gmt":"2026-02-27T09:42:04","slug":"vasagle-kolonialtyylinen-yopoyta","status":"publish","type":"product","link":"https:\/\/nordicmart.andreevmaster.com\/fi\/tuote\/vasagle-kolonialtyylinen-yopoyta\/","title":{"rendered":"VASAGLE kolonialtyylinen y\u00f6p\u00f6yt\u00e4"},"content":{"rendered":"<p>Tervetuloa kotiisi t\u00e4m\u00e4 kaunis sivup\u00f6yt\u00e4. Mihin sijoitat sen, se n\u00e4ytt\u00e4\u00e4 hyv\u00e4lt\u00e4 olohuoneessasi sohvan vieress\u00e4, toimistossasi ty\u00f6p\u00f6yd\u00e4n vieress\u00e4 tai miss\u00e4 tahansa, miss\u00e4 tarvitset tyylikk\u00e4\u00e4n ja toimivan korostuksen. Yksityiskohdat ratkaisevat T\u00e4m\u00e4n sivup\u00f6yd\u00e4n ainutlaatuiset, v\u00e4rikk\u00e4\u00e4t hyllyt yhdistettyn\u00e4 kest\u00e4v\u00e4\u00e4n massiivipuujalkaan tekev\u00e4t p\u00f6yd\u00e4st\u00e4 todella erottuvan. N\u00e4m\u00e4 ominaisuudet yhdess\u00e4 vesipohjaisen maalin, helpon asennuksen ja ainutlaatuisen muotoilun kanssa antavat sinulle korkealaatuisen p\u00f6yd\u00e4n edulliseen hintaan. Tekniset tiedot: &#8211; V\u00e4ri: ruskea, v\u00e4rikk\u00e4ill\u00e4 raidoilla &#8211; Materiaali: MDF (keskitihe\u00e4 kuitulevy), koivuvaneri, Schima superba -jalat &#8211; Tuotteen koko: 45 x 50 x 68 cm &#8211; Tuotteen paino: 10,9 kg &#8211; P\u00f6yd\u00e4n enimm\u00e4iskuormitus: 40 kg &#8211; Pohjalla olevan lokeron enimm\u00e4iskuormitus: 44 lb (20 kg) pakkauksen sis\u00e4lt\u00f6: &#8211; 1 x sivup\u00f6yt\u00e4 &#8211; 1 x ohjeet vasagle-ohjeet: &#8211; \u00e4l\u00e4 istu tai seiso tuotteen p\u00e4\u00e4ll\u00e4 &#8211; \u00e4l\u00e4 j\u00e4t\u00e4 tuotetta ulos pitk\u00e4ksi aikaa &#8211; \u00e4l\u00e4 kosketa ter\u00e4vill\u00e4 esineill\u00e4 tai altista sy\u00f6vytt\u00e4ville kemikaaleille, koska ne voivat vahingoittaa laitetta&#8230;<\/p>\n","protected":false},"excerpt":{"rendered":"<p>VASAGLE sivup\u00f6yt\u00e4 v\u00e4rikk\u00e4\u00e4ll\u00e4 laatikolla, pieni olohuoneen p\u00f6yt\u00e4 s\u00e4ilytystilalla, massiivipuujalat, sohvap\u00f6yt\u00e4 olohuoneeseen, helppo asentaa, kolonialistinen tyyli, tummanruskea LET17GL<\/p>\n","protected":false},"featured_media":42247,"comment_status":"open","ping_status":"closed","template":"","meta":[],"product_brand":[],"product_cat":[32],"product_tag":[],"class_list":{"0":"post-33410","1":"product","2":"type-product","3":"status-publish","4":"has-post-thumbnail","6":"product_cat-uncategorized-fi","8":"first","9":"instock","10":"shipping-taxable","11":"purchasable","12":"product-type-simple"},"_links":{"self":[{"href":"https:\/\/nordicmart.andreevmaster.com\/fi\/wp-json\/wp\/v2\/product\/33410","targetHints":{"allow":["GET"]}}],"collection":[{"href":"https:\/\/nordicmart.andreevmaster.com\/fi\/wp-json\/wp\/v2\/product"}],"about":[{"href":"https:\/\/nordicmart.andreevmaster.com\/fi\/wp-json\/wp\/v2\/types\/product"}],"replies":[{"embeddable":true,"href":"https:\/\/nordicmart.andreevmaster.com\/fi\/wp-json\/wp\/v2\/comments?post=33410"}],"wp:featuredmedia":[{"embeddable":true,"href":"https:\/\/nordicmart.andreevmaster.com\/fi\/wp-json\/wp\/v2\/media\/42247"}],"wp:attachment":[{"href":"https:\/\/nordicmart.andreevmaster.com\/fi\/wp-json\/wp\/v2\/media?parent=33410"}],"wp:term":[{"taxonomy":"product_brand","embeddable":true,"href":"https:\/\/nordicmart.andreevmaster.com\/fi\/wp-json\/wp\/v2\/product_brand?post=33410"},{"taxonomy":"product_cat","embeddable":true,"href":"https:\/\/nordicmart.andreevmaster.com\/fi\/wp-json\/wp\/v2\/product_cat?post=33410"},{"taxonomy":"product_tag","embeddable":true,"href":"https:\/\/nordicmart.andreevmaster.com\/fi\/wp-json\/wp\/v2\/product_tag?post=33410"}],"curies":[{"name":"wp","href":"https:\/\/api.w.org\/{rel}","templated":true}]}}