{"id":33409,"date":"2026-02-27T00:21:13","date_gmt":"2026-02-27T00:21:13","guid":{"rendered":"https:\/\/nordicmart.andreevmaster.com\/product\/vasagle-yopoyta-vintage-ruskea\/"},"modified":"2026-02-27T09:42:04","modified_gmt":"2026-02-27T09:42:04","slug":"vasagle-yopoyta-vintage-ruskea","status":"publish","type":"product","link":"https:\/\/nordicmart.andreevmaster.com\/fi\/tuote\/vasagle-yopoyta-vintage-ruskea\/","title":{"rendered":"VASAGLE y\u00f6p\u00f6yt\u00e4, vintage-ruskea"},"content":{"rendered":"<p>El\u00e4v\u00f6it\u00e4 makuuhuoneesi Vaikka makuuhuone on yksityinen tila, sen sisustus ei saisi olla tyls\u00e4. Vintage-ruskeiden lautojen ja kulmikkaiden jalkojen yhdistelm\u00e4 antaa t\u00e4lle y\u00f6p\u00f6yd\u00e4lle vieh\u00e4tt\u00e4v\u00e4n charmin. Tee olosi mukavaksi Lamppu p\u00f6yd\u00e4n p\u00e4\u00e4lle, silm\u00e4lasit ja suosikkikirjasi laatikkoon \u2013 kaikki l\u00f6yt\u00e4\u00e4 paikkansa. T\u00e4m\u00e4n y\u00f6p\u00f6yd\u00e4n avulla unesi on entist\u00e4kin suloisempi. Tai aseta se sohvan viereen ja laita v\u00e4lipaloja ja juomia valmiiksi viihtyis\u00e4\u00e4 iltap\u00e4iv\u00e4\u00e4 varten. Tuotetiedot: &#8211; V\u00e4ri: vintage-ruskea &#8211; Materiaali: lastulevy, m\u00e4nty &#8211; Koko: 48 x 40 x 55,5 cm (P x L x K) &#8211; Paino: 8,9 kg &#8211; Pinnan maks. staattinen kantavuus: 15 kg Toimitus sis\u00e4lt\u00e4\u00e4:- 1 x y\u00f6p\u00f6yt\u00e4 &#8211; 1 x lis\u00e4varustepaketti &#8211; 1 x ohjeet (DE, EN, ES, FR, IT) VASAGLE-ohjeet: &#8211; Turvallisuussyist\u00e4 lapset eiv\u00e4t saa kiivet\u00e4 tuotteelle tai leikki\u00e4 sill\u00e4.<\/p>\n","protected":false},"excerpt":{"rendered":"<p>VASAGLE y\u00f6p\u00f6yt\u00e4, sivup\u00f6yt\u00e4, sohvap\u00f6yt\u00e4, jossa laatikko ja viistot jalat, vintage-tyyli, vintage-ruskea LET176B01<\/p>\n","protected":false},"featured_media":42246,"comment_status":"open","ping_status":"closed","template":"","meta":[],"product_brand":[],"product_cat":[32],"product_tag":[],"class_list":{"0":"post-33409","1":"product","2":"type-product","3":"status-publish","4":"has-post-thumbnail","6":"product_cat-uncategorized-fi","8":"first","9":"instock","10":"shipping-taxable","11":"purchasable","12":"product-type-simple"},"_links":{"self":[{"href":"https:\/\/nordicmart.andreevmaster.com\/fi\/wp-json\/wp\/v2\/product\/33409","targetHints":{"allow":["GET"]}}],"collection":[{"href":"https:\/\/nordicmart.andreevmaster.com\/fi\/wp-json\/wp\/v2\/product"}],"about":[{"href":"https:\/\/nordicmart.andreevmaster.com\/fi\/wp-json\/wp\/v2\/types\/product"}],"replies":[{"embeddable":true,"href":"https:\/\/nordicmart.andreevmaster.com\/fi\/wp-json\/wp\/v2\/comments?post=33409"}],"wp:featuredmedia":[{"embeddable":true,"href":"https:\/\/nordicmart.andreevmaster.com\/fi\/wp-json\/wp\/v2\/media\/42246"}],"wp:attachment":[{"href":"https:\/\/nordicmart.andreevmaster.com\/fi\/wp-json\/wp\/v2\/media?parent=33409"}],"wp:term":[{"taxonomy":"product_brand","embeddable":true,"href":"https:\/\/nordicmart.andreevmaster.com\/fi\/wp-json\/wp\/v2\/product_brand?post=33409"},{"taxonomy":"product_cat","embeddable":true,"href":"https:\/\/nordicmart.andreevmaster.com\/fi\/wp-json\/wp\/v2\/product_cat?post=33409"},{"taxonomy":"product_tag","embeddable":true,"href":"https:\/\/nordicmart.andreevmaster.com\/fi\/wp-json\/wp\/v2\/product_tag?post=33409"}],"curies":[{"name":"wp","href":"https:\/\/api.w.org\/{rel}","templated":true}]}}