{"id":33405,"date":"2026-02-27T00:21:12","date_gmt":"2026-02-27T00:21:12","guid":{"rendered":"https:\/\/nordicmart.andreevmaster.com\/product\/vasagle-yopoyta-2-kpl-led-valaistus-ja-3-laatikkoa-musta\/"},"modified":"2026-02-27T09:42:03","modified_gmt":"2026-02-27T09:42:03","slug":"vasagle-yopoyta-2-kpl-led-valaistus-ja-3-laatikkoa-musta","status":"publish","type":"product","link":"https:\/\/nordicmart.andreevmaster.com\/fi\/tuote\/vasagle-yopoyta-2-kpl-led-valaistus-ja-3-laatikkoa-musta\/","title":{"rendered":"VASAGLE Y\u00f6p\u00f6yt\u00e4 2 kpl, LED-valaistus ja 3 laatikkoa, musta"},"content":{"rendered":"<p>VASAGLE Y\u00f6p\u00f6yt\u00e4 LED-valaistuksella, 2 kpl, sivup\u00f6yt\u00e4, s\u00e4\u00e4dett\u00e4v\u00e4t v\u00e4rit, sohvap\u00f6yt\u00e4 3 laatikkoa, y\u00f6p\u00f6yt\u00e4 makuuhuoneeseen, moderni, 35 x 40 x 55 cm, musta puuviilulla LET0830B01<br \/>\nV\u00e4ri: musta puukuviolla<br \/>\nMateriaali: puulastulevy<br \/>\nKoko: 35 x 40 x 55 cm (S x L x K)<br \/>\nPaino: 15,4 kg<br \/>\nYlimm\u00e4n laatikon maks. staattinen kantavuus: 2,3 kg<br \/>\nAlemman laatikon maks. staattinen kantavuus: 3,4 kg<br \/>\nSuurin staattinen kantavuus yhteens\u00e4: 110 kg<\/p>\n","protected":false},"excerpt":{"rendered":"<p>VASAGLE Y\u00f6p\u00f6yt\u00e4 LED-valaistuksella, 2 kpl, sivup\u00f6yt\u00e4, s\u00e4\u00e4dett\u00e4v\u00e4t v\u00e4rit, sohvap\u00f6yt\u00e4 3 laatikkoa, y\u00f6p\u00f6yt\u00e4 makuuhuoneeseen, moderni, 35 x 40 x 55 cm, musta puuviilulla LET0830B01<\/p>\n","protected":false},"featured_media":42242,"comment_status":"open","ping_status":"closed","template":"","meta":[],"product_brand":[],"product_cat":[32],"product_tag":[],"class_list":{"0":"post-33405","1":"product","2":"type-product","3":"status-publish","4":"has-post-thumbnail","6":"product_cat-uncategorized-fi","8":"first","9":"instock","10":"shipping-taxable","11":"purchasable","12":"product-type-simple"},"_links":{"self":[{"href":"https:\/\/nordicmart.andreevmaster.com\/fi\/wp-json\/wp\/v2\/product\/33405","targetHints":{"allow":["GET"]}}],"collection":[{"href":"https:\/\/nordicmart.andreevmaster.com\/fi\/wp-json\/wp\/v2\/product"}],"about":[{"href":"https:\/\/nordicmart.andreevmaster.com\/fi\/wp-json\/wp\/v2\/types\/product"}],"replies":[{"embeddable":true,"href":"https:\/\/nordicmart.andreevmaster.com\/fi\/wp-json\/wp\/v2\/comments?post=33405"}],"wp:featuredmedia":[{"embeddable":true,"href":"https:\/\/nordicmart.andreevmaster.com\/fi\/wp-json\/wp\/v2\/media\/42242"}],"wp:attachment":[{"href":"https:\/\/nordicmart.andreevmaster.com\/fi\/wp-json\/wp\/v2\/media?parent=33405"}],"wp:term":[{"taxonomy":"product_brand","embeddable":true,"href":"https:\/\/nordicmart.andreevmaster.com\/fi\/wp-json\/wp\/v2\/product_brand?post=33405"},{"taxonomy":"product_cat","embeddable":true,"href":"https:\/\/nordicmart.andreevmaster.com\/fi\/wp-json\/wp\/v2\/product_cat?post=33405"},{"taxonomy":"product_tag","embeddable":true,"href":"https:\/\/nordicmart.andreevmaster.com\/fi\/wp-json\/wp\/v2\/product_tag?post=33405"}],"curies":[{"name":"wp","href":"https:\/\/api.w.org\/{rel}","templated":true}]}}