{"id":33404,"date":"2026-02-27T00:21:11","date_gmt":"2026-02-27T00:21:11","guid":{"rendered":"https:\/\/nordicmart.andreevmaster.com\/product\/songmics-2-pyoreaa-sivupoytaa\/"},"modified":"2026-02-27T09:42:03","modified_gmt":"2026-02-27T09:42:03","slug":"songmics-2-pyoreaa-sivupoytaa","status":"publish","type":"product","link":"https:\/\/nordicmart.andreevmaster.com\/fi\/tuote\/songmics-2-pyoreaa-sivupoytaa\/","title":{"rendered":"SONGMICS 2 py\u00f6re\u00e4\u00e4 sivup\u00f6yt\u00e4\u00e4"},"content":{"rendered":"<p>Yhdist\u00e4\u00e4 k\u00e4yt\u00e4nn\u00f6llisyyden ja kauneuden Verrattuna perinteiseen pitk\u00e4\u00e4n sivup\u00f6yt\u00e4\u00e4n, voit her\u00e4tt\u00e4\u00e4 kotisi eloon n\u00e4ytt\u00e4v\u00e4ll\u00e4 skandinaavisella py\u00f6re\u00e4ll\u00e4 p\u00f6yd\u00e4ll\u00e4. Skandinaavinen tyyli on selke\u00e4 ja elegantti, ja se on saanut inspiraationsa luonnosta ja rakkaudesta yksinkertaisuuteen. Py\u00f6re\u00e4 p\u00f6yt\u00e4 onkin modernin yksinkertainen muotoilultaan. Elegantti, yksinkertainen, tyylik\u00e4s. Toimitus sis\u00e4lt\u00e4\u00e4: 2 x p\u00f6yt\u00e4 1 x kiinnityspussi 1 x ohjeet Huomautukset: V\u00e4lt\u00e4 asettamasta liian painavia esineit\u00e4 p\u00f6yd\u00e4n p\u00e4\u00e4lle. \u00c4l\u00e4 istu p\u00f6yd\u00e4n p\u00e4\u00e4ll\u00e4!<\/p>\n","protected":false},"excerpt":{"rendered":"<p>SONGMICS 2 kpl sivup\u00f6yt\u00e4, valkoinen olohuoneen p\u00f6yt\u00e4, py\u00f6re\u00e4 sivup\u00f6yt\u00e4, skandinaaviset sohvap\u00f6yd\u00e4t, puu, luonnonv\u00e4ri LET07WN, iso (45 x 45 x 50 cm), pieni (35 x 35 x 35 cm)<\/p>\n","protected":false},"featured_media":42241,"comment_status":"open","ping_status":"closed","template":"","meta":[],"product_brand":[],"product_cat":[32],"product_tag":[],"class_list":{"0":"post-33404","1":"product","2":"type-product","3":"status-publish","4":"has-post-thumbnail","6":"product_cat-uncategorized-fi","8":"first","9":"instock","10":"shipping-taxable","11":"purchasable","12":"product-type-simple"},"_links":{"self":[{"href":"https:\/\/nordicmart.andreevmaster.com\/fi\/wp-json\/wp\/v2\/product\/33404","targetHints":{"allow":["GET"]}}],"collection":[{"href":"https:\/\/nordicmart.andreevmaster.com\/fi\/wp-json\/wp\/v2\/product"}],"about":[{"href":"https:\/\/nordicmart.andreevmaster.com\/fi\/wp-json\/wp\/v2\/types\/product"}],"replies":[{"embeddable":true,"href":"https:\/\/nordicmart.andreevmaster.com\/fi\/wp-json\/wp\/v2\/comments?post=33404"}],"wp:featuredmedia":[{"embeddable":true,"href":"https:\/\/nordicmart.andreevmaster.com\/fi\/wp-json\/wp\/v2\/media\/42241"}],"wp:attachment":[{"href":"https:\/\/nordicmart.andreevmaster.com\/fi\/wp-json\/wp\/v2\/media?parent=33404"}],"wp:term":[{"taxonomy":"product_brand","embeddable":true,"href":"https:\/\/nordicmart.andreevmaster.com\/fi\/wp-json\/wp\/v2\/product_brand?post=33404"},{"taxonomy":"product_cat","embeddable":true,"href":"https:\/\/nordicmart.andreevmaster.com\/fi\/wp-json\/wp\/v2\/product_cat?post=33404"},{"taxonomy":"product_tag","embeddable":true,"href":"https:\/\/nordicmart.andreevmaster.com\/fi\/wp-json\/wp\/v2\/product_tag?post=33404"}],"curies":[{"name":"wp","href":"https:\/\/api.w.org\/{rel}","templated":true}]}}