{"id":33403,"date":"2026-02-27T00:21:11","date_gmt":"2026-02-27T00:21:11","guid":{"rendered":"https:\/\/nordicmart.andreevmaster.com\/product\/songmics-2-sivupoytaa-pyorea-teollinen-muotoilu\/"},"modified":"2026-02-27T09:42:02","modified_gmt":"2026-02-27T09:42:02","slug":"songmics-2-sivupoytaa-pyorea-teollinen-muotoilu","status":"publish","type":"product","link":"https:\/\/nordicmart.andreevmaster.com\/fi\/tuote\/songmics-2-sivupoytaa-pyorea-teollinen-muotoilu\/","title":{"rendered":"SONGMICS 2 sivup\u00f6yt\u00e4\u00e4, py\u00f6re\u00e4, teollinen muotoilu"},"content":{"rendered":"<p>Tuotetiedot: V\u00e4ri: tummanruskea\/vintage Materiaali: MDF, jalat m\u00e4ntypuuta Suuren p\u00f6yd\u00e4n koko: 45 x 50 cm (\u00d8 x H) Pienen p\u00f6yd\u00e4n koko: 34,5 x 35,5 cm (\u00d8 x H) Kokonaispaino: 4,25 kg Toimitus sis\u00e4lt\u00e4\u00e4: 2 x sohvap\u00f6yt\u00e4 1 x tarvikepussi 1 x ohjeet (DE, EN, FR, ES, IT) SONGMICS Huomautukset: \u00c4l\u00e4 j\u00e4t\u00e4 tuotetta pitk\u00e4ksi aikaa ulos. Se on tarkoitettu sis\u00e4k\u00e4ytt\u00f6\u00f6n. \u00c4l\u00e4 k\u00e4yt\u00e4 tuotetta kosteassa ymp\u00e4rist\u00f6ss\u00e4. Tuote ei saa joutua kosketuksiin ter\u00e4vien esineiden tai voimakkaiden kemikaalien kanssa, jotta se ei vahingoitu.<\/p>\n","protected":false},"excerpt":{"rendered":"<p>SONGMICS 2 kpl sivup\u00f6yt\u00e4, valkoinen olohuoneen p\u00f6yt\u00e4, py\u00f6re\u00e4 sivup\u00f6yt\u00e4, skandinaaviset sohvap\u00f6yd\u00e4t, puu, luonnonv\u00e4ri LET07WN, iso (45 x 45 x 50 cm), pieni (35 x 35 x 35 cm)<\/p>\n","protected":false},"featured_media":42240,"comment_status":"open","ping_status":"closed","template":"","meta":[],"product_brand":[],"product_cat":[32],"product_tag":[],"class_list":{"0":"post-33403","1":"product","2":"type-product","3":"status-publish","4":"has-post-thumbnail","6":"product_cat-uncategorized-fi","8":"first","9":"instock","10":"shipping-taxable","11":"purchasable","12":"product-type-simple"},"_links":{"self":[{"href":"https:\/\/nordicmart.andreevmaster.com\/fi\/wp-json\/wp\/v2\/product\/33403","targetHints":{"allow":["GET"]}}],"collection":[{"href":"https:\/\/nordicmart.andreevmaster.com\/fi\/wp-json\/wp\/v2\/product"}],"about":[{"href":"https:\/\/nordicmart.andreevmaster.com\/fi\/wp-json\/wp\/v2\/types\/product"}],"replies":[{"embeddable":true,"href":"https:\/\/nordicmart.andreevmaster.com\/fi\/wp-json\/wp\/v2\/comments?post=33403"}],"wp:featuredmedia":[{"embeddable":true,"href":"https:\/\/nordicmart.andreevmaster.com\/fi\/wp-json\/wp\/v2\/media\/42240"}],"wp:attachment":[{"href":"https:\/\/nordicmart.andreevmaster.com\/fi\/wp-json\/wp\/v2\/media?parent=33403"}],"wp:term":[{"taxonomy":"product_brand","embeddable":true,"href":"https:\/\/nordicmart.andreevmaster.com\/fi\/wp-json\/wp\/v2\/product_brand?post=33403"},{"taxonomy":"product_cat","embeddable":true,"href":"https:\/\/nordicmart.andreevmaster.com\/fi\/wp-json\/wp\/v2\/product_cat?post=33403"},{"taxonomy":"product_tag","embeddable":true,"href":"https:\/\/nordicmart.andreevmaster.com\/fi\/wp-json\/wp\/v2\/product_tag?post=33403"}],"curies":[{"name":"wp","href":"https:\/\/api.w.org\/{rel}","templated":true}]}}