{"id":33390,"date":"2026-02-27T00:21:08","date_gmt":"2026-02-27T00:21:08","guid":{"rendered":"https:\/\/nordicmart.andreevmaster.com\/product\/vasagle-sivupoyta-2-hyllya-terasrunko\/"},"modified":"2026-02-27T09:42:00","modified_gmt":"2026-02-27T09:42:00","slug":"vasagle-sivupoyta-2-hyllya-terasrunko","status":"publish","type":"product","link":"https:\/\/nordicmart.andreevmaster.com\/fi\/tuote\/vasagle-sivupoyta-2-hyllya-terasrunko\/","title":{"rendered":"VASAGLE sivup\u00f6yt\u00e4, 2 hylly\u00e4, ter\u00e4srunko"},"content":{"rendered":"<p>VASAGLE sivup\u00f6yt\u00e4, py\u00f6re\u00e4 sohvap\u00f6yt\u00e4, 2 hylly\u00e4, olohuone, makuuhuone, helppo koota, ter\u00e4srunko, teollinen muotoilu, p\u00e4hkin\u00e4nruskea-musta LET056B41<br \/>\nV\u00e4ri: p\u00e4hkin\u00e4nruskea-musta<br \/>\nMateriaali: lastulevy, ter\u00e4s<br \/>\nKoko: 55 x 55 cm (\u00d8 x K)<br \/>\nPaino: 5,6 kg<br \/>\nYl\u00e4hyllyn maks. staattinen kantavuus: 30 kg<br \/>\nAlimman hyllyn maks. staattinen kantavuus: 10 kg<\/p>\n","protected":false},"excerpt":{"rendered":"<p>VASAGLE sivup\u00f6yt\u00e4, py\u00f6re\u00e4 sohvap\u00f6yt\u00e4, 2 hylly\u00e4, olohuone, makuuhuone, helppo koota, ter\u00e4srunko, teollinen muotoilu, p\u00e4hkin\u00e4nruskea-musta LET056B41<\/p>\n","protected":false},"featured_media":42227,"comment_status":"open","ping_status":"closed","template":"","meta":[],"product_brand":[],"product_cat":[32],"product_tag":[],"class_list":{"0":"post-33390","1":"product","2":"type-product","3":"status-publish","4":"has-post-thumbnail","6":"product_cat-uncategorized-fi","8":"first","9":"instock","10":"shipping-taxable","11":"purchasable","12":"product-type-simple"},"_links":{"self":[{"href":"https:\/\/nordicmart.andreevmaster.com\/fi\/wp-json\/wp\/v2\/product\/33390","targetHints":{"allow":["GET"]}}],"collection":[{"href":"https:\/\/nordicmart.andreevmaster.com\/fi\/wp-json\/wp\/v2\/product"}],"about":[{"href":"https:\/\/nordicmart.andreevmaster.com\/fi\/wp-json\/wp\/v2\/types\/product"}],"replies":[{"embeddable":true,"href":"https:\/\/nordicmart.andreevmaster.com\/fi\/wp-json\/wp\/v2\/comments?post=33390"}],"wp:featuredmedia":[{"embeddable":true,"href":"https:\/\/nordicmart.andreevmaster.com\/fi\/wp-json\/wp\/v2\/media\/42227"}],"wp:attachment":[{"href":"https:\/\/nordicmart.andreevmaster.com\/fi\/wp-json\/wp\/v2\/media?parent=33390"}],"wp:term":[{"taxonomy":"product_brand","embeddable":true,"href":"https:\/\/nordicmart.andreevmaster.com\/fi\/wp-json\/wp\/v2\/product_brand?post=33390"},{"taxonomy":"product_cat","embeddable":true,"href":"https:\/\/nordicmart.andreevmaster.com\/fi\/wp-json\/wp\/v2\/product_cat?post=33390"},{"taxonomy":"product_tag","embeddable":true,"href":"https:\/\/nordicmart.andreevmaster.com\/fi\/wp-json\/wp\/v2\/product_tag?post=33390"}],"curies":[{"name":"wp","href":"https:\/\/api.w.org\/{rel}","templated":true}]}}