{"id":33389,"date":"2026-02-27T00:21:08","date_gmt":"2026-02-27T00:21:08","guid":{"rendered":"https:\/\/nordicmart.andreevmaster.com\/product\/vasagle-yopoyta-terasrungolla-ja-helppo-asentaa\/"},"modified":"2026-02-27T09:42:00","modified_gmt":"2026-02-27T09:42:00","slug":"vasagle-yopoyta-terasrungolla-ja-helppo-asentaa","status":"publish","type":"product","link":"https:\/\/nordicmart.andreevmaster.com\/fi\/tuote\/vasagle-yopoyta-terasrungolla-ja-helppo-asentaa\/","title":{"rendered":"VASAGLE y\u00f6p\u00f6yt\u00e4 ter\u00e4srungolla ja helppo asentaa"},"content":{"rendered":"<p>VASAGLE y\u00f6p\u00f6yt\u00e4, y\u00f6p\u00f6yt\u00e4, sivup\u00f6yt\u00e4 laatikolla ja hyllyll\u00e4, y\u00f6p\u00f6yt\u00e4, makuuhuone, olohuone, helppo koota, teollinen muotoilu, p\u00e4hkin\u00e4nruskea-musta LET055B03<br \/>\n&#8211; V\u00e4ri: mattavalkoinen<br \/>\n&#8211; Materiaali: lastulevy, ter\u00e4s<br \/>\n&#8211; Koko: 40 x 40 x 55 cm (S x L x K)<br \/>\n&#8211; Paino: 9 kg<br \/>\n&#8211; Pinnan maks. staattinen kantavuus: 20 kg<br \/>\n&#8211; Laatikon maks. staattinen kantavuus: 10 kg<br \/>\n&#8211; Hyllyn maks. staattinen kantavuus: 10 kg<br \/>\n&#8211; Maks. staattinen kokonaiskuormitus: 40 kg<\/p>\n","protected":false},"excerpt":{"rendered":"<p>VASAGLE y\u00f6p\u00f6yt\u00e4, y\u00f6p\u00f6yt\u00e4, sivup\u00f6yt\u00e4 laatikolla ja hyllyll\u00e4, y\u00f6p\u00f6yt\u00e4, makuuhuone, olohuone, helppo koota, teollinen muotoilu, p\u00e4hkin\u00e4nruskea-musta LET055B03<\/p>\n","protected":false},"featured_media":42226,"comment_status":"open","ping_status":"closed","template":"","meta":[],"product_brand":[],"product_cat":[32],"product_tag":[],"class_list":{"0":"post-33389","1":"product","2":"type-product","3":"status-publish","4":"has-post-thumbnail","6":"product_cat-uncategorized-fi","8":"first","9":"instock","10":"shipping-taxable","11":"purchasable","12":"product-type-simple"},"_links":{"self":[{"href":"https:\/\/nordicmart.andreevmaster.com\/fi\/wp-json\/wp\/v2\/product\/33389","targetHints":{"allow":["GET"]}}],"collection":[{"href":"https:\/\/nordicmart.andreevmaster.com\/fi\/wp-json\/wp\/v2\/product"}],"about":[{"href":"https:\/\/nordicmart.andreevmaster.com\/fi\/wp-json\/wp\/v2\/types\/product"}],"replies":[{"embeddable":true,"href":"https:\/\/nordicmart.andreevmaster.com\/fi\/wp-json\/wp\/v2\/comments?post=33389"}],"wp:featuredmedia":[{"embeddable":true,"href":"https:\/\/nordicmart.andreevmaster.com\/fi\/wp-json\/wp\/v2\/media\/42226"}],"wp:attachment":[{"href":"https:\/\/nordicmart.andreevmaster.com\/fi\/wp-json\/wp\/v2\/media?parent=33389"}],"wp:term":[{"taxonomy":"product_brand","embeddable":true,"href":"https:\/\/nordicmart.andreevmaster.com\/fi\/wp-json\/wp\/v2\/product_brand?post=33389"},{"taxonomy":"product_cat","embeddable":true,"href":"https:\/\/nordicmart.andreevmaster.com\/fi\/wp-json\/wp\/v2\/product_cat?post=33389"},{"taxonomy":"product_tag","embeddable":true,"href":"https:\/\/nordicmart.andreevmaster.com\/fi\/wp-json\/wp\/v2\/product_tag?post=33389"}],"curies":[{"name":"wp","href":"https:\/\/api.w.org\/{rel}","templated":true}]}}