{"id":33384,"date":"2026-02-27T00:21:07","date_gmt":"2026-02-27T00:21:07","guid":{"rendered":"https:\/\/nordicmart.andreevmaster.com\/product\/vasagle-teollisen-muotoilun-lasinen-sivupoyta\/"},"modified":"2026-02-27T09:41:59","modified_gmt":"2026-02-27T09:41:59","slug":"vasagle-teollisen-muotoilun-lasinen-sivupoyta","status":"publish","type":"product","link":"https:\/\/nordicmart.andreevmaster.com\/fi\/tuote\/vasagle-teollisen-muotoilun-lasinen-sivupoyta\/","title":{"rendered":"VASAGLE teollisen muotoilun lasinen sivup\u00f6yt\u00e4"},"content":{"rendered":"<p>VASAGLE-suunnittelijat luovat p\u00e4ivitt\u00e4iseen k\u00e4ytt\u00f6\u00f6n tarkoitettujen ja ennen kaikkea k\u00e4yt\u00e4nn\u00f6llisten tuotteiden lis\u00e4ksi my\u00f6s erityisi\u00e4 huonekaluja, jotka erottuvat esimerkiksi ainutlaatuisella muodollaan tai luovasti yhdistetyill\u00e4 materiaaleilla. N\u00e4in he antavat sinulle mahdollisuuden tehd\u00e4 kodistasi jotain aivan poikkeuksellista.  Tyylik\u00e4s sivup\u00f6yt\u00e4 teollisessa designissa  T\u00e4m\u00e4 sohvap\u00f6yt\u00e4 on eritt\u00e4in tyylik\u00e4s, melkein kuin se olisi per\u00e4isin museosta, ja siin\u00e4 on kest\u00e4v\u00e4 lasipinta, tukeva ter\u00e4srunko ja vintage-tyylinen hylly. Aseta p\u00f6yd\u00e4lle esimerkiksi suuri maljakko tuoreilla kukilla ja sijoita p\u00f6yt\u00e4 eteiseesi. Tai k\u00e4yt\u00e4 sit\u00e4 y\u00f6p\u00f6yt\u00e4n\u00e4 ja s\u00e4ilyt\u00e4 kirjat n\u00e4kyvill\u00e4 ja k\u00e4den ulottuvilla lasilevyn alla. Tilava laatikko tarjoaa viel\u00e4 lis\u00e4\u00e4 s\u00e4ilytystilaa.  Jos pid\u00e4t t\u00e4m\u00e4n sivup\u00f6yd\u00e4n tyylist\u00e4, tutustu my\u00f6s vastaavaan olohuoneen p\u00f6yt\u00e4\u00e4n ja sopivaan senkkiin VASAGLE:lt\u00e4.  Tuotetiedot:  &#8211; V\u00e4ri: vintage-ruskea-musta &#8211; Materiaali: lastulevy, ter\u00e4s, karkaistu lasi &#8211; Koko: 43 x 43 x 54 cm (P x L x K)  &#8211; Paino: 10,5 kg  &#8211; Lasipinnan maks. staattinen kantavuus: 30 kg  Toimitus sis\u00e4lt\u00e4\u00e4:  &#8211; 1 x sivup\u00f6yt\u00e4  &#8211; 1 x lis\u00e4varustepussi (sis\u00e4lt\u00e4\u00e4 asennusty\u00f6kalut)  &#8211; 1 x ohjeet (DE, EN, FR, ES, IT)  VASAGLE-huomautukset:  &#8211; \u00c4l\u00e4 altista t\u00e4t\u00e4 tuotetta voimakkaalle auringonvalolle pitk\u00e4ksi aikaa.  &#8211; K\u00e4sittele lasipintaa varovasti, jotta se ei halkeile.<\/p>\n","protected":false},"excerpt":{"rendered":"<p>VASAGLE y\u00f6p\u00f6yt\u00e4, sivup\u00f6yt\u00e4, y\u00f6p\u00f6yt\u00e4, lasip\u00f6yt\u00e4 laatikolla, sohvap\u00f6yt\u00e4, oleskelutila, eteinen, vakaa, teollinen muotoilu, vintage-ruskea-musta LET04BX<\/p>\n","protected":false},"featured_media":42221,"comment_status":"open","ping_status":"closed","template":"","meta":[],"product_brand":[],"product_cat":[32],"product_tag":[],"class_list":{"0":"post-33384","1":"product","2":"type-product","3":"status-publish","4":"has-post-thumbnail","6":"product_cat-uncategorized-fi","8":"first","9":"instock","10":"shipping-taxable","11":"purchasable","12":"product-type-simple"},"_links":{"self":[{"href":"https:\/\/nordicmart.andreevmaster.com\/fi\/wp-json\/wp\/v2\/product\/33384","targetHints":{"allow":["GET"]}}],"collection":[{"href":"https:\/\/nordicmart.andreevmaster.com\/fi\/wp-json\/wp\/v2\/product"}],"about":[{"href":"https:\/\/nordicmart.andreevmaster.com\/fi\/wp-json\/wp\/v2\/types\/product"}],"replies":[{"embeddable":true,"href":"https:\/\/nordicmart.andreevmaster.com\/fi\/wp-json\/wp\/v2\/comments?post=33384"}],"wp:featuredmedia":[{"embeddable":true,"href":"https:\/\/nordicmart.andreevmaster.com\/fi\/wp-json\/wp\/v2\/media\/42221"}],"wp:attachment":[{"href":"https:\/\/nordicmart.andreevmaster.com\/fi\/wp-json\/wp\/v2\/media?parent=33384"}],"wp:term":[{"taxonomy":"product_brand","embeddable":true,"href":"https:\/\/nordicmart.andreevmaster.com\/fi\/wp-json\/wp\/v2\/product_brand?post=33384"},{"taxonomy":"product_cat","embeddable":true,"href":"https:\/\/nordicmart.andreevmaster.com\/fi\/wp-json\/wp\/v2\/product_cat?post=33384"},{"taxonomy":"product_tag","embeddable":true,"href":"https:\/\/nordicmart.andreevmaster.com\/fi\/wp-json\/wp\/v2\/product_tag?post=33384"}],"curies":[{"name":"wp","href":"https:\/\/api.w.org\/{rel}","templated":true}]}}