{"id":33382,"date":"2026-02-27T00:21:06","date_gmt":"2026-02-27T00:21:06","guid":{"rendered":"https:\/\/nordicmart.andreevmaster.com\/product\/vasagle-sohvapoyta-2-kpl-irrotettava-poytalevy-lumivalkoinen-pilvinenvalkoinen\/"},"modified":"2026-02-27T09:41:59","modified_gmt":"2026-02-27T09:41:59","slug":"vasagle-sohvapoyta-2-kpl-irrotettava-poytalevy-lumivalkoinen-pilvinenvalkoinen","status":"publish","type":"product","link":"https:\/\/nordicmart.andreevmaster.com\/fi\/tuote\/vasagle-sohvapoyta-2-kpl-irrotettava-poytalevy-lumivalkoinen-pilvinenvalkoinen\/","title":{"rendered":"VASAGLE sohvap\u00f6yt\u00e4, 2 kpl, irrotettava p\u00f6yt\u00e4levy, lumivalkoinen-pilvinenvalkoinen"},"content":{"rendered":"<p>VASAGLE Sano hyv\u00e4stit perinteisille, tyls\u00e4n n\u00e4k\u00f6isille sohvap\u00f6ydille! T\u00e4m\u00e4 geometrinen sohvap\u00f6yt\u00e4setti tuo luonnetta ja tyyli\u00e4 kotiisi, riippumatta siit\u00e4, mihin sen sijoitat.<br \/>\nV\u00e4ri: lumivalkoinen-pilvinen valkoinen<br \/>\nMateriaali: lastulevy, ter\u00e4s<br \/>\nSuuren p\u00f6yd\u00e4n koko: 50 x 40 cm (\u00d8 x H)<br \/>\nPienen p\u00f6yd\u00e4n koko: 40 x 36 cm (\u00d8 x H)<br \/>\nKokonaispaino: 7 kg<br \/>\nP\u00f6yd\u00e4n maks. staattinen kantavuus: 20 kg<\/p>\n","protected":false},"excerpt":{"rendered":"<p>VASAGLE Sano hyv\u00e4stit perinteisille, tyls\u00e4n n\u00e4k\u00f6isille sohvap\u00f6ydille! T\u00e4m\u00e4 geometrinen sohvap\u00f6yt\u00e4setti tuo luonnetta ja tyyli\u00e4 kotiisi, riippumatta siit\u00e4, mihin sen sijoitat.<\/p>\n","protected":false},"featured_media":0,"comment_status":"open","ping_status":"closed","template":"","meta":[],"product_brand":[],"product_cat":[32],"product_tag":[],"class_list":{"0":"post-33382","1":"product","2":"type-product","3":"status-publish","5":"product_cat-uncategorized-fi","7":"first","8":"instock","9":"shipping-taxable","10":"purchasable","11":"product-type-simple"},"_links":{"self":[{"href":"https:\/\/nordicmart.andreevmaster.com\/fi\/wp-json\/wp\/v2\/product\/33382","targetHints":{"allow":["GET"]}}],"collection":[{"href":"https:\/\/nordicmart.andreevmaster.com\/fi\/wp-json\/wp\/v2\/product"}],"about":[{"href":"https:\/\/nordicmart.andreevmaster.com\/fi\/wp-json\/wp\/v2\/types\/product"}],"replies":[{"embeddable":true,"href":"https:\/\/nordicmart.andreevmaster.com\/fi\/wp-json\/wp\/v2\/comments?post=33382"}],"wp:attachment":[{"href":"https:\/\/nordicmart.andreevmaster.com\/fi\/wp-json\/wp\/v2\/media?parent=33382"}],"wp:term":[{"taxonomy":"product_brand","embeddable":true,"href":"https:\/\/nordicmart.andreevmaster.com\/fi\/wp-json\/wp\/v2\/product_brand?post=33382"},{"taxonomy":"product_cat","embeddable":true,"href":"https:\/\/nordicmart.andreevmaster.com\/fi\/wp-json\/wp\/v2\/product_cat?post=33382"},{"taxonomy":"product_tag","embeddable":true,"href":"https:\/\/nordicmart.andreevmaster.com\/fi\/wp-json\/wp\/v2\/product_tag?post=33382"}],"curies":[{"name":"wp","href":"https:\/\/api.w.org\/{rel}","templated":true}]}}