{"id":33378,"date":"2026-02-27T00:21:05","date_gmt":"2026-02-27T00:21:05","guid":{"rendered":"https:\/\/nordicmart.andreevmaster.com\/product\/vasagle-pieni-sohvapoyta-2-kpl\/"},"modified":"2026-02-27T09:41:58","modified_gmt":"2026-02-27T09:41:58","slug":"vasagle-pieni-sohvapoyta-2-kpl","status":"publish","type":"product","link":"https:\/\/nordicmart.andreevmaster.com\/fi\/tuote\/vasagle-pieni-sohvapoyta-2-kpl\/","title":{"rendered":"VASAGLE Pieni sohvap\u00f6yt\u00e4, 2 kpl"},"content":{"rendered":"<p>VASAGLE Sano hyv\u00e4stit perinteisille, tyls\u00e4n n\u00e4k\u00f6isille sohvap\u00f6ydille! T\u00e4m\u00e4 geometrinen sohvap\u00f6yt\u00e4setti tuo luonnetta ja tyyli\u00e4 kotiisi, riippumatta siit\u00e4, mihin sen sijoitat.<br \/>\n&#8211; V\u00e4ri: greige-musta<br \/>\n&#8211; Materiaali: lastulevy, ter\u00e4s<br \/>\n&#8211; Suuren p\u00f6yd\u00e4n koko: 50 x 40 cm (\u00d8 x K)<br \/>\n&#8211; Pienen p\u00f6yd\u00e4n koko: 40 x 36 cm (\u00d8 x K)<br \/>\n&#8211; Kokonaispaino: 7 kg<br \/>\n&#8211; Maks. staattinen kantavuus per p\u00f6yt\u00e4: 20 kg<br \/>\nSuurin staattinen kantavuus pintaa kohti: 20 kg<\/p>\n","protected":false},"excerpt":{"rendered":"<p>VASAGLE Sano hyv\u00e4stit perinteisille, tyls\u00e4n n\u00e4k\u00f6isille sohvap\u00f6ydille! T\u00e4m\u00e4 geometrinen sohvap\u00f6yt\u00e4setti tuo luonnetta ja tyyli\u00e4 kotiisi, riippumatta siit\u00e4, mihin sen sijoitat.<\/p>\n","protected":false},"featured_media":42219,"comment_status":"open","ping_status":"closed","template":"","meta":[],"product_brand":[],"product_cat":[32],"product_tag":[],"class_list":{"0":"post-33378","1":"product","2":"type-product","3":"status-publish","4":"has-post-thumbnail","6":"product_cat-uncategorized-fi","8":"first","9":"instock","10":"shipping-taxable","11":"purchasable","12":"product-type-simple"},"_links":{"self":[{"href":"https:\/\/nordicmart.andreevmaster.com\/fi\/wp-json\/wp\/v2\/product\/33378","targetHints":{"allow":["GET"]}}],"collection":[{"href":"https:\/\/nordicmart.andreevmaster.com\/fi\/wp-json\/wp\/v2\/product"}],"about":[{"href":"https:\/\/nordicmart.andreevmaster.com\/fi\/wp-json\/wp\/v2\/types\/product"}],"replies":[{"embeddable":true,"href":"https:\/\/nordicmart.andreevmaster.com\/fi\/wp-json\/wp\/v2\/comments?post=33378"}],"wp:featuredmedia":[{"embeddable":true,"href":"https:\/\/nordicmart.andreevmaster.com\/fi\/wp-json\/wp\/v2\/media\/42219"}],"wp:attachment":[{"href":"https:\/\/nordicmart.andreevmaster.com\/fi\/wp-json\/wp\/v2\/media?parent=33378"}],"wp:term":[{"taxonomy":"product_brand","embeddable":true,"href":"https:\/\/nordicmart.andreevmaster.com\/fi\/wp-json\/wp\/v2\/product_brand?post=33378"},{"taxonomy":"product_cat","embeddable":true,"href":"https:\/\/nordicmart.andreevmaster.com\/fi\/wp-json\/wp\/v2\/product_cat?post=33378"},{"taxonomy":"product_tag","embeddable":true,"href":"https:\/\/nordicmart.andreevmaster.com\/fi\/wp-json\/wp\/v2\/product_tag?post=33378"}],"curies":[{"name":"wp","href":"https:\/\/api.w.org\/{rel}","templated":true}]}}