{"id":33377,"date":"2026-02-27T00:21:05","date_gmt":"2026-02-27T00:21:05","guid":{"rendered":"https:\/\/nordicmart.andreevmaster.com\/product\/vasagle-2-kpl-sarja-sohvapoytia-vintage-ruskea-musta\/"},"modified":"2026-02-27T09:41:58","modified_gmt":"2026-02-27T09:41:58","slug":"vasagle-2-kpl-sarja-sohvapoytia-vintage-ruskea-musta","status":"publish","type":"product","link":"https:\/\/nordicmart.andreevmaster.com\/fi\/tuote\/vasagle-2-kpl-sarja-sohvapoytia-vintage-ruskea-musta\/","title":{"rendered":"VASAGLE 2 kpl sarja sohvap\u00f6yti\u00e4 vintage-ruskea-musta"},"content":{"rendered":"<p>Tuotetiedot: &#8211; V\u00e4ri: vintage-ruskea-musta &#8211; Materiaali: lastulevy, ter\u00e4s &#8211; Suuren sohvap\u00f6yd\u00e4n koko: 50 x 40 cm (\u00d8 x H) &#8211; Pienen sohvap\u00f6yd\u00e4n koko: 40 x 36 cm (\u00d8 x H) &#8211; Kokonaispaino: 8,2 kg &#8211; Hyllytasojen maksimaalinen staattinen kantavuus: 20 kg Toimitus sis\u00e4lt\u00e4\u00e4:- 1 x iso sohvap\u00f6yt\u00e4 &#8211; 1 x pieni sohvap\u00f6yt\u00e4 &#8211; 1 x lis\u00e4varustepaketti &#8211; 1 x ohjeet (DE, EN, ES, FR, IT) VASAGLE-ohjeet: &#8211; Lapset eiv\u00e4t saa kiivet\u00e4 tuotteen p\u00e4\u00e4lle tai seist\u00e4 sen p\u00e4\u00e4ll\u00e4, jotta v\u00e4ltyt\u00e4\u00e4n kaatumisesta johtuvilta loukkaantumisilta. &#8211; P\u00f6yd\u00e4n suurin staattinen kantavuus on 20 kg. \u00c4l\u00e4 ylit\u00e4 t\u00e4t\u00e4 enimm\u00e4ispainoa.<\/p>\n","protected":false},"excerpt":{"rendered":"<p>VASAGLE Sano hyv\u00e4stit perinteisille, tyls\u00e4n n\u00e4k\u00f6isille sohvap\u00f6ydille! T\u00e4m\u00e4 geometrinen sohvap\u00f6yt\u00e4setti tuo luonnetta ja tyyli\u00e4 kotiisi, riippumatta siit\u00e4, mihin sen sijoitat.<\/p>\n","protected":false},"featured_media":42218,"comment_status":"open","ping_status":"closed","template":"","meta":[],"product_brand":[],"product_cat":[32],"product_tag":[],"class_list":{"0":"post-33377","1":"product","2":"type-product","3":"status-publish","4":"has-post-thumbnail","6":"product_cat-uncategorized-fi","8":"first","9":"instock","10":"shipping-taxable","11":"purchasable","12":"product-type-simple"},"_links":{"self":[{"href":"https:\/\/nordicmart.andreevmaster.com\/fi\/wp-json\/wp\/v2\/product\/33377","targetHints":{"allow":["GET"]}}],"collection":[{"href":"https:\/\/nordicmart.andreevmaster.com\/fi\/wp-json\/wp\/v2\/product"}],"about":[{"href":"https:\/\/nordicmart.andreevmaster.com\/fi\/wp-json\/wp\/v2\/types\/product"}],"replies":[{"embeddable":true,"href":"https:\/\/nordicmart.andreevmaster.com\/fi\/wp-json\/wp\/v2\/comments?post=33377"}],"wp:featuredmedia":[{"embeddable":true,"href":"https:\/\/nordicmart.andreevmaster.com\/fi\/wp-json\/wp\/v2\/media\/42218"}],"wp:attachment":[{"href":"https:\/\/nordicmart.andreevmaster.com\/fi\/wp-json\/wp\/v2\/media?parent=33377"}],"wp:term":[{"taxonomy":"product_brand","embeddable":true,"href":"https:\/\/nordicmart.andreevmaster.com\/fi\/wp-json\/wp\/v2\/product_brand?post=33377"},{"taxonomy":"product_cat","embeddable":true,"href":"https:\/\/nordicmart.andreevmaster.com\/fi\/wp-json\/wp\/v2\/product_cat?post=33377"},{"taxonomy":"product_tag","embeddable":true,"href":"https:\/\/nordicmart.andreevmaster.com\/fi\/wp-json\/wp\/v2\/product_tag?post=33377"}],"curies":[{"name":"wp","href":"https:\/\/api.w.org\/{rel}","templated":true}]}}