{"id":33374,"date":"2026-02-27T00:21:04","date_gmt":"2026-02-27T00:21:04","guid":{"rendered":"https:\/\/nordicmart.andreevmaster.com\/product\/songmics-maalaistyyliinen-yopoyta-valkoinen\/"},"modified":"2026-02-27T09:41:57","modified_gmt":"2026-02-27T09:41:57","slug":"songmics-maalaistyyliinen-yopoyta-valkoinen","status":"publish","type":"product","link":"https:\/\/nordicmart.andreevmaster.com\/fi\/tuote\/songmics-maalaistyyliinen-yopoyta-valkoinen\/","title":{"rendered":"SONGMICS maalaistyyliinen y\u00f6p\u00f6yt\u00e4, valkoinen"},"content":{"rendered":"<p>Tyylik\u00e4s sivup\u00f6yt\u00e4, jossa on laatikko ja kaappi Kaunis s\u00e4ilytystila s\u00e4ngyn vieress\u00e4 T\u00e4ss\u00e4 y\u00f6p\u00f6yd\u00e4ss\u00e4 on laatikko ja tilava kaappi, jossa on magneettinen ovi. N\u00e4in saat paitsi ylim\u00e4\u00e4r\u00e4isen s\u00e4ilytystilan my\u00f6s lis\u00e4\u00e4 s\u00e4ilytystilaa makuuhuoneeseesi. Selke\u00e4t linjat ja yksinkertainen siluetti antavat p\u00f6yd\u00e4lle miellytt\u00e4v\u00e4n ja selke\u00e4n ilmeen, joka sopii moniin sisustustuotteisiin. Voit sijoittaa t\u00e4m\u00e4n sivup\u00f6yd\u00e4n minne haluat \u2013 se tuo toiminnallisuutta ja charmia makuuhuoneeseesi, olohuoneesi sohvan viereen tai mihin tahansa muuhun huoneeseen. Tuotekuvaus: T\u00e4m\u00e4 SONGMICS-sivup\u00f6yt\u00e4 sopii lempituolisi viereen tai sohvan viereen. Se tarjoaa runsaasti s\u00e4ilytystilaa ja on lis\u00e4ksi moderni ja tyylik\u00e4s. Se sopii varmasti my\u00f6s kotiisi. Siksi t\u00e4m\u00e4 y\u00f6p\u00f6yt\u00e4 sopii sinulle: laatikko liikkuu sujuvasti kiskoilla, joissa on pys\u00e4yttimet, jotka est\u00e4v\u00e4t samalla tavaroiden putoamisen. Puumateriaalista valmistettu ja hajuttomalla, UV-kovetetulla lakalla p\u00e4\u00e4llystetty sivup\u00f6yt\u00e4 on suunniteltu pitk\u00e4aikaiseen k\u00e4ytt\u00f6\u00f6n.Selke\u00e4n siluetin ja kiilt\u00e4vien metallinuppien ansiosta t\u00e4m\u00e4 kaappi sopii erinomaisesti makuuhuoneeseesi, olohuoneeseesi, kylpyhuoneeseesi ja moniin muihin tiloihin. Laatikko, p\u00f6yt\u00e4levy ja lis\u00e4kappi muodostavat yhdess\u00e4 k\u00e4yt\u00e4nn\u00f6llisen, tilavan y\u00f6p\u00f6yd\u00e4n. Vaatii kokoonpanon. Helppotajuiset ohjeet ja numeroidut osat helpottavat sivup\u00f6yd\u00e4n kokoamista. Tuotetiedot: V\u00e4ri: valkoinen Materiaali: MDF (keskitihe\u00e4 kuitulevy) luokka E1 Koko: 45 x 35 x 60 cm (P x L x K) Laatikon koko: 24,8 x 30,5 x 11 cm (P x L x K) Kaapin koko: 31 x 37 x 35,7 cm (P x L x K) Paino: 9,2 kg Maks. staattinen kantavuus: 20 kg Toimitus sis\u00e4lt\u00e4\u00e4: 1 x sivup\u00f6yt\u00e4 1 x lis\u00e4varustepaketti 1 x ohjeet (DE, EN, ES, FR, IT) SONGMICS Huomautukset:\u00c4l\u00e4 altista tuotetta suoralle auringonvalolle. Pid\u00e4 tuote poissa ter\u00e4vien tai ter\u00e4vien esineiden l\u00e4heisyydest\u00e4. Tuote saattaa tuoksua &#8221;uudelta&#8221; avaamisen j\u00e4lkeen. Siirr\u00e4 se t\u00e4ll\u00f6in muutamaksi tunniksi hyvin tuuletettuun paikkaan.<\/p>\n","protected":false},"excerpt":{"rendered":"<p>SONGMICS sivup\u00f6yt\u00e4 valkoinen, y\u00f6p\u00f6yt\u00e4, sivukaappi laatikolla, MDF-y\u00f6p\u00f6yt\u00e4, suuri s\u00e4ilytystila, helppo koota LET02WT<\/p>\n","protected":false},"featured_media":42215,"comment_status":"open","ping_status":"closed","template":"","meta":[],"product_brand":[],"product_cat":[32],"product_tag":[],"class_list":{"0":"post-33374","1":"product","2":"type-product","3":"status-publish","4":"has-post-thumbnail","6":"product_cat-uncategorized-fi","8":"first","9":"instock","10":"shipping-taxable","11":"purchasable","12":"product-type-simple"},"_links":{"self":[{"href":"https:\/\/nordicmart.andreevmaster.com\/fi\/wp-json\/wp\/v2\/product\/33374","targetHints":{"allow":["GET"]}}],"collection":[{"href":"https:\/\/nordicmart.andreevmaster.com\/fi\/wp-json\/wp\/v2\/product"}],"about":[{"href":"https:\/\/nordicmart.andreevmaster.com\/fi\/wp-json\/wp\/v2\/types\/product"}],"replies":[{"embeddable":true,"href":"https:\/\/nordicmart.andreevmaster.com\/fi\/wp-json\/wp\/v2\/comments?post=33374"}],"wp:featuredmedia":[{"embeddable":true,"href":"https:\/\/nordicmart.andreevmaster.com\/fi\/wp-json\/wp\/v2\/media\/42215"}],"wp:attachment":[{"href":"https:\/\/nordicmart.andreevmaster.com\/fi\/wp-json\/wp\/v2\/media?parent=33374"}],"wp:term":[{"taxonomy":"product_brand","embeddable":true,"href":"https:\/\/nordicmart.andreevmaster.com\/fi\/wp-json\/wp\/v2\/product_brand?post=33374"},{"taxonomy":"product_cat","embeddable":true,"href":"https:\/\/nordicmart.andreevmaster.com\/fi\/wp-json\/wp\/v2\/product_cat?post=33374"},{"taxonomy":"product_tag","embeddable":true,"href":"https:\/\/nordicmart.andreevmaster.com\/fi\/wp-json\/wp\/v2\/product_tag?post=33374"}],"curies":[{"name":"wp","href":"https:\/\/api.w.org\/{rel}","templated":true}]}}