{"id":33373,"date":"2026-02-27T00:21:04","date_gmt":"2026-02-27T00:21:04","guid":{"rendered":"https:\/\/nordicmart.andreevmaster.com\/product\/songmics-yopoydat-hasselpahkinanruskea-musta\/"},"modified":"2026-02-27T09:41:57","modified_gmt":"2026-02-27T09:41:57","slug":"songmics-yopoydat-hasselpahkinanruskea-musta","status":"publish","type":"product","link":"https:\/\/nordicmart.andreevmaster.com\/fi\/tuote\/songmics-yopoydat-hasselpahkinanruskea-musta\/","title":{"rendered":"SONGMICS y\u00f6p\u00f6yd\u00e4t hasselp\u00e4hkin\u00e4nruskea-musta"},"content":{"rendered":"<p>Tuotetiedot: &#8211; V\u00e4ri: p\u00e4hkin\u00e4nruskea-musta &#8211; Materiaali: lastulevy, ter\u00e4s &#8211; Koko: 40 x 40 x 50 cm (P x L x K) &#8211; Kokonaispaino: 8 kg &#8211; P\u00f6yd\u00e4n pinnan maks. staattinen kantavuus: 20 kg &#8211; Maks. staattinen kantavuus per ritil\u00e4hylly: 5 kg Toimitus sis\u00e4lt\u00e4\u00e4:- 2 x sivup\u00f6yt\u00e4 &#8211; 1 x lis\u00e4varustepaketti &#8211; 1 x ohjeet (DE, EN, ES, FR, IT) VASAGLE Huomautukset: &#8211; Turvallisuussyist\u00e4 lapset eiv\u00e4t saa kiivet\u00e4 tuotteelle tai leikki\u00e4 sill\u00e4.<\/p>\n","protected":false},"excerpt":{"rendered":"<p>SONGMICS y\u00f6p\u00f6yd\u00e4t, sivup\u00f6yt\u00e4setti, 2 kpl sohvap\u00f6yti\u00e4, pienet sohvap\u00f6yd\u00e4t s\u00e4\u00e4dett\u00e4vill\u00e4 hyllyill\u00e4, olohuone, makuuhuone, eteinen, vakaa, teollinen muotoilu, greige-musta LET024B02<\/p>\n","protected":false},"featured_media":42214,"comment_status":"open","ping_status":"closed","template":"","meta":[],"product_brand":[],"product_cat":[32],"product_tag":[],"class_list":{"0":"post-33373","1":"product","2":"type-product","3":"status-publish","4":"has-post-thumbnail","6":"product_cat-uncategorized-fi","8":"first","9":"instock","10":"shipping-taxable","11":"purchasable","12":"product-type-simple"},"_links":{"self":[{"href":"https:\/\/nordicmart.andreevmaster.com\/fi\/wp-json\/wp\/v2\/product\/33373","targetHints":{"allow":["GET"]}}],"collection":[{"href":"https:\/\/nordicmart.andreevmaster.com\/fi\/wp-json\/wp\/v2\/product"}],"about":[{"href":"https:\/\/nordicmart.andreevmaster.com\/fi\/wp-json\/wp\/v2\/types\/product"}],"replies":[{"embeddable":true,"href":"https:\/\/nordicmart.andreevmaster.com\/fi\/wp-json\/wp\/v2\/comments?post=33373"}],"wp:featuredmedia":[{"embeddable":true,"href":"https:\/\/nordicmart.andreevmaster.com\/fi\/wp-json\/wp\/v2\/media\/42214"}],"wp:attachment":[{"href":"https:\/\/nordicmart.andreevmaster.com\/fi\/wp-json\/wp\/v2\/media?parent=33373"}],"wp:term":[{"taxonomy":"product_brand","embeddable":true,"href":"https:\/\/nordicmart.andreevmaster.com\/fi\/wp-json\/wp\/v2\/product_brand?post=33373"},{"taxonomy":"product_cat","embeddable":true,"href":"https:\/\/nordicmart.andreevmaster.com\/fi\/wp-json\/wp\/v2\/product_cat?post=33373"},{"taxonomy":"product_tag","embeddable":true,"href":"https:\/\/nordicmart.andreevmaster.com\/fi\/wp-json\/wp\/v2\/product_tag?post=33373"}],"curies":[{"name":"wp","href":"https:\/\/api.w.org\/{rel}","templated":true}]}}