{"id":33370,"date":"2026-02-27T00:21:03","date_gmt":"2026-02-27T00:21:03","guid":{"rendered":"https:\/\/nordicmart.andreevmaster.com\/product\/vasagle-yopoyta-hasselpahkinanruskea-musta\/"},"modified":"2026-02-27T09:41:56","modified_gmt":"2026-02-27T09:41:56","slug":"vasagle-yopoyta-hasselpahkinanruskea-musta","status":"publish","type":"product","link":"https:\/\/nordicmart.andreevmaster.com\/fi\/tuote\/vasagle-yopoyta-hasselpahkinanruskea-musta\/","title":{"rendered":"VASAGLE y\u00f6p\u00f6yt\u00e4 hasselp\u00e4hkin\u00e4nruskea-musta"},"content":{"rendered":"<p>Tuotetiedot: &#8211; V\u00e4ri: hasselp\u00e4hkin\u00e4nruskea-musta  &#8211; Materiaali: lastulevy, ter\u00e4s, karkaistu lasi &#8211; Koko: 43 x 43 x 54 cm (P x L x K) &#8211; Paino: 10,5 kg &#8211; Lasipinnan maks. staattinen kantavuus: 30 kg Toimitus sis\u00e4lt\u00e4\u00e4: &#8211; 1 x sivup\u00f6yt\u00e4 &#8211; 1 x lis\u00e4varustepaketti  &#8211; 1 x ohjeet (DE, EN, FR, ES, IT) VASAGLE Huomautukset: &#8211; \u00c4l\u00e4 altista t\u00e4t\u00e4 tuotetta voimakkaalle auringonvalolle pitk\u00e4ksi aikaa. &#8211; K\u00e4sittele lasipintaa varovasti, jotta se ei halkeile.<\/p>\n","protected":false},"excerpt":{"rendered":"<p>VASAGLE y\u00f6p\u00f6yt\u00e4, sivup\u00f6yt\u00e4, y\u00f6p\u00f6yt\u00e4, lasip\u00f6yt\u00e4 laatikolla, sohvap\u00f6yt\u00e4, oleskelutila, eteinen, vakaa, teollinen muotoilu, p\u00e4hkin\u00e4nruskea-musta LET004G01<\/p>\n","protected":false},"featured_media":42211,"comment_status":"open","ping_status":"closed","template":"","meta":[],"product_brand":[],"product_cat":[32],"product_tag":[],"class_list":{"0":"post-33370","1":"product","2":"type-product","3":"status-publish","4":"has-post-thumbnail","6":"product_cat-uncategorized-fi","8":"first","9":"instock","10":"shipping-taxable","11":"purchasable","12":"product-type-simple"},"_links":{"self":[{"href":"https:\/\/nordicmart.andreevmaster.com\/fi\/wp-json\/wp\/v2\/product\/33370","targetHints":{"allow":["GET"]}}],"collection":[{"href":"https:\/\/nordicmart.andreevmaster.com\/fi\/wp-json\/wp\/v2\/product"}],"about":[{"href":"https:\/\/nordicmart.andreevmaster.com\/fi\/wp-json\/wp\/v2\/types\/product"}],"replies":[{"embeddable":true,"href":"https:\/\/nordicmart.andreevmaster.com\/fi\/wp-json\/wp\/v2\/comments?post=33370"}],"wp:featuredmedia":[{"embeddable":true,"href":"https:\/\/nordicmart.andreevmaster.com\/fi\/wp-json\/wp\/v2\/media\/42211"}],"wp:attachment":[{"href":"https:\/\/nordicmart.andreevmaster.com\/fi\/wp-json\/wp\/v2\/media?parent=33370"}],"wp:term":[{"taxonomy":"product_brand","embeddable":true,"href":"https:\/\/nordicmart.andreevmaster.com\/fi\/wp-json\/wp\/v2\/product_brand?post=33370"},{"taxonomy":"product_cat","embeddable":true,"href":"https:\/\/nordicmart.andreevmaster.com\/fi\/wp-json\/wp\/v2\/product_cat?post=33370"},{"taxonomy":"product_tag","embeddable":true,"href":"https:\/\/nordicmart.andreevmaster.com\/fi\/wp-json\/wp\/v2\/product_tag?post=33370"}],"curies":[{"name":"wp","href":"https:\/\/api.w.org\/{rel}","templated":true}]}}