{"id":33369,"date":"2026-02-27T00:21:03","date_gmt":"2026-02-27T00:21:03","guid":{"rendered":"https:\/\/nordicmart.andreevmaster.com\/product\/vasagle-seinavaatekoukku-lokerolla-valkoinen\/"},"modified":"2026-02-27T09:41:56","modified_gmt":"2026-02-27T09:41:56","slug":"vasagle-seinavaatekoukku-lokerolla-valkoinen","status":"publish","type":"product","link":"https:\/\/nordicmart.andreevmaster.com\/fi\/tuote\/vasagle-seinavaatekoukku-lokerolla-valkoinen\/","title":{"rendered":"VASAGLE sein\u00e4vaatekoukku lokerolla, valkoinen"},"content":{"rendered":"<p>Eteinen on asuntosi k\u00e4yntikortti, joka antaa vieraille ja k\u00e4vij\u00f6ille ensivaikutelman kodistasi. T\u00e4m\u00e4 VASAGLE-sein\u00e4hylly pit\u00e4\u00e4 eteisen siistin\u00e4 ilman, ett\u00e4 se vie arvokasta lattiatilaa. K\u00e4yt\u00e4nn\u00f6llinen ja koristeellinen  Onko eteisenne aina kaaoksessa? Sitten teid\u00e4n kannattaa hankkia t\u00e4m\u00e4 sein\u00e4hylly kotiinne, jotta saatte eteisenne j\u00e4rjestykseen. Modernin muotoilunsa ansiosta se on my\u00f6s sis\u00e4\u00e4ntuloalueen koriste.  Monet k\u00e4ytt\u00f6mahdollisuudet  T\u00e4m\u00e4 sein\u00e4hylly on helppo integroida kotiinne. Se sopii eteiseesi takkien, hattujen ja laukkujen ripustamiseen, kylpyhuoneeseen pyyhkeiden tai hygieniatuotteiden s\u00e4ilytt\u00e4miseen tai keitti\u00f6\u00f6n keitti\u00f6tarvikkeiden s\u00e4ilytt\u00e4miseen. Asenna t\u00e4m\u00e4 vaatekaappi sein\u00e4lle ja toivota yst\u00e4v\u00e4si tervetulleiksi siistiin ja j\u00e4rjestyksess\u00e4 olevaan eteiseen! Tuotetiedot:  &#8211; V\u00e4ri: valkoinen &#8211; Materiaali: E1-luokan MDF (keskitihe\u00e4 kuitulevy) &#8211; Koko: 60 x 20 x 27 cm (P x L x K) &#8211; Nettopaino: 3,9 kg &#8211; Hyllyn maks. staattinen kantavuus: 10 kg &#8211; Koukun maks. staattinen kantavuus: 2,5 kg Toimitus sis\u00e4lt\u00e4\u00e4:  &#8211; 1 x eteisen vaatekaappi &#8211; 1 x s\u00e4ilytyslaatikko tarvikkeineen &#8211; 1 x ohjeet (DE, EN, FR, ES, IT) VASAGLE Huomautukset:  &#8211; Jokainen koukku kest\u00e4\u00e4 enint\u00e4\u00e4n 2,5 kg:n painon. \u00c4l\u00e4 ripusta siihen painavampia esineit\u00e4. &#8211; Lasten tulee k\u00e4ytt\u00e4\u00e4 tuotetta aikuisen valvonnassa.<\/p>\n","protected":false},"excerpt":{"rendered":"<p>VASAGLE sein\u00e4hylly eteiseen, sein\u00e4vaatekoukku 6 koukulla ja 2 hyllyll\u00e4, eteisen vaatekoukku, olohuoneeseen, kylpyhuoneeseen ja keitti\u00f6\u00f6n, 60 x 20 x 27 cm (P x L x K), valkoinen LES01WT<\/p>\n","protected":false},"featured_media":42210,"comment_status":"open","ping_status":"closed","template":"","meta":[],"product_brand":[],"product_cat":[32],"product_tag":[],"class_list":{"0":"post-33369","1":"product","2":"type-product","3":"status-publish","4":"has-post-thumbnail","6":"product_cat-uncategorized-fi","8":"first","9":"instock","10":"shipping-taxable","11":"purchasable","12":"product-type-simple"},"_links":{"self":[{"href":"https:\/\/nordicmart.andreevmaster.com\/fi\/wp-json\/wp\/v2\/product\/33369","targetHints":{"allow":["GET"]}}],"collection":[{"href":"https:\/\/nordicmart.andreevmaster.com\/fi\/wp-json\/wp\/v2\/product"}],"about":[{"href":"https:\/\/nordicmart.andreevmaster.com\/fi\/wp-json\/wp\/v2\/types\/product"}],"replies":[{"embeddable":true,"href":"https:\/\/nordicmart.andreevmaster.com\/fi\/wp-json\/wp\/v2\/comments?post=33369"}],"wp:featuredmedia":[{"embeddable":true,"href":"https:\/\/nordicmart.andreevmaster.com\/fi\/wp-json\/wp\/v2\/media\/42210"}],"wp:attachment":[{"href":"https:\/\/nordicmart.andreevmaster.com\/fi\/wp-json\/wp\/v2\/media?parent=33369"}],"wp:term":[{"taxonomy":"product_brand","embeddable":true,"href":"https:\/\/nordicmart.andreevmaster.com\/fi\/wp-json\/wp\/v2\/product_brand?post=33369"},{"taxonomy":"product_cat","embeddable":true,"href":"https:\/\/nordicmart.andreevmaster.com\/fi\/wp-json\/wp\/v2\/product_cat?post=33369"},{"taxonomy":"product_tag","embeddable":true,"href":"https:\/\/nordicmart.andreevmaster.com\/fi\/wp-json\/wp\/v2\/product_tag?post=33369"}],"curies":[{"name":"wp","href":"https:\/\/api.w.org\/{rel}","templated":true}]}}