{"id":33361,"date":"2026-02-27T00:21:01","date_gmt":"2026-02-27T00:21:01","guid":{"rendered":"https:\/\/nordicmart.andreevmaster.com\/product\/leopardus-lakanat-70x140\/"},"modified":"2026-02-27T09:41:55","modified_gmt":"2026-02-27T09:41:55","slug":"leopardus-lakanat-70x140","status":"publish","type":"product","link":"https:\/\/nordicmart.andreevmaster.com\/fi\/tuote\/leopardus-lakanat-70x140\/","title":{"rendered":"Leopardus-lakanat 70&#215;140"},"content":{"rendered":"<p>Tiedot: <\/p>\n<p>&#8211; lakanat on valmistettu luonnonpuuvillasta, jolla on Oeko-TEX Standard 100 IW 00034 -sertifikaatti <\/p>\n<p>&#8211; pehme\u00e4t ja miellytt\u00e4v\u00e4t kosketukseltaan <\/p>\n<p>&#8211; viimeistelty joustavalla nauhalla, joka est\u00e4\u00e4 liukumisen patjalla <\/p>\n<p>&#8211; sopii t\u00e4ydellisesti 70&#215;140-kokoisille vauvans\u00e4nkyille<\/p>\n<p> Mitat: <\/p>\n<p>M: 70&#215;140 cm, korkeus 13 cm <\/p>\n<p>Materiaali: <\/p>\n<p>&#8211; 100 % puuvillaa, langan paino 150 g\/m2, Oeko-TEX Standard 100 -sertifikaatti  <\/p>\n<p>Pesuohjeet:<br \/>\n &#8211; konepesu 40 \u00b0C:ssa<br \/>\n &#8211; silitys enint\u00e4\u00e4n 110 \u00b0C:ssa<br \/>\n &#8211; ei valkaisuaineita<br \/>\n &#8211; ei rumpukuivausta<\/p>\n","protected":false},"excerpt":{"rendered":"<p>Tiedot: &#8211; lakanat on valmistettu luonnonpuuvillasta, jolla on Oeko-TEX Standard 100 IW 00034 -sertifikaatti &#8211; pehme\u00e4t ja miellytt\u00e4v\u00e4t kosketukseltaan &#8211; viimeistelty joustavalla nauhalla, joka est\u00e4\u00e4 liukumisen patjalla &#8211; sopii t\u00e4ydellisesti 70&#215;140-kokoisille vauvans\u00e4nkyille Mitat: M: 70&#215;140 cm, korkeus 13 cm Materiaali: &#8211; 100 % puuvillaa, langan paino 150 g\/m2, Oeko-TEX Standard 100 -sertifikaatti Pesuohjeet: &#8211; konepesu [&hellip;]<\/p>\n","protected":false},"featured_media":0,"comment_status":"open","ping_status":"closed","template":"","meta":[],"product_brand":[],"product_cat":[32],"product_tag":[],"class_list":{"0":"post-33361","1":"product","2":"type-product","3":"status-publish","5":"product_cat-uncategorized-fi","7":"first","8":"instock","9":"shipping-taxable","10":"purchasable","11":"product-type-simple"},"_links":{"self":[{"href":"https:\/\/nordicmart.andreevmaster.com\/fi\/wp-json\/wp\/v2\/product\/33361","targetHints":{"allow":["GET"]}}],"collection":[{"href":"https:\/\/nordicmart.andreevmaster.com\/fi\/wp-json\/wp\/v2\/product"}],"about":[{"href":"https:\/\/nordicmart.andreevmaster.com\/fi\/wp-json\/wp\/v2\/types\/product"}],"replies":[{"embeddable":true,"href":"https:\/\/nordicmart.andreevmaster.com\/fi\/wp-json\/wp\/v2\/comments?post=33361"}],"wp:attachment":[{"href":"https:\/\/nordicmart.andreevmaster.com\/fi\/wp-json\/wp\/v2\/media?parent=33361"}],"wp:term":[{"taxonomy":"product_brand","embeddable":true,"href":"https:\/\/nordicmart.andreevmaster.com\/fi\/wp-json\/wp\/v2\/product_brand?post=33361"},{"taxonomy":"product_cat","embeddable":true,"href":"https:\/\/nordicmart.andreevmaster.com\/fi\/wp-json\/wp\/v2\/product_cat?post=33361"},{"taxonomy":"product_tag","embeddable":true,"href":"https:\/\/nordicmart.andreevmaster.com\/fi\/wp-json\/wp\/v2\/product_tag?post=33361"}],"curies":[{"name":"wp","href":"https:\/\/api.w.org\/{rel}","templated":true}]}}