{"id":33360,"date":"2026-02-27T00:21:01","date_gmt":"2026-02-27T00:21:01","guid":{"rendered":"https:\/\/nordicmart.andreevmaster.com\/product\/leopardus-sangyn-reunapehmuste-60x120-70x140\/"},"modified":"2026-02-27T09:41:55","modified_gmt":"2026-02-27T09:41:55","slug":"leopardus-sangyn-reunapehmuste-60x120-70x140","status":"publish","type":"product","link":"https:\/\/nordicmart.andreevmaster.com\/fi\/tuote\/leopardus-sangyn-reunapehmuste-60x120-70x140\/","title":{"rendered":"Leopardus-s\u00e4ngyn reunapehmuste 60&#215;120\/70&#215;140"},"content":{"rendered":"<p>Tiedot: <\/p>\n<p>&#8211; tarkoitettu 60&#215;120 ja 70&#215;140 kokoisille vauvans\u00e4ngyille <\/p>\n<p>&#8211; suojaa lasta erinomaisesti vahingossa tapahtuvalta t\u00f6rm\u00e4ykselt\u00e4 s\u00e4ngyn s\u00e4leisiin <\/p>\n<p>&#8211; pehme\u00e4 ja miellytt\u00e4v\u00e4 kosketus <\/p>\n<p>Materiaali:  &#8211; 100 % puuvillaa, langan paino 150 g\/m2, Oeko-TEX Standard 100 IW 00034 -sertifikaatti &#8211; t\u00e4ytetty hypoallergeenisella silikonikuidulla, langan paino 200 g\/m2 <\/p>\n<p>Mitat:<br \/>\n &#8211; pituus: 210 cm<br \/>\n &#8211; korkeus: 24 cm<\/p>\n<p> Pesuohjeet:<br \/>\n &#8211; konepesu 40 \u00b0C:ssa<br \/>\n &#8211; silitys enint\u00e4\u00e4n 110 \u00b0C:ssa<br \/>\n &#8211; ei valkaisuaineita<br \/>\n &#8211; ei rumpukuivausta <\/p>\n<p>Suositellaan vastasyntyneille ja alle 3-vuotiaille lapsille.\u00a0K\u00e4yt\u00e4 vanhempien valvonnassa.<\/p>\n","protected":false},"excerpt":{"rendered":"<p>Tiedot: &#8211; tarkoitettu 60&#215;120 ja 70&#215;140 kokoisille vauvans\u00e4ngyille &#8211; suojaa lasta erinomaisesti vahingossa tapahtuvalta t\u00f6rm\u00e4ykselt\u00e4 s\u00e4ngyn s\u00e4leisiin &#8211; pehme\u00e4 ja miellytt\u00e4v\u00e4 kosketus Materiaali: &#8211; 100 % puuvillaa, langan paino 150 g\/m2, Oeko-TEX Standard 100 IW 00034 -sertifikaatti &#8211; t\u00e4ytetty hypoallergeenisella silikonikuidulla, langan paino 200 g\/m2 Mitat: &#8211; pituus: 210 cm &#8211; korkeus: 24 cm Pesuohjeet: [&hellip;]<\/p>\n","protected":false},"featured_media":0,"comment_status":"open","ping_status":"closed","template":"","meta":[],"product_brand":[],"product_cat":[32],"product_tag":[],"class_list":{"0":"post-33360","1":"product","2":"type-product","3":"status-publish","5":"product_cat-uncategorized-fi","7":"first","8":"instock","9":"shipping-taxable","10":"purchasable","11":"product-type-simple"},"_links":{"self":[{"href":"https:\/\/nordicmart.andreevmaster.com\/fi\/wp-json\/wp\/v2\/product\/33360","targetHints":{"allow":["GET"]}}],"collection":[{"href":"https:\/\/nordicmart.andreevmaster.com\/fi\/wp-json\/wp\/v2\/product"}],"about":[{"href":"https:\/\/nordicmart.andreevmaster.com\/fi\/wp-json\/wp\/v2\/types\/product"}],"replies":[{"embeddable":true,"href":"https:\/\/nordicmart.andreevmaster.com\/fi\/wp-json\/wp\/v2\/comments?post=33360"}],"wp:attachment":[{"href":"https:\/\/nordicmart.andreevmaster.com\/fi\/wp-json\/wp\/v2\/media?parent=33360"}],"wp:term":[{"taxonomy":"product_brand","embeddable":true,"href":"https:\/\/nordicmart.andreevmaster.com\/fi\/wp-json\/wp\/v2\/product_brand?post=33360"},{"taxonomy":"product_cat","embeddable":true,"href":"https:\/\/nordicmart.andreevmaster.com\/fi\/wp-json\/wp\/v2\/product_cat?post=33360"},{"taxonomy":"product_tag","embeddable":true,"href":"https:\/\/nordicmart.andreevmaster.com\/fi\/wp-json\/wp\/v2\/product_tag?post=33360"}],"curies":[{"name":"wp","href":"https:\/\/api.w.org\/{rel}","templated":true}]}}