{"id":33357,"date":"2026-02-27T00:21:00","date_gmt":"2026-02-27T00:21:00","guid":{"rendered":"https:\/\/nordicmart.andreevmaster.com\/product\/pellavavuodevaatteet-joissa-on-royhelo-vaaleanpunainen-m-taytetty\/"},"modified":"2026-02-27T09:41:54","modified_gmt":"2026-02-27T09:41:54","slug":"pellavavuodevaatteet-joissa-on-royhelo-vaaleanpunainen-m-taytetty","status":"publish","type":"product","link":"https:\/\/nordicmart.andreevmaster.com\/fi\/tuote\/pellavavuodevaatteet-joissa-on-royhelo-vaaleanpunainen-m-taytetty\/","title":{"rendered":"Pellavavuodevaatteet, joissa on r\u00f6yhel\u00f6, vaaleanpunainen M, t\u00e4ytetty"},"content":{"rendered":"<p>Vuodevaatteet, koko M, t\u00e4ytetty. <\/p>\n<p>Yksityiskohdat:<br \/>\n &#8211; vuodevaatteet ovat t\u00e4ytettyj\u00e4,<br \/>\n &#8211; viimeistelty herk\u00e4ll\u00e4 r\u00f6yhel\u00f6ll\u00e4,<br \/>\n &#8211; eritt\u00e4in pehme\u00e4t ja mukavat koskettaa. <\/p>\n<p>Koot:<br \/>\n &#8211; tyyny: 40&#215;60 cm (+4 cm r\u00f6yhel\u00f6)<br \/>\n &#8211; peitto: 100&#215;135 cm (+4 cm r\u00f6yhel\u00f6)<br \/>\n 2\u20136-vuotiaille lapsille. <\/p>\n<p>V\u00e4ri:<br \/>\n &#8211; p\u00f6lyinen vaaleanpunainen<br \/>\n &#8211; kiviharmaa<br \/>\n &#8211; lumivalkoinen <\/p>\n<p>Materiaali:<br \/>\n &#8211; valmistettu Puolassa puolalaisista materiaaleista,<br \/>\n &#8211; 100 % pellavaa, langan paino 154 g\/m2, Oeko-Tex Standard 100 IW 00034,<br \/>\n &#8211; pesul\u00e4mp\u00f6tila: 40 \u00b0C,<br \/>\n &#8211; silit\u00e4 m\u00e4rk\u00e4n\u00e4 korkeassa l\u00e4mp\u00f6tilassa. <\/p>\n<p> Suositellaan pellavasetille:<br \/>\n &#8211; Vuodevaatteet, katos, pehmuste, t\u00e4htityyny, rulla, peiteverho, <\/p>\n<p>&#8211; Sopii my\u00f6s t\u00e4ydellisesti puuvillatekstiileihimme.<\/p>\n","protected":false},"excerpt":{"rendered":"<p>Vuodevaatteet, koko M, t\u00e4ytetty. Yksityiskohdat: &#8211; vuodevaatteet ovat t\u00e4ytettyj\u00e4, &#8211; viimeistelty herk\u00e4ll\u00e4 r\u00f6yhel\u00f6ll\u00e4, &#8211; eritt\u00e4in pehme\u00e4t ja mukavat koskettaa. Koot: &#8211; tyyny: 40&#215;60 cm (+4 cm r\u00f6yhel\u00f6) &#8211; peitto: 100&#215;135 cm (+4 cm r\u00f6yhel\u00f6) 2\u20136-vuotiaille lapsille. V\u00e4ri: &#8211; p\u00f6lyinen vaaleanpunainen &#8211; kiviharmaa &#8211; lumivalkoinen Materiaali: &#8211; valmistettu Puolassa puolalaisista materiaaleista, &#8211; 100 % pellavaa, langan [&hellip;]<\/p>\n","protected":false},"featured_media":0,"comment_status":"open","ping_status":"closed","template":"","meta":[],"product_brand":[],"product_cat":[32],"product_tag":[],"class_list":{"0":"post-33357","1":"product","2":"type-product","3":"status-publish","5":"product_cat-uncategorized-fi","7":"first","8":"instock","9":"shipping-taxable","10":"purchasable","11":"product-type-simple"},"_links":{"self":[{"href":"https:\/\/nordicmart.andreevmaster.com\/fi\/wp-json\/wp\/v2\/product\/33357","targetHints":{"allow":["GET"]}}],"collection":[{"href":"https:\/\/nordicmart.andreevmaster.com\/fi\/wp-json\/wp\/v2\/product"}],"about":[{"href":"https:\/\/nordicmart.andreevmaster.com\/fi\/wp-json\/wp\/v2\/types\/product"}],"replies":[{"embeddable":true,"href":"https:\/\/nordicmart.andreevmaster.com\/fi\/wp-json\/wp\/v2\/comments?post=33357"}],"wp:attachment":[{"href":"https:\/\/nordicmart.andreevmaster.com\/fi\/wp-json\/wp\/v2\/media?parent=33357"}],"wp:term":[{"taxonomy":"product_brand","embeddable":true,"href":"https:\/\/nordicmart.andreevmaster.com\/fi\/wp-json\/wp\/v2\/product_brand?post=33357"},{"taxonomy":"product_cat","embeddable":true,"href":"https:\/\/nordicmart.andreevmaster.com\/fi\/wp-json\/wp\/v2\/product_cat?post=33357"},{"taxonomy":"product_tag","embeddable":true,"href":"https:\/\/nordicmart.andreevmaster.com\/fi\/wp-json\/wp\/v2\/product_tag?post=33357"}],"curies":[{"name":"wp","href":"https:\/\/api.w.org\/{rel}","templated":true}]}}