{"id":33351,"date":"2026-02-27T00:20:59","date_gmt":"2026-02-27T00:20:59","guid":{"rendered":"https:\/\/nordicmart.andreevmaster.com\/product\/vaippapoyta-up-polyinen-vaaleanpunainen\/"},"modified":"2026-02-27T09:41:53","modified_gmt":"2026-02-27T09:41:53","slug":"vaippapoyta-up-polyinen-vaaleanpunainen","status":"publish","type":"product","link":"https:\/\/nordicmart.andreevmaster.com\/fi\/tuote\/vaippapoyta-up-polyinen-vaaleanpunainen\/","title":{"rendered":"Vaippap\u00f6yt\u00e4 UP!  p\u00f6lyinen vaaleanpunainen"},"content":{"rendered":"<p>Vedenpit\u00e4v\u00e4 hoitop\u00f6yt\u00e4 peitteell\u00e4 ja pyyhkeell\u00e4, tarkoitettu The UP! -s\u00e4ngylle <\/p>\n<p>Pellavainen hoitop\u00f6yt\u00e4 sis\u00e4lt\u00e4\u00e4: <\/p>\n<p>&#8211; vaahtomuovipehmusteen <\/p>\n<p>&#8211; hoitop\u00f6yd\u00e4n peitteen, joka on valmistettu antibakteerisesta ja pehme\u00e4st\u00e4 pellavakankaasta <\/p>\n<p>&#8211; kaksipuolisen pehmusteen, joka on valmistettu pellavasta ja froteekankaasta ja suojattu vedenpit\u00e4v\u00e4ll\u00e4 kalvolla <\/p>\n<p>Koot: <\/p>\n<p>&#8211; 70x38x3 cm <\/p>\n<p>V\u00e4ri:<br \/>\n &#8211; p\u00f6lyinen vaaleanpunainen<br \/>\n &#8211; kiviharmaa<br \/>\n &#8211; lumivalkoinen <\/p>\n<p>Materiaali:<br \/>\n &#8211; valmistettu Puolassa puolalaisista materiaaleista,<br \/>\n &#8211; p\u00e4\u00e4llinen &#8211; 100 % pellavaa, langan paino 154 g\/m2, Oeko-Tex Standard 100 IW 00034,<br \/>\n &#8211; pesul\u00e4mp\u00f6tila: 40 \u00b0C,<br \/>\n &#8211; silit\u00e4 m\u00e4rk\u00e4n\u00e4 korkeassa l\u00e4mp\u00f6tilassa. <\/p>\n<p> Suositellaan pellavasetille:<br \/>\n &#8211; Vuodevaatteet, katos, pehmuste, t\u00e4htityyny, rulla, peiteverho, <\/p>\n<p>&#8211; Sopii my\u00f6s t\u00e4ydellisesti puuvillatekstiileihimme.<\/p>\n","protected":false},"excerpt":{"rendered":"<p>Vedenpit\u00e4v\u00e4 hoitop\u00f6yt\u00e4 peitteell\u00e4 ja pyyhkeell\u00e4, tarkoitettu The UP! -s\u00e4ngylle Pellavainen hoitop\u00f6yt\u00e4 sis\u00e4lt\u00e4\u00e4: &#8211; vaahtomuovipehmusteen &#8211; hoitop\u00f6yd\u00e4n peitteen, joka on valmistettu antibakteerisesta ja pehme\u00e4st\u00e4 pellavakankaasta &#8211; kaksipuolisen pehmusteen, joka on valmistettu pellavasta ja froteekankaasta ja suojattu vedenpit\u00e4v\u00e4ll\u00e4 kalvolla Koot: &#8211; 70x38x3 cm V\u00e4ri: &#8211; p\u00f6lyinen vaaleanpunainen &#8211; kiviharmaa &#8211; lumivalkoinen Materiaali: &#8211; valmistettu Puolassa puolalaisista materiaaleista, [&hellip;]<\/p>\n","protected":false},"featured_media":0,"comment_status":"open","ping_status":"closed","template":"","meta":[],"product_brand":[],"product_cat":[32],"product_tag":[],"class_list":{"0":"post-33351","1":"product","2":"type-product","3":"status-publish","5":"product_cat-uncategorized-fi","7":"first","8":"instock","9":"shipping-taxable","10":"purchasable","11":"product-type-simple"},"_links":{"self":[{"href":"https:\/\/nordicmart.andreevmaster.com\/fi\/wp-json\/wp\/v2\/product\/33351","targetHints":{"allow":["GET"]}}],"collection":[{"href":"https:\/\/nordicmart.andreevmaster.com\/fi\/wp-json\/wp\/v2\/product"}],"about":[{"href":"https:\/\/nordicmart.andreevmaster.com\/fi\/wp-json\/wp\/v2\/types\/product"}],"replies":[{"embeddable":true,"href":"https:\/\/nordicmart.andreevmaster.com\/fi\/wp-json\/wp\/v2\/comments?post=33351"}],"wp:attachment":[{"href":"https:\/\/nordicmart.andreevmaster.com\/fi\/wp-json\/wp\/v2\/media?parent=33351"}],"wp:term":[{"taxonomy":"product_brand","embeddable":true,"href":"https:\/\/nordicmart.andreevmaster.com\/fi\/wp-json\/wp\/v2\/product_brand?post=33351"},{"taxonomy":"product_cat","embeddable":true,"href":"https:\/\/nordicmart.andreevmaster.com\/fi\/wp-json\/wp\/v2\/product_cat?post=33351"},{"taxonomy":"product_tag","embeddable":true,"href":"https:\/\/nordicmart.andreevmaster.com\/fi\/wp-json\/wp\/v2\/product_tag?post=33351"}],"curies":[{"name":"wp","href":"https:\/\/api.w.org\/{rel}","templated":true}]}}