{"id":33349,"date":"2026-02-27T00:20:58","date_gmt":"2026-02-27T00:20:58","guid":{"rendered":"https:\/\/nordicmart.andreevmaster.com\/product\/linien-fitted-sheet-true-stripes-40x90-xs-2\/"},"modified":"2026-02-27T09:41:53","modified_gmt":"2026-02-27T09:41:53","slug":"linien-fitted-sheet-true-stripes-40x90-xs-2","status":"publish","type":"product","link":"https:\/\/nordicmart.andreevmaster.com\/fi\/tuote\/linien-fitted-sheet-true-stripes-40x90-xs-2\/","title":{"rendered":"Linien fitted sheet true stripes 40&#215;90 (XS)"},"content":{"rendered":"<p>Jotta voimme taata lapsellesi parhaan mahdollisen mukavuuden unen aikana, olemme luoneet lasten vuodevaatteiden kokoelman, joka on valmistettu luonnollisesta, herk\u00e4st\u00e4 pellavakankaasta. Miksi pellava? &#8211; sill\u00e4 on antibakteerisia ominaisuuksia; &#8211; se on allergisoimaton \u2013 ei aiheuta allergiaa; &#8211; se on ihoyst\u00e4v\u00e4llinen ja miellytt\u00e4v\u00e4 koskettaa; &#8211; se imee hyvin kosteutta; &#8211; se s\u00e4\u00e4telee l\u00e4mp\u00f6\u00e4 \u2013 sill\u00e4 on hyv\u00e4t ilmanl\u00e4p\u00e4isy- ja l\u00e4mm\u00f6njohtavuusominaisuudet. Se viilent\u00e4\u00e4 kuumina p\u00e4ivin\u00e4 ja l\u00e4mmitt\u00e4\u00e4 viilein\u00e4 p\u00e4ivin\u00e4; &#8211; se kest\u00e4\u00e4 kulutusta ja venytyst\u00e4; &#8211; se ei s\u00e4hk\u00f6isty; &#8211; se on biohajoava; &#8211; pellavan toistuva pesu parantaa sen ominaisuuksia, pellava muuttuu pehme\u00e4mm\u00e4ksi ja sile\u00e4mm\u00e4ksi.  2-osainen pellavavuodevaatteet, joissa on r\u00f6yhel\u00f6. Yksityiskohdat: &#8211; vuodevaatteet ilman t\u00e4ytett\u00e4 (pussilakana ja tyynyliina) &#8211; suljettava n\u00e4kym\u00e4tt\u00f6m\u00e4ll\u00e4 vetoketjulla &#8211; viimeistelty hienovaraisella r\u00f6yhel\u00f6ll\u00e4 &#8211; pehme\u00e4 ja miellytt\u00e4v\u00e4 kosketus  Mitat:  &#8211; tyynyliina: 40&#215;60 cm (+4 cm r\u00f6yhel\u00f6) &#8211; peittoliina: 100&#215;135 cm (+ 4 cm r\u00f6yhel\u00f6) Lapsille: syntym\u00e4st\u00e4 noin 5\/6 vuoden ik\u00e4\u00e4n.  V\u00e4rit: &#8211; p\u00f6lyinen vaaleanpunainen &#8211; sumuinen harmaa &#8211; lumivalkoinen  Materiaali: &#8211; Puolassa ommeltu vuodevaatteet, valmistettu Puolassa tuotetuista raaka-aineista &#8211; koostumus: 100 % pellavaa, paino 154 g\/m2 &#8211; pesul\u00e4mp\u00f6tila: hell\u00e4varainen pesu 40 astetta &#8211; voidaan silitt\u00e4\u00e4 kosteana korkeassa l\u00e4mp\u00f6tilassa<\/p>\n","protected":false},"excerpt":{"rendered":"<p>Jotta voimme taata lapsellesi parhaan mahdollisen mukavuuden unen aikana, olemme luoneet lasten vuodevaatteiden kokoelman, joka on valmistettu luonnollisesta, herk\u00e4st\u00e4 pellavakankaasta. Miksi pellava? &#8211; sill\u00e4 on antibakteerisia ominaisuuksia; &#8211; se on allergisoimaton \u2013 ei aiheuta allergiaa; &#8211; se on ihoyst\u00e4v\u00e4llinen ja miellytt\u00e4v\u00e4 koskettaa; &#8211; se imee hyvin kosteutta; &#8211; se s\u00e4\u00e4telee l\u00e4mp\u00f6\u00e4 \u2013 sill\u00e4 on hyv\u00e4t [&hellip;]<\/p>\n","protected":false},"featured_media":0,"comment_status":"open","ping_status":"closed","template":"","meta":[],"product_brand":[],"product_cat":[32],"product_tag":[],"class_list":{"0":"post-33349","1":"product","2":"type-product","3":"status-publish","5":"product_cat-uncategorized-fi","7":"first","8":"instock","9":"shipping-taxable","10":"purchasable","11":"product-type-simple"},"_links":{"self":[{"href":"https:\/\/nordicmart.andreevmaster.com\/fi\/wp-json\/wp\/v2\/product\/33349","targetHints":{"allow":["GET"]}}],"collection":[{"href":"https:\/\/nordicmart.andreevmaster.com\/fi\/wp-json\/wp\/v2\/product"}],"about":[{"href":"https:\/\/nordicmart.andreevmaster.com\/fi\/wp-json\/wp\/v2\/types\/product"}],"replies":[{"embeddable":true,"href":"https:\/\/nordicmart.andreevmaster.com\/fi\/wp-json\/wp\/v2\/comments?post=33349"}],"wp:attachment":[{"href":"https:\/\/nordicmart.andreevmaster.com\/fi\/wp-json\/wp\/v2\/media?parent=33349"}],"wp:term":[{"taxonomy":"product_brand","embeddable":true,"href":"https:\/\/nordicmart.andreevmaster.com\/fi\/wp-json\/wp\/v2\/product_brand?post=33349"},{"taxonomy":"product_cat","embeddable":true,"href":"https:\/\/nordicmart.andreevmaster.com\/fi\/wp-json\/wp\/v2\/product_cat?post=33349"},{"taxonomy":"product_tag","embeddable":true,"href":"https:\/\/nordicmart.andreevmaster.com\/fi\/wp-json\/wp\/v2\/product_tag?post=33349"}],"curies":[{"name":"wp","href":"https:\/\/api.w.org\/{rel}","templated":true}]}}