{"id":33339,"date":"2026-02-27T00:20:56","date_gmt":"2026-02-27T00:20:56","guid":{"rendered":"https:\/\/nordicmart.andreevmaster.com\/product\/polyinen-vaaleanpunainen-pellavainen-lakanapyyhe-s\/"},"modified":"2026-02-27T09:41:51","modified_gmt":"2026-02-27T09:41:51","slug":"polyinen-vaaleanpunainen-pellavainen-lakanapyyhe-s","status":"publish","type":"product","link":"https:\/\/nordicmart.andreevmaster.com\/fi\/tuote\/polyinen-vaaleanpunainen-pellavainen-lakanapyyhe-s\/","title":{"rendered":"P\u00f6lyinen vaaleanpunainen pellavainen lakanapyyhe S"},"content":{"rendered":"<p>**Pellavainen joustava lakanap\u00e4\u00e4llinen 60&#215;120** ** ** **Yksityiskohdat:**<br \/>\n &#8211; sopii t\u00e4ydellisesti patjaan,<br \/>\n &#8211; eritt\u00e4in pehme\u00e4 ja miellytt\u00e4v\u00e4 kosketus,<br \/>\n &#8211; pellavan ominaisuudet ovat terveellisi\u00e4 lapselle (antibakteerinen, antiallerginen, antistaattinen).   **Koko:**<br \/>\n &#8211; 60&#215;120 cm<br \/>\n  **V\u00e4ri:<br \/>\n **- p\u00f6lyinen vaaleanpunainen<br \/>\n &#8211; kiviharmaa<br \/>\n &#8211; lumivalkoinen &#8211; tummansininen<br \/>\n &#8211; aidot raidat   **Materiaali:**<br \/>\n &#8211; valmistettu Puolassa puolalaisista materiaaleista,<br \/>\n &#8211; 100 % pellavaa, langan paino 154 g\/m2 ja **Oeko-Tex Standard 100 IW 00034,**<br \/>\n &#8211; pesul\u00e4mp\u00f6tila: 40 \u00b0C,<br \/>\n &#8211; silit\u00e4 m\u00e4rk\u00e4n\u00e4 korkeassa l\u00e4mp\u00f6tilassa. **<br \/>\n Suositellaan pellavasetille:**<br \/>\n &#8211; Vuodevaatteet, katos, pehmuste, t\u00e4htityyny, rulla, peiteverho, &#8211; Sopii my\u00f6s t\u00e4ydellisesti puuvillatekstiileihimme.<\/p>\n","protected":false},"excerpt":{"rendered":"<p>**Pellavainen joustava lakanap\u00e4\u00e4llinen 60&#215;120** ** ** **Yksityiskohdat:** &#8211; sopii t\u00e4ydellisesti patjaan, &#8211; eritt\u00e4in pehme\u00e4 ja miellytt\u00e4v\u00e4 kosketus, &#8211; pellavan ominaisuudet ovat terveellisi\u00e4 lapselle (antibakteerinen, antiallerginen, antistaattinen). **Koko:** &#8211; 60&#215;120 cm **V\u00e4ri: **- p\u00f6lyinen vaaleanpunainen &#8211; kiviharmaa &#8211; lumivalkoinen &#8211; tummansininen &#8211; aidot raidat **Materiaali:** &#8211; valmistettu Puolassa puolalaisista materiaaleista, &#8211; 100 % pellavaa, langan paino [&hellip;]<\/p>\n","protected":false},"featured_media":0,"comment_status":"open","ping_status":"closed","template":"","meta":[],"product_brand":[],"product_cat":[32],"product_tag":[],"class_list":{"0":"post-33339","1":"product","2":"type-product","3":"status-publish","5":"product_cat-uncategorized-fi","7":"first","8":"instock","9":"shipping-taxable","10":"purchasable","11":"product-type-simple"},"_links":{"self":[{"href":"https:\/\/nordicmart.andreevmaster.com\/fi\/wp-json\/wp\/v2\/product\/33339","targetHints":{"allow":["GET"]}}],"collection":[{"href":"https:\/\/nordicmart.andreevmaster.com\/fi\/wp-json\/wp\/v2\/product"}],"about":[{"href":"https:\/\/nordicmart.andreevmaster.com\/fi\/wp-json\/wp\/v2\/types\/product"}],"replies":[{"embeddable":true,"href":"https:\/\/nordicmart.andreevmaster.com\/fi\/wp-json\/wp\/v2\/comments?post=33339"}],"wp:attachment":[{"href":"https:\/\/nordicmart.andreevmaster.com\/fi\/wp-json\/wp\/v2\/media?parent=33339"}],"wp:term":[{"taxonomy":"product_brand","embeddable":true,"href":"https:\/\/nordicmart.andreevmaster.com\/fi\/wp-json\/wp\/v2\/product_brand?post=33339"},{"taxonomy":"product_cat","embeddable":true,"href":"https:\/\/nordicmart.andreevmaster.com\/fi\/wp-json\/wp\/v2\/product_cat?post=33339"},{"taxonomy":"product_tag","embeddable":true,"href":"https:\/\/nordicmart.andreevmaster.com\/fi\/wp-json\/wp\/v2\/product_tag?post=33339"}],"curies":[{"name":"wp","href":"https:\/\/api.w.org\/{rel}","templated":true}]}}