{"id":33336,"date":"2026-02-27T00:20:55","date_gmt":"2026-02-27T00:20:55","guid":{"rendered":"https:\/\/nordicmart.andreevmaster.com\/product\/polyinen-vaaleanpunainen-xs-kokoinen-pellavainen-lakanapaallinen\/"},"modified":"2026-02-27T09:41:50","modified_gmt":"2026-02-27T09:41:50","slug":"polyinen-vaaleanpunainen-xs-kokoinen-pellavainen-lakanapaallinen","status":"publish","type":"product","link":"https:\/\/nordicmart.andreevmaster.com\/fi\/tuote\/polyinen-vaaleanpunainen-xs-kokoinen-pellavainen-lakanapaallinen\/","title":{"rendered":"P\u00f6lyinen vaaleanpunainen XS-kokoinen pellavainen lakanap\u00e4\u00e4llinen"},"content":{"rendered":"<p>Varmistaaksemme parhaan mukavuuden vauvallesi, olemme luoneet luonnollisen pehme\u00e4n pellavakokoelman. **Miksi pellava?**<br \/>\n &#8211; antibakteeriset ominaisuudet;<br \/>\n &#8211; antiallerginen \u2013 ei aiheuta herkistymist\u00e4;<br \/>\n &#8211; eritt\u00e4in hell\u00e4varainen iholle, miellytt\u00e4v\u00e4 kosketus<br \/>\n &#8211; korkea kosteuden imukyky<br \/>\n &#8211; l\u00e4mm\u00f6ns\u00e4\u00e4tely \u2013 korkea ilmanl\u00e4p\u00e4isevyys ja l\u00e4mm\u00f6nsiirto;<br \/>\n &#8211; kulutusta ja venymist\u00e4 kest\u00e4v\u00e4<br \/>\n &#8211; ei s\u00e4hk\u00f6isty<br \/>\n &#8211; biohajoava<br \/>\n &#8211; s\u00e4\u00e4nn\u00f6llinen pesu parantaa tekstiilin ominaisuuksia ja tekee pellavasta pehme\u00e4mm\u00e4n ja sile\u00e4mm\u00e4n.   **Joustava lakana.** **Yksityiskohdat:**<br \/>\n &#8211; sopii t\u00e4ydellisesti patjaan<br \/>\n &#8211; eritt\u00e4in pehme\u00e4 ja miellytt\u00e4v\u00e4 kosketukseltaan<br \/>\n &#8211; pellavan ominaisuudet ovat terveellisi\u00e4 lapselle .   **Koot:**<br \/>\n &#8211; 70&#215;140<br \/>\n &#8211; 60&#215;120<br \/>\n &#8211; 40&#215;90<br \/>\n  **V\u00e4rit:**<br \/>\n &#8211; p\u00f6lyinen vaaleanpunainen<br \/>\n &#8211; sumuinen harmaa<br \/>\n &#8211; lumivalkoinen **Materiaali:**<br \/>\n &#8211; valmistettu Puolassa puolalaisista materiaaleista<br \/>\n &#8211; 100 % pellavaa, langan paino 154 g\/m2 ja Oeko-Tex Standard 100 IW 00034<br \/>\n &#8211; pesul\u00e4mp\u00f6tila: 40 \u00b0C<br \/>\n &#8211; silit\u00e4 m\u00e4rk\u00e4n\u00e4 korkeassa l\u00e4mp\u00f6tilassa **<br \/>\n Suositellaan**** pellavasetille:**<br \/>\n &#8211; Vuodevaatteet, katos, pehmuste, t\u00e4htityyny, rulla, peiteverho.<\/p>\n","protected":false},"excerpt":{"rendered":"<p>Varmistaaksemme parhaan mukavuuden vauvallesi, olemme luoneet luonnollisen pehme\u00e4n pellavakokoelman. **Miksi pellava?** &#8211; antibakteeriset ominaisuudet; &#8211; antiallerginen \u2013 ei aiheuta herkistymist\u00e4; &#8211; eritt\u00e4in hell\u00e4varainen iholle, miellytt\u00e4v\u00e4 kosketus &#8211; korkea kosteuden imukyky &#8211; l\u00e4mm\u00f6ns\u00e4\u00e4tely \u2013 korkea ilmanl\u00e4p\u00e4isevyys ja l\u00e4mm\u00f6nsiirto; &#8211; kulutusta ja venymist\u00e4 kest\u00e4v\u00e4 &#8211; ei s\u00e4hk\u00f6isty &#8211; biohajoava &#8211; s\u00e4\u00e4nn\u00f6llinen pesu parantaa tekstiilin ominaisuuksia ja tekee [&hellip;]<\/p>\n","protected":false},"featured_media":0,"comment_status":"open","ping_status":"closed","template":"","meta":[],"product_brand":[],"product_cat":[32],"product_tag":[],"class_list":{"0":"post-33336","1":"product","2":"type-product","3":"status-publish","5":"product_cat-uncategorized-fi","7":"first","8":"instock","9":"shipping-taxable","10":"purchasable","11":"product-type-simple"},"_links":{"self":[{"href":"https:\/\/nordicmart.andreevmaster.com\/fi\/wp-json\/wp\/v2\/product\/33336","targetHints":{"allow":["GET"]}}],"collection":[{"href":"https:\/\/nordicmart.andreevmaster.com\/fi\/wp-json\/wp\/v2\/product"}],"about":[{"href":"https:\/\/nordicmart.andreevmaster.com\/fi\/wp-json\/wp\/v2\/types\/product"}],"replies":[{"embeddable":true,"href":"https:\/\/nordicmart.andreevmaster.com\/fi\/wp-json\/wp\/v2\/comments?post=33336"}],"wp:attachment":[{"href":"https:\/\/nordicmart.andreevmaster.com\/fi\/wp-json\/wp\/v2\/media?parent=33336"}],"wp:term":[{"taxonomy":"product_brand","embeddable":true,"href":"https:\/\/nordicmart.andreevmaster.com\/fi\/wp-json\/wp\/v2\/product_brand?post=33336"},{"taxonomy":"product_cat","embeddable":true,"href":"https:\/\/nordicmart.andreevmaster.com\/fi\/wp-json\/wp\/v2\/product_cat?post=33336"},{"taxonomy":"product_tag","embeddable":true,"href":"https:\/\/nordicmart.andreevmaster.com\/fi\/wp-json\/wp\/v2\/product_tag?post=33336"}],"curies":[{"name":"wp","href":"https:\/\/api.w.org\/{rel}","templated":true}]}}