{"id":33323,"date":"2026-02-27T00:20:52","date_gmt":"2026-02-27T00:20:52","guid":{"rendered":"https:\/\/nordicmart.andreevmaster.com\/product\/pellavainen-sangynreunus-kiviharmaa\/"},"modified":"2026-02-27T09:41:48","modified_gmt":"2026-02-27T09:41:48","slug":"pellavainen-sangynreunus-kiviharmaa","status":"publish","type":"product","link":"https:\/\/nordicmart.andreevmaster.com\/fi\/tuote\/pellavainen-sangynreunus-kiviharmaa\/","title":{"rendered":"Pellavainen s\u00e4ngynreunus, kiviharmaa"},"content":{"rendered":"<p>**Tiedot**: &#8211; suojaa vauvaa p\u00e4\u00e4h\u00e4n kohdistuvilta iskuilta,<br \/>\n &#8211; voit kiinnitt\u00e4\u00e4 pehmusteen puuvillalangalla,<br \/>\n &#8211; eritt\u00e4in pehme\u00e4 ja miellytt\u00e4v\u00e4 kosketus. **Koot:**<br \/>\n &#8211; pituus: 198 cm<br \/>\n &#8211; korkeus: 23,5 cm<br \/>\n Sopii s\u00e4nkyyn, jonka koko on 70&#215;140 tai 60&#215;120   **V\u00e4ri**:<br \/>\n &#8211; p\u00f6lyinen vaaleanpunainen<br \/>\n &#8211; kiviharmaa<br \/>\n &#8211; lumivalkoinen &#8211; tummansininen &#8211; aidot raidat ** ** **Materiaali:**<br \/>\n &#8211; valmistettu Puolassa puolalaisista materiaaleista,<br \/>\n &#8211; 100 % pellavaa, langan paino 154 g\/m2 ja** Oeko-Tex Standard 100 IW 00034,**<br \/>\n &#8211; pesul\u00e4mp\u00f6tila: 40 \u00b0C,<br \/>\n &#8211; silitys m\u00e4rk\u00e4n\u00e4 korkeassa l\u00e4mp\u00f6tilassa. **<br \/>\n Suositellaan pellavasetille:**<br \/>\n &#8211; Vuodevaatteet, katos, pehmuste, t\u00e4htityyny, rulla, peiteverho, &#8211; Sopii my\u00f6s t\u00e4ydellisesti puuvillatekstiileihimme. Pellava on luonnollinen materiaali, joten s\u00e4vyt voivat vaihdella.<\/p>\n","protected":false},"excerpt":{"rendered":"<p>**Tiedot**: &#8211; suojaa vauvaa p\u00e4\u00e4h\u00e4n kohdistuvilta iskuilta, &#8211; voit kiinnitt\u00e4\u00e4 pehmusteen puuvillalangalla, &#8211; eritt\u00e4in pehme\u00e4 ja miellytt\u00e4v\u00e4 kosketus. **Koot:** &#8211; pituus: 198 cm &#8211; korkeus: 23,5 cm Sopii s\u00e4nkyyn, jonka koko on 70&#215;140 tai 60&#215;120 **V\u00e4ri**: &#8211; p\u00f6lyinen vaaleanpunainen &#8211; kiviharmaa &#8211; lumivalkoinen &#8211; tummansininen &#8211; aidot raidat ** ** **Materiaali:** &#8211; valmistettu Puolassa puolalaisista [&hellip;]<\/p>\n","protected":false},"featured_media":0,"comment_status":"open","ping_status":"closed","template":"","meta":[],"product_brand":[],"product_cat":[32],"product_tag":[],"class_list":{"0":"post-33323","1":"product","2":"type-product","3":"status-publish","5":"product_cat-uncategorized-fi","7":"first","8":"instock","9":"shipping-taxable","10":"purchasable","11":"product-type-simple"},"_links":{"self":[{"href":"https:\/\/nordicmart.andreevmaster.com\/fi\/wp-json\/wp\/v2\/product\/33323","targetHints":{"allow":["GET"]}}],"collection":[{"href":"https:\/\/nordicmart.andreevmaster.com\/fi\/wp-json\/wp\/v2\/product"}],"about":[{"href":"https:\/\/nordicmart.andreevmaster.com\/fi\/wp-json\/wp\/v2\/types\/product"}],"replies":[{"embeddable":true,"href":"https:\/\/nordicmart.andreevmaster.com\/fi\/wp-json\/wp\/v2\/comments?post=33323"}],"wp:attachment":[{"href":"https:\/\/nordicmart.andreevmaster.com\/fi\/wp-json\/wp\/v2\/media?parent=33323"}],"wp:term":[{"taxonomy":"product_brand","embeddable":true,"href":"https:\/\/nordicmart.andreevmaster.com\/fi\/wp-json\/wp\/v2\/product_brand?post=33323"},{"taxonomy":"product_cat","embeddable":true,"href":"https:\/\/nordicmart.andreevmaster.com\/fi\/wp-json\/wp\/v2\/product_cat?post=33323"},{"taxonomy":"product_tag","embeddable":true,"href":"https:\/\/nordicmart.andreevmaster.com\/fi\/wp-json\/wp\/v2\/product_tag?post=33323"}],"curies":[{"name":"wp","href":"https:\/\/api.w.org\/{rel}","templated":true}]}}