{"id":33315,"date":"2026-02-27T00:20:50","date_gmt":"2026-02-27T00:20:50","guid":{"rendered":"https:\/\/nordicmart.andreevmaster.com\/product\/liinavaatteet-2-puolinen-peiteverho-patjan-alle-lumivalkoinen\/"},"modified":"2026-02-27T09:41:47","modified_gmt":"2026-02-27T09:41:47","slug":"liinavaatteet-2-puolinen-peiteverho-patjan-alle-lumivalkoinen","status":"publish","type":"product","link":"https:\/\/nordicmart.andreevmaster.com\/fi\/tuote\/liinavaatteet-2-puolinen-peiteverho-patjan-alle-lumivalkoinen\/","title":{"rendered":"Liinavaatteet 2-puolinen peiteverho patjan alle, lumivalkoinen"},"content":{"rendered":"<p>Liinavaatteet 2-puolinen\/3-puolinen peiteverho patjan alle.   **Yksityiskohdat**:<br \/>\n &#8211; t\u00e4ydellinen piilottamaan kaikki laatikon sis\u00e4ll\u00f6n, kun pohja on korkeassa asennossa,<br \/>\n &#8211; helppo asentaa,<br \/>\n &#8211; voit peitt\u00e4\u00e4 yhden, kaksi tai kolme osaa s\u00e4ngyn sivuista \u2013 tarpeen mukaan (ostettavissa lis\u00e4varusteena),<br \/>\n &#8211; helposti s\u00e4\u00e4dett\u00e4v\u00e4 korkeus (65 cm:n et\u00e4isyydelle),<br \/>\n &#8211; pit\u00e4\u00e4 vauvan s\u00e4ngyn vieh\u00e4tt\u00e4v\u00e4n\u00e4 ja siistin\u00e4,<br \/>\n &#8211; eritt\u00e4in pehme\u00e4 ja mukava kosketus.   **Koot**:<br \/>\n &#8211; pohja: 70&#215;140<br \/>\n &#8211; korkeus: 35 cm   **V\u00e4ri**:<br \/>\n &#8211; p\u00f6lyinen vaaleanpunainen<br \/>\n &#8211; kiviharmaa<br \/>\n &#8211; lumivalkoinen   **Materiaali:**<br \/>\n &#8211; valmistettu Puolassa puolalaisista materiaaleista,<br \/>\n &#8211; 100 % pellavaa, langan paino 154 g\/m2 ja** Oeko-Tex Standard 100 IW 00034,**<br \/>\n &#8211; pesul\u00e4mp\u00f6tila: 40 \u00b0C,<br \/>\n &#8211; silit\u00e4 m\u00e4rk\u00e4n\u00e4 korkeassa l\u00e4mp\u00f6tilassa. **<br \/>\n Suositellaan pellavasetille:**<br \/>\n &#8211; Vuodevaatteet, katos, pehmuste, t\u00e4htityyny, rulla, peiteverho, &#8211; Sopii my\u00f6s t\u00e4ydellisesti puuvillatekstiileihimme.<\/p>\n","protected":false},"excerpt":{"rendered":"<p>Liinavaatteet 2-puolinen\/3-puolinen peiteverho patjan alle. **Yksityiskohdat**: &#8211; t\u00e4ydellinen piilottamaan kaikki laatikon sis\u00e4ll\u00f6n, kun pohja on korkeassa asennossa, &#8211; helppo asentaa, &#8211; voit peitt\u00e4\u00e4 yhden, kaksi tai kolme osaa s\u00e4ngyn sivuista \u2013 tarpeen mukaan (ostettavissa lis\u00e4varusteena), &#8211; helposti s\u00e4\u00e4dett\u00e4v\u00e4 korkeus (65 cm:n et\u00e4isyydelle), &#8211; pit\u00e4\u00e4 vauvan s\u00e4ngyn vieh\u00e4tt\u00e4v\u00e4n\u00e4 ja siistin\u00e4, &#8211; eritt\u00e4in pehme\u00e4 ja mukava kosketus. [&hellip;]<\/p>\n","protected":false},"featured_media":0,"comment_status":"open","ping_status":"closed","template":"","meta":[],"product_brand":[],"product_cat":[32],"product_tag":[],"class_list":{"0":"post-33315","1":"product","2":"type-product","3":"status-publish","5":"product_cat-uncategorized-fi","7":"first","8":"instock","9":"shipping-taxable","10":"purchasable","11":"product-type-simple"},"_links":{"self":[{"href":"https:\/\/nordicmart.andreevmaster.com\/fi\/wp-json\/wp\/v2\/product\/33315","targetHints":{"allow":["GET"]}}],"collection":[{"href":"https:\/\/nordicmart.andreevmaster.com\/fi\/wp-json\/wp\/v2\/product"}],"about":[{"href":"https:\/\/nordicmart.andreevmaster.com\/fi\/wp-json\/wp\/v2\/types\/product"}],"replies":[{"embeddable":true,"href":"https:\/\/nordicmart.andreevmaster.com\/fi\/wp-json\/wp\/v2\/comments?post=33315"}],"wp:attachment":[{"href":"https:\/\/nordicmart.andreevmaster.com\/fi\/wp-json\/wp\/v2\/media?parent=33315"}],"wp:term":[{"taxonomy":"product_brand","embeddable":true,"href":"https:\/\/nordicmart.andreevmaster.com\/fi\/wp-json\/wp\/v2\/product_brand?post=33315"},{"taxonomy":"product_cat","embeddable":true,"href":"https:\/\/nordicmart.andreevmaster.com\/fi\/wp-json\/wp\/v2\/product_cat?post=33315"},{"taxonomy":"product_tag","embeddable":true,"href":"https:\/\/nordicmart.andreevmaster.com\/fi\/wp-json\/wp\/v2\/product_tag?post=33315"}],"curies":[{"name":"wp","href":"https:\/\/api.w.org\/{rel}","templated":true}]}}