{"id":33311,"date":"2026-02-27T00:20:49","date_gmt":"2026-02-27T00:20:49","guid":{"rendered":"https:\/\/nordicmart.andreevmaster.com\/product\/pellavakatos-kiviharmaa\/"},"modified":"2026-02-27T09:41:46","modified_gmt":"2026-02-27T09:41:46","slug":"pellavakatos-kiviharmaa","status":"publish","type":"product","link":"https:\/\/nordicmart.andreevmaster.com\/fi\/tuote\/pellavakatos-kiviharmaa\/","title":{"rendered":"Pellavakatos kiviharmaa"},"content":{"rendered":"<p>**Tiedot:**<br \/>\n &#8211; suuri katos peitt\u00e4\u00e4 koko s\u00e4ngyn 70&#215;140,<br \/>\n &#8211; voit ripustaa sen s\u00e4ngyn p\u00e4\u00e4lle tai luoda erityisen vauvanurkkauksen,<br \/>\n &#8211; metallirunko on helppo koota,<br \/>\n &#8211; korkeus on helposti s\u00e4\u00e4dett\u00e4viss\u00e4 (65 cm:n et\u00e4isyydelle),<br \/>\n &#8211; mahdollisuus ripustaa omia koristeita, mobiileja tai valoja katoksen sis\u00e4\u00e4n,<br \/>\n &#8211; voidaan muuttaa verholla,<br \/>\n &#8211; eritt\u00e4in pehme\u00e4 ja mukava koskettaa.   **Koot:**<br \/>\n Ympyr\u00e4n halkaisija: 50 cm<br \/>\n Pituus: 260 cm<br \/>\n Nauhojen pituus: 65 cm   **V\u00e4ri**:<br \/>\n &#8211; p\u00f6lyinen vaaleanpunainen<br \/>\n &#8211; kiviharmaa<br \/>\n &#8211; lumivalkoinen &#8211;       tummansininen ** ** **Materiaali:**<br \/>\n &#8211; valmistettu Puolassa puolalaisista materiaaleista,<br \/>\n &#8211; 100 % pellavaa, langan paino 154 g\/m2 ja** Oeko-Tex Standard 100 IW 00034,**<br \/>\n &#8211; pesul\u00e4mp\u00f6tila: 40 \u00b0C,<br \/>\n &#8211; silitys m\u00e4rk\u00e4n\u00e4 korkeassa l\u00e4mp\u00f6tilassa. **<br \/>\n Suositellaan pellavasetille:**<br \/>\n &#8211; Vuodevaatteet, katos, pehmuste, t\u00e4htityyny, rulla, peiteverho, &#8211; Sopii my\u00f6s t\u00e4ydellisesti puuvillatekstiileihimme. Pellava on luonnollinen materiaali, joten s\u00e4vyt voivat vaihdella.<\/p>\n","protected":false},"excerpt":{"rendered":"<p>**Tiedot:** &#8211; suuri katos peitt\u00e4\u00e4 koko s\u00e4ngyn 70&#215;140, &#8211; voit ripustaa sen s\u00e4ngyn p\u00e4\u00e4lle tai luoda erityisen vauvanurkkauksen, &#8211; metallirunko on helppo koota, &#8211; korkeus on helposti s\u00e4\u00e4dett\u00e4viss\u00e4 (65 cm:n et\u00e4isyydelle), &#8211; mahdollisuus ripustaa omia koristeita, mobiileja tai valoja katoksen sis\u00e4\u00e4n, &#8211; voidaan muuttaa verholla, &#8211; eritt\u00e4in pehme\u00e4 ja mukava koskettaa. **Koot:** Ympyr\u00e4n halkaisija: 50 [&hellip;]<\/p>\n","protected":false},"featured_media":0,"comment_status":"open","ping_status":"closed","template":"","meta":[],"product_brand":[],"product_cat":[32],"product_tag":[],"class_list":{"0":"post-33311","1":"product","2":"type-product","3":"status-publish","5":"product_cat-uncategorized-fi","7":"first","8":"instock","9":"shipping-taxable","10":"purchasable","11":"product-type-simple"},"_links":{"self":[{"href":"https:\/\/nordicmart.andreevmaster.com\/fi\/wp-json\/wp\/v2\/product\/33311","targetHints":{"allow":["GET"]}}],"collection":[{"href":"https:\/\/nordicmart.andreevmaster.com\/fi\/wp-json\/wp\/v2\/product"}],"about":[{"href":"https:\/\/nordicmart.andreevmaster.com\/fi\/wp-json\/wp\/v2\/types\/product"}],"replies":[{"embeddable":true,"href":"https:\/\/nordicmart.andreevmaster.com\/fi\/wp-json\/wp\/v2\/comments?post=33311"}],"wp:attachment":[{"href":"https:\/\/nordicmart.andreevmaster.com\/fi\/wp-json\/wp\/v2\/media?parent=33311"}],"wp:term":[{"taxonomy":"product_brand","embeddable":true,"href":"https:\/\/nordicmart.andreevmaster.com\/fi\/wp-json\/wp\/v2\/product_brand?post=33311"},{"taxonomy":"product_cat","embeddable":true,"href":"https:\/\/nordicmart.andreevmaster.com\/fi\/wp-json\/wp\/v2\/product_cat?post=33311"},{"taxonomy":"product_tag","embeddable":true,"href":"https:\/\/nordicmart.andreevmaster.com\/fi\/wp-json\/wp\/v2\/product_tag?post=33311"}],"curies":[{"name":"wp","href":"https:\/\/api.w.org\/{rel}","templated":true}]}}