{"id":33309,"date":"2026-02-27T00:20:48","date_gmt":"2026-02-27T00:20:48","guid":{"rendered":"https:\/\/nordicmart.andreevmaster.com\/product\/pellavainen-vaippamatto-peitteella-ja-pyyhkeella-harmaa\/"},"modified":"2026-02-27T09:41:46","modified_gmt":"2026-02-27T09:41:46","slug":"pellavainen-vaippamatto-peitteella-ja-pyyhkeella-harmaa","status":"publish","type":"product","link":"https:\/\/nordicmart.andreevmaster.com\/fi\/tuote\/pellavainen-vaippamatto-peitteella-ja-pyyhkeella-harmaa\/","title":{"rendered":"Pellavainen vaippamatto peitteell\u00e4 ja pyyhkeell\u00e4, harmaa"},"content":{"rendered":"<p>Miksi pellava? <\/p>\n<p>-Sill\u00e4 on antibakteerisia ominaisuuksia.<br \/>\n-Se on hypoallergeeninen \u2013 ei aiheuta allergioita.<br \/>\n-Se on hell\u00e4varainen iholle ja miellytt\u00e4v\u00e4 koskettaa.-Se imee hyvin kosteutta.<br \/>\n-Se s\u00e4\u00e4telee l\u00e4mp\u00f6\u00e4 \u2013 se on hyvin ilmava ja johtaa l\u00e4mp\u00f6\u00e4 hyvin.<br \/>\n-Se viilent\u00e4\u00e4 kuumina p\u00e4ivin\u00e4 ja l\u00e4mmitt\u00e4\u00e4 viilein\u00e4 p\u00e4ivin\u00e4.<br \/>\n-Se kest\u00e4\u00e4 kulutusta ja venymist\u00e4.<br \/>\n-Se ei ker\u00e4\u00e4 staattista s\u00e4hk\u00f6\u00e4.- Se on biohajoava. &#8211; Lakanan toistuva pesu parantaa sen laatua, jolloin se muuttuu pehme\u00e4mm\u00e4ksi ja sile\u00e4mm\u00e4ksi. <\/p>\n<p>Lakananvaihtaja koostuu: &#8211; Vahvistetusta, vedenpit\u00e4v\u00e4st\u00e4 materiaalista valmistetusta sis\u00e4osasta. &#8211; Antibakteerisesta ja herk\u00e4st\u00e4 pellavakankaasta valmistetusta p\u00e4\u00e4llisest\u00e4. &#8211; K\u00e4\u00e4nnett\u00e4v\u00e4st\u00e4, pellavakankaasta ja froteesta valmistetusta tyynyst\u00e4, joka on kiinnitetty vedenpit\u00e4v\u00e4ll\u00e4 kalvolla. <\/p>\n<p>Koko:<br \/>\n75 x 55 cm<\/p>\n<p>V\u00e4ri:<br \/>\n&#8211; lumivalkoinen<\/p>\n<p>Materiaali:<br \/>\n-P\u00e4\u00e4llisen koostumus: 100 % pellavaa, paino 154 g\/m\u00b2, OEKO-TEX Standard 100 -sertifioitu. <\/p>\n<p>K\u00e4ytt\u00f6ohjeet:<br \/>\n-Hell\u00e4varainen pesu 40 asteessa.-Voidaan silitt\u00e4\u00e4 kosteana korkeassa l\u00e4mp\u00f6tilassa.<br \/>\n-\u00c4l\u00e4 valkaise.<br \/>\n-Voidaan kuivata kuivausrummussa herk\u00e4n kankaan asetuksella. <\/p>\n<p> Lis\u00e4tietoja:<br \/>\nVuodevaatteet on ommeltu Puolassa kotimaisista materiaaleista.<br \/>\nPellavainen hoitomatto sopii kaikkiin valikoimassamme oleviin hoitop\u00f6ytiin.<br \/>\nPellava on luonnollinen materiaali, joten s\u00e4vyt voivat vaihdella.<\/p>\n","protected":false},"excerpt":{"rendered":"<p>Miksi pellava? -Sill\u00e4 on antibakteerisia ominaisuuksia. -Se on hypoallergeeninen \u2013 ei aiheuta allergioita. -Se on hell\u00e4varainen iholle ja miellytt\u00e4v\u00e4 koskettaa.-Se imee hyvin kosteutta. -Se s\u00e4\u00e4telee l\u00e4mp\u00f6\u00e4 \u2013 se on hyvin ilmava ja johtaa l\u00e4mp\u00f6\u00e4 hyvin. -Se viilent\u00e4\u00e4 kuumina p\u00e4ivin\u00e4 ja l\u00e4mmitt\u00e4\u00e4 viilein\u00e4 p\u00e4ivin\u00e4. -Se kest\u00e4\u00e4 kulutusta ja venymist\u00e4. -Se ei ker\u00e4\u00e4 staattista s\u00e4hk\u00f6\u00e4.- Se on [&hellip;]<\/p>\n","protected":false},"featured_media":0,"comment_status":"open","ping_status":"closed","template":"","meta":[],"product_brand":[],"product_cat":[32],"product_tag":[],"class_list":{"0":"post-33309","1":"product","2":"type-product","3":"status-publish","5":"product_cat-uncategorized-fi","7":"first","8":"instock","9":"shipping-taxable","10":"purchasable","11":"product-type-simple"},"_links":{"self":[{"href":"https:\/\/nordicmart.andreevmaster.com\/fi\/wp-json\/wp\/v2\/product\/33309","targetHints":{"allow":["GET"]}}],"collection":[{"href":"https:\/\/nordicmart.andreevmaster.com\/fi\/wp-json\/wp\/v2\/product"}],"about":[{"href":"https:\/\/nordicmart.andreevmaster.com\/fi\/wp-json\/wp\/v2\/types\/product"}],"replies":[{"embeddable":true,"href":"https:\/\/nordicmart.andreevmaster.com\/fi\/wp-json\/wp\/v2\/comments?post=33309"}],"wp:attachment":[{"href":"https:\/\/nordicmart.andreevmaster.com\/fi\/wp-json\/wp\/v2\/media?parent=33309"}],"wp:term":[{"taxonomy":"product_brand","embeddable":true,"href":"https:\/\/nordicmart.andreevmaster.com\/fi\/wp-json\/wp\/v2\/product_brand?post=33309"},{"taxonomy":"product_cat","embeddable":true,"href":"https:\/\/nordicmart.andreevmaster.com\/fi\/wp-json\/wp\/v2\/product_cat?post=33309"},{"taxonomy":"product_tag","embeddable":true,"href":"https:\/\/nordicmart.andreevmaster.com\/fi\/wp-json\/wp\/v2\/product_tag?post=33309"}],"curies":[{"name":"wp","href":"https:\/\/api.w.org\/{rel}","templated":true}]}}