{"id":33306,"date":"2026-02-27T00:20:47","date_gmt":"2026-02-27T00:20:47","guid":{"rendered":"https:\/\/nordicmart.andreevmaster.com\/product\/vasagle-ekho-kokoelma-ruokapoydan-tuolit-2-kpl-musta\/"},"modified":"2026-02-27T09:41:45","modified_gmt":"2026-02-27T09:41:45","slug":"vasagle-ekho-kokoelma-ruokapoydan-tuolit-2-kpl-musta","status":"publish","type":"product","link":"https:\/\/nordicmart.andreevmaster.com\/fi\/tuote\/vasagle-ekho-kokoelma-ruokapoydan-tuolit-2-kpl-musta\/","title":{"rendered":"VASAGLE EKHO -kokoelma &#8211; Ruokap\u00f6yd\u00e4n tuolit, 2 kpl, musta"},"content":{"rendered":"<p>VASAGLE EKHO -kokoelma \u2013 ruokap\u00f6yd\u00e4n tuolit, 2 kpl, keitti\u00f6tuolit, keinonahka, ompeleilla, mid-century-modern-tyyli, helppo koota, oleskelutila, ravintola<\/p>\n","protected":false},"excerpt":{"rendered":"<p>VASAGLE EKHO -kokoelma \u2013 ruokap\u00f6yd\u00e4n tuolit, 2 kpl, keitti\u00f6tuolit, keinonahka, ompeleilla, mid-century-modern-tyyli, helppo koota, oleskelutila, ravintola<\/p>\n","protected":false},"featured_media":42209,"comment_status":"open","ping_status":"closed","template":"","meta":[],"product_brand":[],"product_cat":[32],"product_tag":[],"class_list":{"0":"post-33306","1":"product","2":"type-product","3":"status-publish","4":"has-post-thumbnail","6":"product_cat-uncategorized-fi","8":"first","9":"instock","10":"shipping-taxable","11":"purchasable","12":"product-type-simple"},"_links":{"self":[{"href":"https:\/\/nordicmart.andreevmaster.com\/fi\/wp-json\/wp\/v2\/product\/33306","targetHints":{"allow":["GET"]}}],"collection":[{"href":"https:\/\/nordicmart.andreevmaster.com\/fi\/wp-json\/wp\/v2\/product"}],"about":[{"href":"https:\/\/nordicmart.andreevmaster.com\/fi\/wp-json\/wp\/v2\/types\/product"}],"replies":[{"embeddable":true,"href":"https:\/\/nordicmart.andreevmaster.com\/fi\/wp-json\/wp\/v2\/comments?post=33306"}],"wp:featuredmedia":[{"embeddable":true,"href":"https:\/\/nordicmart.andreevmaster.com\/fi\/wp-json\/wp\/v2\/media\/42209"}],"wp:attachment":[{"href":"https:\/\/nordicmart.andreevmaster.com\/fi\/wp-json\/wp\/v2\/media?parent=33306"}],"wp:term":[{"taxonomy":"product_brand","embeddable":true,"href":"https:\/\/nordicmart.andreevmaster.com\/fi\/wp-json\/wp\/v2\/product_brand?post=33306"},{"taxonomy":"product_cat","embeddable":true,"href":"https:\/\/nordicmart.andreevmaster.com\/fi\/wp-json\/wp\/v2\/product_cat?post=33306"},{"taxonomy":"product_tag","embeddable":true,"href":"https:\/\/nordicmart.andreevmaster.com\/fi\/wp-json\/wp\/v2\/product_tag?post=33306"}],"curies":[{"name":"wp","href":"https:\/\/api.w.org\/{rel}","templated":true}]}}