{"id":33303,"date":"2026-02-27T00:20:47","date_gmt":"2026-02-27T00:20:47","guid":{"rendered":"https:\/\/nordicmart.andreevmaster.com\/product\/vasagle-ruokapoydan-tuolit-2-kpl-keittiotuolit\/"},"modified":"2026-02-27T09:41:45","modified_gmt":"2026-02-27T09:41:45","slug":"vasagle-ruokapoydan-tuolit-2-kpl-keittiotuolit","status":"publish","type":"product","link":"https:\/\/nordicmart.andreevmaster.com\/fi\/tuote\/vasagle-ruokapoydan-tuolit-2-kpl-keittiotuolit\/","title":{"rendered":"VASAGLE ruokap\u00f6yd\u00e4n tuolit, 2 kpl, keitti\u00f6tuolit"},"content":{"rendered":"<p>VASAGLE kaksipaikkaiset ruokap\u00f6yd\u00e4n tuolit, keitti\u00f6tuolien 2 kpl:n sarja, ruokasalin tuolit, ter\u00e4srunko, ergonominen muotoilu, teollinen tyyli, olohuoneeseen, ruokasaliin<br \/>\nTekniset tiedot:<br \/>\n&#8211; Kokonaispaino: 12,1 kg<br \/>\n&#8211; Mitat per tuoli:  43,4 x 43 x 95,5 cm (P x L x K)<br \/>\n&#8211; Maks. staattinen kantavuus per tuoli: 100 kg<br \/>\n&#8211; V\u00e4ri: vintage-ruskea-musta<br \/>\n&#8211; Materiaali: lastulevy, ter\u00e4s<\/p>\n","protected":false},"excerpt":{"rendered":"<p>VASAGLE kaksipaikkaiset ruokap\u00f6yd\u00e4n tuolit, keitti\u00f6tuolien 2 kpl:n sarja, ruokasalin tuolit, ter\u00e4srunko, ergonominen muotoilu, teollinen tyyli, olohuoneeseen, ruokasaliin<\/p>\n","protected":false},"featured_media":42206,"comment_status":"open","ping_status":"closed","template":"","meta":[],"product_brand":[],"product_cat":[32],"product_tag":[],"class_list":{"0":"post-33303","1":"product","2":"type-product","3":"status-publish","4":"has-post-thumbnail","6":"product_cat-uncategorized-fi","8":"first","9":"instock","10":"shipping-taxable","11":"purchasable","12":"product-type-simple"},"_links":{"self":[{"href":"https:\/\/nordicmart.andreevmaster.com\/fi\/wp-json\/wp\/v2\/product\/33303","targetHints":{"allow":["GET"]}}],"collection":[{"href":"https:\/\/nordicmart.andreevmaster.com\/fi\/wp-json\/wp\/v2\/product"}],"about":[{"href":"https:\/\/nordicmart.andreevmaster.com\/fi\/wp-json\/wp\/v2\/types\/product"}],"replies":[{"embeddable":true,"href":"https:\/\/nordicmart.andreevmaster.com\/fi\/wp-json\/wp\/v2\/comments?post=33303"}],"wp:featuredmedia":[{"embeddable":true,"href":"https:\/\/nordicmart.andreevmaster.com\/fi\/wp-json\/wp\/v2\/media\/42206"}],"wp:attachment":[{"href":"https:\/\/nordicmart.andreevmaster.com\/fi\/wp-json\/wp\/v2\/media?parent=33303"}],"wp:term":[{"taxonomy":"product_brand","embeddable":true,"href":"https:\/\/nordicmart.andreevmaster.com\/fi\/wp-json\/wp\/v2\/product_brand?post=33303"},{"taxonomy":"product_cat","embeddable":true,"href":"https:\/\/nordicmart.andreevmaster.com\/fi\/wp-json\/wp\/v2\/product_cat?post=33303"},{"taxonomy":"product_tag","embeddable":true,"href":"https:\/\/nordicmart.andreevmaster.com\/fi\/wp-json\/wp\/v2\/product_tag?post=33303"}],"curies":[{"name":"wp","href":"https:\/\/api.w.org\/{rel}","templated":true}]}}