{"id":33293,"date":"2026-02-27T00:20:44","date_gmt":"2026-02-27T00:20:44","guid":{"rendered":"https:\/\/nordicmart.andreevmaster.com\/product\/songmics-ruokapoydan-tuoli-sametti-harmaa\/"},"modified":"2026-02-27T09:41:43","modified_gmt":"2026-02-27T09:41:43","slug":"songmics-ruokapoydan-tuoli-sametti-harmaa","status":"publish","type":"product","link":"https:\/\/nordicmart.andreevmaster.com\/fi\/tuote\/songmics-ruokapoydan-tuoli-sametti-harmaa\/","title":{"rendered":"SONGMICS ruokap\u00f6yd\u00e4n tuoli, sametti, harmaa"},"content":{"rendered":"<p>Osoita tyylikkyytesi: t\u00e4ss\u00e4 ruokap\u00f6yd\u00e4n tuolissa on paitsi hienot ompeleet my\u00f6s tyylikk\u00e4\u00e4t, ulosp\u00e4in suuntautuvat metallijalat. T\u00e4m\u00e4 tuoli korostaa erinomaista makuasi! J\u00e4tt\u00e4\u00e4 hyv\u00e4n vaikutelman: Haluatpa sijoittaa t\u00e4m\u00e4n koriste-esineen ruokasaliin, keitti\u00f6\u00f6n, olohuoneeseen, makuuhuoneeseen tai kotitoimistoon, t\u00e4m\u00e4 tyylik\u00e4s istuin sopii helposti mihin tahansa ja luo tyylikk\u00e4\u00e4n ja modernin ilmapiirin.Tuotetiedot: V\u00e4ri: Harmaa Materiaali: Jauhemaalattu rauta, puulevy, sametti, vaahtomuovi Kokonaismitat: 57 x 56 x 77 cm (P x L x K) Istuimen et\u00e4isyys lattiasta: 47 cm Istuimen leveys: 48 cm Istuimen syvyys: 44 cm Selk\u00e4nojan korkeus: 32 cm K\u00e4sinojan et\u00e4isyys lattiasta: 61 cm Istuintyynyn paksuus: 5 cm Paino: 6 kg Maks. staattinen kantavuus: 110 kg Toimitus sis\u00e4lt\u00e4\u00e4: 1 x ruokasalituoli 1 x lis\u00e4varustesarja 1 x ohjeet SONGMICSin ohjeet:\u00c4l\u00e4 altista t\u00e4t\u00e4 tuotetta suoralle auringonvalolle. Pid\u00e4 t\u00e4m\u00e4 tuote poissa ter\u00e4vist\u00e4 ja ter\u00e4ksisist\u00e4 esineist\u00e4, jotta sen pinta ei vahingoitu. \u00c4l\u00e4 nouse t\u00e4m\u00e4n tuolin p\u00e4\u00e4lle. \u00c4l\u00e4 my\u00f6sk\u00e4\u00e4n k\u00e4yt\u00e4 sit\u00e4 nousuapuna tai tikkaina. Pyyhi tuoli v\u00e4litt\u00f6m\u00e4sti kuivaksi, jos se on kastunut. Aseta tuote tasaiselle alustalle. Tuolin takana oleva vetoketju ilman vetoketjua liittyy tuotantoprosessiin. \u00c4l\u00e4 yrit\u00e4 avata sit\u00e4.<\/p>\n","protected":false},"excerpt":{"rendered":"<p>SONGMICS ruokasalituoli sametti, moderni keitti\u00f6tuoli, verhoiltu samettituoli k\u00e4sinojilla, metallijalat, tyylik\u00e4s muotoilu, ruokasali, olohuone, makuuhuone, keitti\u00f6, harmaa LDC82GY<\/p>\n","protected":false},"featured_media":42196,"comment_status":"open","ping_status":"closed","template":"","meta":[],"product_brand":[],"product_cat":[32],"product_tag":[],"class_list":{"0":"post-33293","1":"product","2":"type-product","3":"status-publish","4":"has-post-thumbnail","6":"product_cat-uncategorized-fi","8":"first","9":"instock","10":"shipping-taxable","11":"purchasable","12":"product-type-simple"},"_links":{"self":[{"href":"https:\/\/nordicmart.andreevmaster.com\/fi\/wp-json\/wp\/v2\/product\/33293","targetHints":{"allow":["GET"]}}],"collection":[{"href":"https:\/\/nordicmart.andreevmaster.com\/fi\/wp-json\/wp\/v2\/product"}],"about":[{"href":"https:\/\/nordicmart.andreevmaster.com\/fi\/wp-json\/wp\/v2\/types\/product"}],"replies":[{"embeddable":true,"href":"https:\/\/nordicmart.andreevmaster.com\/fi\/wp-json\/wp\/v2\/comments?post=33293"}],"wp:featuredmedia":[{"embeddable":true,"href":"https:\/\/nordicmart.andreevmaster.com\/fi\/wp-json\/wp\/v2\/media\/42196"}],"wp:attachment":[{"href":"https:\/\/nordicmart.andreevmaster.com\/fi\/wp-json\/wp\/v2\/media?parent=33293"}],"wp:term":[{"taxonomy":"product_brand","embeddable":true,"href":"https:\/\/nordicmart.andreevmaster.com\/fi\/wp-json\/wp\/v2\/product_brand?post=33293"},{"taxonomy":"product_cat","embeddable":true,"href":"https:\/\/nordicmart.andreevmaster.com\/fi\/wp-json\/wp\/v2\/product_cat?post=33293"},{"taxonomy":"product_tag","embeddable":true,"href":"https:\/\/nordicmart.andreevmaster.com\/fi\/wp-json\/wp\/v2\/product_tag?post=33293"}],"curies":[{"name":"wp","href":"https:\/\/api.w.org\/{rel}","templated":true}]}}