{"id":33291,"date":"2026-02-27T00:20:44","date_gmt":"2026-02-27T00:20:44","guid":{"rendered":"https:\/\/nordicmart.andreevmaster.com\/product\/ruokapoydan-tuolisetti-2-kpl-harmaa\/"},"modified":"2026-02-27T09:41:42","modified_gmt":"2026-02-27T09:41:42","slug":"ruokapoydan-tuolisetti-2-kpl-harmaa","status":"publish","type":"product","link":"https:\/\/nordicmart.andreevmaster.com\/fi\/tuote\/ruokapoydan-tuolisetti-2-kpl-harmaa\/","title":{"rendered":"Ruokap\u00f6yd\u00e4n tuolisetti, 2 kpl, harmaa"},"content":{"rendered":"<p>Retrotyylinen ja mukava Kaunis ulkon\u00e4k\u00f6 ei saisi olla t\u00e4rke\u00e4mp\u00e4\u00e4 kuin mukavuus. T\u00e4m\u00e4n 2 samettiverhoillun ruokap\u00f6yd\u00e4n tuolin sarjan avulla saat 2 trendikk\u00e4\u00e4n retrotyylist\u00e4 lepotuolia, jotka tarjoavat erinomaisen istumamukavuuden.  Verhoiltujen huonekalujen edut &#8211; Yksinkertaiset kaaret ja linjat sek\u00e4 ainutlaatuinen veistetty selk\u00e4noja antavat t\u00e4lle tuolisarjalle trendikk\u00e4\u00e4n retroilmeen, joka sopii monenlaisiin huonekaluihin. &#8211; Ulosp\u00e4in k\u00e4\u00e4ntyneet tuolinjalat n\u00e4ytt\u00e4v\u00e4t olevan puusta valmistettuja. Ne on kuitenkin valmistettu kest\u00e4v\u00e4st\u00e4 raudasta. Verhoillut tuolit kest\u00e4v\u00e4t kukin 110 kg:n painon. &#8211; 7 cm paksu verhoilu, ensiluokkainen samettiverhoilu ja rautajalat yhdist\u00e4v\u00e4t mukavuuden ja kest\u00e4vyyden. &#8211; Tuolin 4 jalkaa koostuvat vain 2 osasta, joten sinun tarvitsee kirist\u00e4\u00e4 vain 5 ruuvia kootaksesi yhden n\u00e4ist\u00e4 tuoleista. T\u00e4m\u00e4 s\u00e4\u00e4st\u00e4\u00e4 arvokasta aikaa. &#8211; N\u00e4m\u00e4 pehmustetut tuolit eiv\u00e4t sovi vain ruokailutilaan. Ne ovat ihanteellisia my\u00f6s olohuoneeseen, makuuhuoneeseen, toimistoon, hotellin vastaanottoon tai aulaan ja moniin muihin tiloihin. Tuotetiedot: &#8211; V\u00e4ri: harmaa &#8211; Materiaali: sametti, puukuvioiset rautajalat, rautakehys, vaahtomuovipehmuste &#8211; Koko: 47 x 58 x 83,5 cm (P x L x K) &#8211; Istuinkorkeus: 47,5 cm &#8211; Istuimen leveys: 46 cm &#8211; Istuimen syvyys: 49 cm &#8211; Selk\u00e4nojan korkeus: 40 cm &#8211; Paino: 5,5 kg &#8211; Maks. staattinen kuormituskapasiteetti per tuoli: 110 kg- Paino: 5,5 kg. staattinen kuormituskapasiteetti per tuoli: 110 kgToimitus sis\u00e4lt\u00e4\u00e4:- 2 x ruokap\u00f6yd\u00e4n tuoli, jossa on samettiverhoilu- 2 x s\u00e4ilytysastia lis\u00e4varusteille- 1 x k\u00e4ytt\u00f6ohje (DE, EN, FR, ES, IT)SONGMICS-ohjeet:- \u00c4l\u00e4 altista tuotetta suoralle auringonvalolle- Pid\u00e4 tuote poissa ter\u00e4vien esineiden l\u00e4heisyydest\u00e4. Pid\u00e4 tuote poissa ter\u00e4vien tai ter\u00e4vien esineiden l\u00e4heisyydest\u00e4 vahinkojen v\u00e4ltt\u00e4miseksi.<\/p>\n","protected":false},"excerpt":{"rendered":"<p>Retrotyylinen ja mukava Kaunis ulkon\u00e4k\u00f6 ei saisi olla t\u00e4rke\u00e4mp\u00e4\u00e4 kuin mukavuus. T\u00e4m\u00e4n 2 samettiverhoillun ruokap\u00f6yd\u00e4n tuolin sarjan avulla saat 2 trendikk\u00e4\u00e4n retrotyylist\u00e4 lepotuolia, jotka tarjoavat erinomaisen istumamukavuuden. Verhoiltujen huonekalujen edut &#8211; Yksinkertaiset kaaret ja linjat sek\u00e4 ainutlaatuinen veistetty selk\u00e4noja antavat t\u00e4lle tuolisarjalle trendikk\u00e4\u00e4n retroilmeen, joka sopii monenlaisiin huonekaluihin. &#8211; Ulosp\u00e4in k\u00e4\u00e4ntyneet tuolinjalat n\u00e4ytt\u00e4v\u00e4t olevan puusta [&hellip;]<\/p>\n","protected":false},"featured_media":0,"comment_status":"open","ping_status":"closed","template":"","meta":[],"product_brand":[],"product_cat":[32],"product_tag":[],"class_list":{"0":"post-33291","1":"product","2":"type-product","3":"status-publish","5":"product_cat-uncategorized-fi","7":"first","8":"instock","9":"shipping-taxable","10":"product-type-simple"},"_links":{"self":[{"href":"https:\/\/nordicmart.andreevmaster.com\/fi\/wp-json\/wp\/v2\/product\/33291","targetHints":{"allow":["GET"]}}],"collection":[{"href":"https:\/\/nordicmart.andreevmaster.com\/fi\/wp-json\/wp\/v2\/product"}],"about":[{"href":"https:\/\/nordicmart.andreevmaster.com\/fi\/wp-json\/wp\/v2\/types\/product"}],"replies":[{"embeddable":true,"href":"https:\/\/nordicmart.andreevmaster.com\/fi\/wp-json\/wp\/v2\/comments?post=33291"}],"wp:attachment":[{"href":"https:\/\/nordicmart.andreevmaster.com\/fi\/wp-json\/wp\/v2\/media?parent=33291"}],"wp:term":[{"taxonomy":"product_brand","embeddable":true,"href":"https:\/\/nordicmart.andreevmaster.com\/fi\/wp-json\/wp\/v2\/product_brand?post=33291"},{"taxonomy":"product_cat","embeddable":true,"href":"https:\/\/nordicmart.andreevmaster.com\/fi\/wp-json\/wp\/v2\/product_cat?post=33291"},{"taxonomy":"product_tag","embeddable":true,"href":"https:\/\/nordicmart.andreevmaster.com\/fi\/wp-json\/wp\/v2\/product_tag?post=33291"}],"curies":[{"name":"wp","href":"https:\/\/api.w.org\/{rel}","templated":true}]}}