{"id":33290,"date":"2026-02-27T00:20:43","date_gmt":"2026-02-27T00:20:43","guid":{"rendered":"https:\/\/nordicmart.andreevmaster.com\/product\/songmics-2-kpl-ruokapoydan-tuolit-samettiverhoilulla-vihrea\/"},"modified":"2026-02-27T09:41:42","modified_gmt":"2026-02-27T09:41:42","slug":"songmics-2-kpl-ruokapoydan-tuolit-samettiverhoilulla-vihrea","status":"publish","type":"product","link":"https:\/\/nordicmart.andreevmaster.com\/fi\/tuote\/songmics-2-kpl-ruokapoydan-tuolit-samettiverhoilulla-vihrea\/","title":{"rendered":"SONGMICS 2 kpl ruokap\u00f6yd\u00e4n tuolit samettiverhoilulla, vihre\u00e4"},"content":{"rendered":"<p>Retro-chic ja mukavuus: Kaunis ulkon\u00e4k\u00f6 ei saisi olla t\u00e4rke\u00e4mp\u00e4\u00e4 kuin mukavuus. T\u00e4ll\u00e4 2 samettiverhoillun ruokasalituolin setill\u00e4 saat 2 trendik\u00e4st\u00e4 retrotyylist\u00e4 lepotuolia, jotka tarjoavat erinomaisen istumamukavuuden.Verhoiltujen huonekalujen edut: &#8211; Yksinkertaiset kaarevat linjat ja ainutlaatuinen leikattu selk\u00e4noja antavat t\u00e4lle tuolisarjalle trendikk\u00e4\u00e4n retro-ilmeen, joka sopii monenlaisiin sisustuksiin. &#8211; Ulosp\u00e4in suuntautuvat tuolinjalat n\u00e4ytt\u00e4v\u00e4t olevan puusta valmistettuja. Todellisuudessa ne on kuitenkin valmistettu kest\u00e4v\u00e4st\u00e4 metallista. Verhoillut tuolit kest\u00e4v\u00e4t kukin 120 kg:n painon. 7 cm paksu verhoilu, korkealaatuinen samettiverhoilu ja metallijalat yhdist\u00e4v\u00e4t mukavuuden ja kest\u00e4vyyden. Tuolin nelj\u00e4 jalkaa koostuvat vain kahdesta osasta, joten sinun tarvitsee kirist\u00e4\u00e4 vain viisi ruuvia t\u00e4m\u00e4n tuolin kokoamiseksi. N\u00e4in s\u00e4\u00e4st\u00e4t arvokasta aikaa. N\u00e4m\u00e4 verhoillut tuolit sopivat paitsi ruokasaliin my\u00f6s olohuoneeseen, makuuhuoneeseen, toimistoon, hotellin vastaanottoon tai aulaan sek\u00e4 moniin muihin tiloihin. Tuotetiedot: V\u00e4ri: vihre\u00e4 Materiaali: sametti, metallijalat puuviilulla, metallirunko, vaahtomuovipehmuste Koko: 51 x 57 x 84 cm (P x L x K) Istuinkorkeus: 48 cm Istuimen leveys: 46 cm Istuimen syvyys: 48 cm Selk\u00e4nojan korkeus: 36 cm Paino: 6,6 kg Maks. staattinen kantavuus per tuoli: 120 kg Toimitus sis\u00e4lt\u00e4\u00e4: 2 x ruokasalituoli 2 x lis\u00e4varustepaketti 1 x ohjeet SONGMICSin ohjeet:\u00c4l\u00e4 altista tuotetta suoralle auringonvalolle. Pid\u00e4 tuote poissa ter\u00e4vien tai ter\u00e4vien esineiden l\u00e4heisyydest\u00e4 vahingoittumisen v\u00e4ltt\u00e4miseksi. \u00c4l\u00e4 nouse tuolille \u00e4l\u00e4k\u00e4 k\u00e4yt\u00e4 sit\u00e4 nousuapuna tai tikkaina. Pyyhi tuoli v\u00e4litt\u00f6m\u00e4sti kuivalla liinalla, jos se on kastunut. Aseta tuoli tasaiselle alustalle.<\/p>\n","protected":false},"excerpt":{"rendered":"<p>SONGMICS ruokasalituolit 2 kpl, keitti\u00f6tuolit, verhoillut tuolit metallijaloilla, olohuonetuolit, lepotuolit, samettiverhoilu, pehme\u00e4 istuin ja selk\u00e4noja, harmaa LDC81GY<\/p>\n","protected":false},"featured_media":42194,"comment_status":"open","ping_status":"closed","template":"","meta":[],"product_brand":[],"product_cat":[32],"product_tag":[],"class_list":{"0":"post-33290","1":"product","2":"type-product","3":"status-publish","4":"has-post-thumbnail","6":"product_cat-uncategorized-fi","8":"first","9":"instock","10":"shipping-taxable","11":"purchasable","12":"product-type-simple"},"_links":{"self":[{"href":"https:\/\/nordicmart.andreevmaster.com\/fi\/wp-json\/wp\/v2\/product\/33290","targetHints":{"allow":["GET"]}}],"collection":[{"href":"https:\/\/nordicmart.andreevmaster.com\/fi\/wp-json\/wp\/v2\/product"}],"about":[{"href":"https:\/\/nordicmart.andreevmaster.com\/fi\/wp-json\/wp\/v2\/types\/product"}],"replies":[{"embeddable":true,"href":"https:\/\/nordicmart.andreevmaster.com\/fi\/wp-json\/wp\/v2\/comments?post=33290"}],"wp:featuredmedia":[{"embeddable":true,"href":"https:\/\/nordicmart.andreevmaster.com\/fi\/wp-json\/wp\/v2\/media\/42194"}],"wp:attachment":[{"href":"https:\/\/nordicmart.andreevmaster.com\/fi\/wp-json\/wp\/v2\/media?parent=33290"}],"wp:term":[{"taxonomy":"product_brand","embeddable":true,"href":"https:\/\/nordicmart.andreevmaster.com\/fi\/wp-json\/wp\/v2\/product_brand?post=33290"},{"taxonomy":"product_cat","embeddable":true,"href":"https:\/\/nordicmart.andreevmaster.com\/fi\/wp-json\/wp\/v2\/product_cat?post=33290"},{"taxonomy":"product_tag","embeddable":true,"href":"https:\/\/nordicmart.andreevmaster.com\/fi\/wp-json\/wp\/v2\/product_tag?post=33290"}],"curies":[{"name":"wp","href":"https:\/\/api.w.org\/{rel}","templated":true}]}}