{"id":33289,"date":"2026-02-27T00:20:43","date_gmt":"2026-02-27T00:20:43","guid":{"rendered":"https:\/\/nordicmart.andreevmaster.com\/product\/songmics-baarituoli-2-kpl-keinonahka-ruskea\/"},"modified":"2026-02-27T09:41:42","modified_gmt":"2026-02-27T09:41:42","slug":"songmics-baarituoli-2-kpl-keinonahka-ruskea","status":"publish","type":"product","link":"https:\/\/nordicmart.andreevmaster.com\/fi\/tuote\/songmics-baarituoli-2-kpl-keinonahka-ruskea\/","title":{"rendered":"SONGMICS baarituoli, 2 kpl, keinonahka, ruskea"},"content":{"rendered":"<p>Mukava ja tyylik\u00e4s istuin p\u00e4ivitt\u00e4iseen k\u00e4ytt\u00f6\u00f6n Baarituolissamme on runsaasti pehmustettu istuin, joka on p\u00e4\u00e4llystetty PU-kankaalla, joten se on helppohoitoinen ja helppo puhdistaa. K\u00e4yt\u00e4 sit\u00e4 ruokap\u00f6yd\u00e4n tuolina keitti\u00f6saarellasi, joustavana istuimena (esim. muusikoille) tai tavallisena baarituolina. Baarituoli on mielell\u00e4\u00e4n seurana, kun nautit drinkin kotibaarissasi.  Huomautukset: &#8211; Kest\u00e4v\u00e4n vakauden ja turvallisuuden takaamiseksi on suositeltavaa tarkistaa s\u00e4\u00e4nn\u00f6llisesti ruuvien kunto ja kirist\u00e4\u00e4 ne. Toistuva kokoaminen ja purkaminen ei my\u00f6sk\u00e4\u00e4n ole suositeltavaa. &#8211; \u00c4l\u00e4 koskaan keinuta istuessasi, ja kaikkien nelj\u00e4n jalan tulee olla kosketuksessa lattiaan. Tuotetiedot: &#8211; V\u00e4ri: ruskea &#8211; Verhoilu: PU &#8211; Jalat: kumipuu (mustaksi lakattu) &#8211; Istuimen runko: m\u00e4ntypuuta &#8211; Istuimen levy: Vaneri &#8211; Mitat: 36 x 76 x 36 cm (L x K x S) &#8211; Istuinkorkeus: 76 cm &#8211; Nettopaino: 6,55 kg\/tuoli &#8211; Maks. kantavuus: 110 kg Toimitus sis\u00e4lt\u00e4\u00e4: &#8211; 2 x baarituoli &#8211; 2 x kiinnityspussi &#8211; 1 x ohjeet (DE, EN, IT, FR, ES)<\/p>\n","protected":false},"excerpt":{"rendered":"<p>SONGMICS baarituoli 2 kpl, pehmustettu baarituoli puinen bistrotuoli selk\u00e4nojalla, istumakorkeus 76 cm, massiivipuusta valmistetut tuolinjalat, jalkatuki, keinonahka ruskea, LDC33BR<\/p>\n","protected":false},"featured_media":42193,"comment_status":"open","ping_status":"closed","template":"","meta":[],"product_brand":[],"product_cat":[32],"product_tag":[],"class_list":{"0":"post-33289","1":"product","2":"type-product","3":"status-publish","4":"has-post-thumbnail","6":"product_cat-uncategorized-fi","8":"first","9":"instock","10":"shipping-taxable","11":"purchasable","12":"product-type-simple"},"_links":{"self":[{"href":"https:\/\/nordicmart.andreevmaster.com\/fi\/wp-json\/wp\/v2\/product\/33289","targetHints":{"allow":["GET"]}}],"collection":[{"href":"https:\/\/nordicmart.andreevmaster.com\/fi\/wp-json\/wp\/v2\/product"}],"about":[{"href":"https:\/\/nordicmart.andreevmaster.com\/fi\/wp-json\/wp\/v2\/types\/product"}],"replies":[{"embeddable":true,"href":"https:\/\/nordicmart.andreevmaster.com\/fi\/wp-json\/wp\/v2\/comments?post=33289"}],"wp:featuredmedia":[{"embeddable":true,"href":"https:\/\/nordicmart.andreevmaster.com\/fi\/wp-json\/wp\/v2\/media\/42193"}],"wp:attachment":[{"href":"https:\/\/nordicmart.andreevmaster.com\/fi\/wp-json\/wp\/v2\/media?parent=33289"}],"wp:term":[{"taxonomy":"product_brand","embeddable":true,"href":"https:\/\/nordicmart.andreevmaster.com\/fi\/wp-json\/wp\/v2\/product_brand?post=33289"},{"taxonomy":"product_cat","embeddable":true,"href":"https:\/\/nordicmart.andreevmaster.com\/fi\/wp-json\/wp\/v2\/product_cat?post=33289"},{"taxonomy":"product_tag","embeddable":true,"href":"https:\/\/nordicmart.andreevmaster.com\/fi\/wp-json\/wp\/v2\/product_tag?post=33289"}],"curies":[{"name":"wp","href":"https:\/\/api.w.org\/{rel}","templated":true}]}}