{"id":33288,"date":"2026-02-27T00:20:43","date_gmt":"2026-02-27T00:20:43","guid":{"rendered":"https:\/\/nordicmart.andreevmaster.com\/product\/songmics-baarituolien-2-kpln-sarja-vintage-ruskea\/"},"modified":"2026-02-27T09:41:42","modified_gmt":"2026-02-27T09:41:42","slug":"songmics-baarituolien-2-kpln-sarja-vintage-ruskea","status":"publish","type":"product","link":"https:\/\/nordicmart.andreevmaster.com\/fi\/tuote\/songmics-baarituolien-2-kpln-sarja-vintage-ruskea\/","title":{"rendered":"SONGMICS baarituolien 2 kpl:n sarja, vintage-ruskea"},"content":{"rendered":"<p>Pehmustettu baarituoli selk\u00e4nojalla on todellinen klassikko. Kauniisti ja pehmustetun selk\u00e4nojan ja istuimen ansiosta istuin on eritt\u00e4in mukava, ja j\u00e4rkev\u00e4 istumakorkeus ja jalkatuki mahdollistavat rentouttavan ruokailu- tai juomakokemuksen. Ihanteellinen baaritiskille, baariin, olohuoneeseen, keitti\u00f6\u00f6n tai puutarhaan! Tuotetiedot: V\u00e4ri: ruskea+musta Verhoilu: PU Selk\u00e4nojan runko ja jalat: kumipuu (mustaksi lakattu) Istuimen runko: m\u00e4nty Istuimen pinta: vaneri Mitat: 39 x 91 x 41 cm (L x K x S) Istuinkorkeus: 71 cm; Istuinsyvyys: 36 cm; Istuimen leveys: 39-36 cmBruttopaino: 15,5 kgNettopaino: 6,4 kg\/tuoliMax. kantavuus: 120 kgToimitus sis\u00e4lt\u00e4\u00e4:2 x baarituoli2 x kiinnityspussi1 x ohjeet (DE, EN, IT, FR, ES)<\/p>\n","protected":false},"excerpt":{"rendered":"<p>SONGMICS baarituolien 2 kpl:n sarja, pehmustettu baarituoli matalalla selk\u00e4nojalla, PU, istuinkorkeus 76 cm, massiivipuusta valmistetut tuolinjalat, jalkatuki, ruskea ja musta LDC32BR<\/p>\n","protected":false},"featured_media":42192,"comment_status":"open","ping_status":"closed","template":"","meta":[],"product_brand":[],"product_cat":[32],"product_tag":[],"class_list":{"0":"post-33288","1":"product","2":"type-product","3":"status-publish","4":"has-post-thumbnail","6":"product_cat-uncategorized-fi","8":"first","9":"instock","10":"shipping-taxable","11":"purchasable","12":"product-type-simple"},"_links":{"self":[{"href":"https:\/\/nordicmart.andreevmaster.com\/fi\/wp-json\/wp\/v2\/product\/33288","targetHints":{"allow":["GET"]}}],"collection":[{"href":"https:\/\/nordicmart.andreevmaster.com\/fi\/wp-json\/wp\/v2\/product"}],"about":[{"href":"https:\/\/nordicmart.andreevmaster.com\/fi\/wp-json\/wp\/v2\/types\/product"}],"replies":[{"embeddable":true,"href":"https:\/\/nordicmart.andreevmaster.com\/fi\/wp-json\/wp\/v2\/comments?post=33288"}],"wp:featuredmedia":[{"embeddable":true,"href":"https:\/\/nordicmart.andreevmaster.com\/fi\/wp-json\/wp\/v2\/media\/42192"}],"wp:attachment":[{"href":"https:\/\/nordicmart.andreevmaster.com\/fi\/wp-json\/wp\/v2\/media?parent=33288"}],"wp:term":[{"taxonomy":"product_brand","embeddable":true,"href":"https:\/\/nordicmart.andreevmaster.com\/fi\/wp-json\/wp\/v2\/product_brand?post=33288"},{"taxonomy":"product_cat","embeddable":true,"href":"https:\/\/nordicmart.andreevmaster.com\/fi\/wp-json\/wp\/v2\/product_cat?post=33288"},{"taxonomy":"product_tag","embeddable":true,"href":"https:\/\/nordicmart.andreevmaster.com\/fi\/wp-json\/wp\/v2\/product_tag?post=33288"}],"curies":[{"name":"wp","href":"https:\/\/api.w.org\/{rel}","templated":true}]}}