{"id":33287,"date":"2026-02-27T00:20:43","date_gmt":"2026-02-27T00:20:43","guid":{"rendered":"https:\/\/nordicmart.andreevmaster.com\/product\/songmics-baarituoli-selkanojalla-2-kpl\/"},"modified":"2026-02-27T09:41:41","modified_gmt":"2026-02-27T09:41:41","slug":"songmics-baarituoli-selkanojalla-2-kpl","status":"publish","type":"product","link":"https:\/\/nordicmart.andreevmaster.com\/fi\/tuote\/songmics-baarituoli-selkanojalla-2-kpl\/","title":{"rendered":"SONGMICS baarituoli selk\u00e4nojalla, 2 kpl"},"content":{"rendered":"<p>Pehmustettu baarituoli selk\u00e4nojalla on todellinen klassikko. Kauniisti ja pehmustetun selk\u00e4nojan ja istuimen sek\u00e4 j\u00e4rkev\u00e4n istumakorkeuden ja jalkatuen ansiosta istuminen on eritt\u00e4in mukavaa, ja voit nauttia rentouttavasta ajasta sy\u00f6dess\u00e4si tai juodessasi. Ihanteellinen baaritiskille, baariin, olohuoneeseen, keitti\u00f6\u00f6n tai puutarhaan! Tuotetiedot: &#8211; V\u00e4ri: vaaleanharmaa-luonnonv\u00e4ri &#8211; Materiaali: &#8211; Verhoilu: puuvilla-pellavakangas &#8211; Selk\u00e4nojan runko ja jalat: kumipuu (lakattu kirkkaalla lakalla) &#8211; Istuimen runko: m\u00e4ntypuuta &#8211; Istuimen levy: vaneri &#8211; Koko: 39 x 51,5 cm x 99,5 cm (P x L x K) &#8211; Istuinkorkeus: 76 cm; istuinsyvyys: 36 cm; istuinleveys: 39 cm &#8211; Paino: 6,15 kg\/tuoli &#8211; Maks. staattinen kantavuus: 110 kgToimitus sis\u00e4lt\u00e4\u00e4:- 2 x baarituoli- 2 x lis\u00e4varustepussi- 1 x ohjeet (DE, EN, IT, FR, ES)SONGMICS-ohjeet:- Kest\u00e4v\u00e4n vakauden ja turvallisuuden takaamiseksi on suositeltavaa tarkistaa s\u00e4\u00e4nn\u00f6llisesti ruuvien kunto ja kirist\u00e4\u00e4 ne. Toistuva kokoaminen ja purkaminen ei my\u00f6sk\u00e4\u00e4n ole suositeltavaa. &#8211; \u00c4l\u00e4 koskaan keinuta istuessasi, ja kaikkien nelj\u00e4n jalan tulee olla kosketuksessa lattiaan.<\/p>\n","protected":false},"excerpt":{"rendered":"<p>SONGMICS baarituolien 2 kpl:n sarja, pehmustettu baarituoli selk\u00e4nojalla, keinokangas, istumakorkeus 71,5 cm, massiivipuusta valmistetut tuolinjalat, jalkatuki, tummanharmaa ja luonnonv\u00e4rit, LDC31GY<\/p>\n","protected":false},"featured_media":42191,"comment_status":"open","ping_status":"closed","template":"","meta":[],"product_brand":[],"product_cat":[32],"product_tag":[],"class_list":{"0":"post-33287","1":"product","2":"type-product","3":"status-publish","4":"has-post-thumbnail","6":"product_cat-uncategorized-fi","8":"first","9":"instock","10":"shipping-taxable","11":"purchasable","12":"product-type-simple"},"_links":{"self":[{"href":"https:\/\/nordicmart.andreevmaster.com\/fi\/wp-json\/wp\/v2\/product\/33287","targetHints":{"allow":["GET"]}}],"collection":[{"href":"https:\/\/nordicmart.andreevmaster.com\/fi\/wp-json\/wp\/v2\/product"}],"about":[{"href":"https:\/\/nordicmart.andreevmaster.com\/fi\/wp-json\/wp\/v2\/types\/product"}],"replies":[{"embeddable":true,"href":"https:\/\/nordicmart.andreevmaster.com\/fi\/wp-json\/wp\/v2\/comments?post=33287"}],"wp:featuredmedia":[{"embeddable":true,"href":"https:\/\/nordicmart.andreevmaster.com\/fi\/wp-json\/wp\/v2\/media\/42191"}],"wp:attachment":[{"href":"https:\/\/nordicmart.andreevmaster.com\/fi\/wp-json\/wp\/v2\/media?parent=33287"}],"wp:term":[{"taxonomy":"product_brand","embeddable":true,"href":"https:\/\/nordicmart.andreevmaster.com\/fi\/wp-json\/wp\/v2\/product_brand?post=33287"},{"taxonomy":"product_cat","embeddable":true,"href":"https:\/\/nordicmart.andreevmaster.com\/fi\/wp-json\/wp\/v2\/product_cat?post=33287"},{"taxonomy":"product_tag","embeddable":true,"href":"https:\/\/nordicmart.andreevmaster.com\/fi\/wp-json\/wp\/v2\/product_tag?post=33287"}],"curies":[{"name":"wp","href":"https:\/\/api.w.org\/{rel}","templated":true}]}}