{"id":33286,"date":"2026-02-27T00:20:43","date_gmt":"2026-02-27T00:20:43","guid":{"rendered":"https:\/\/nordicmart.andreevmaster.com\/product\/songmics-baarituoli-2-kpl-tummanharmaa\/"},"modified":"2026-02-27T09:41:41","modified_gmt":"2026-02-27T09:41:41","slug":"songmics-baarituoli-2-kpl-tummanharmaa","status":"publish","type":"product","link":"https:\/\/nordicmart.andreevmaster.com\/fi\/tuote\/songmics-baarituoli-2-kpl-tummanharmaa\/","title":{"rendered":"SONGMICS baarituoli 2 kpl, tummanharmaa"},"content":{"rendered":"<p>Pehmustettu baarituoli selk\u00e4nojalla on todellinen klassikko. Kauniisti ja pehmustetun selk\u00e4nojan ja istuimen ansiosta istuin on eritt\u00e4in mukava, ja j\u00e4rkev\u00e4 istumakorkeus ja jalkatuki mahdollistavat rentouttavan ruokailu- tai juomakokemuksen. Ihanteellinen baaritiskille, baariin, olohuoneeseen, keitti\u00f6\u00f6n tai puutarhaan! Tuotetiedot:- V\u00e4ri: tummanharmaa, luonnonv\u00e4ri &#8211; Verhoilu: keinolinna &#8211; Selk\u00e4nojan runko ja jalat: kumipuu (lakattu kirkkaalla lakalla) &#8211; Istuimen runko: m\u00e4ntypuuta &#8211; Istuimen levy: vaneri &#8211; Mitat: 39 x 99,5 x 51,5 cm (L x K x S) &#8211; Istuinkorkeus: 71 cm; Istuinsyvyys: 36 cm; Istuimen leveys: 39 cm &#8211; Nettopaino: 6,15 kg\/tuoli &#8211; Maks. kantavuus: 120 kg Toimitus sis\u00e4lt\u00e4\u00e4: &#8211; 2 x baarituoli &#8211; 2 x kiinnityspussi &#8211; 1 x ohjeet (DE, EN, IT, FR, ES) SONGMICS Huomautukset:- Kest\u00e4v\u00e4n vakauden ja turvallisuuden takaamiseksi on suositeltavaa tarkistaa s\u00e4\u00e4nn\u00f6llisesti ruuvien kunto ja kirist\u00e4\u00e4 ne. Toistuva kokoaminen ja purkaminen ei my\u00f6sk\u00e4\u00e4n ole suositeltavaa. &#8211; \u00c4l\u00e4 koskaan keinuta istuessasi, ja kaikkien nelj\u00e4n jalan tulee olla kosketuksessa lattiaan.<\/p>\n","protected":false},"excerpt":{"rendered":"<p>SONGMICS baarituolien 2 kpl:n sarja, pehmustettu baarituoli selk\u00e4nojalla, keinokangas, istumakorkeus 71,5 cm, massiivipuusta valmistetut tuolinjalat, jalkatuki, tummanharmaa ja luonnonv\u00e4rit, LDC31GY<\/p>\n","protected":false},"featured_media":42190,"comment_status":"open","ping_status":"closed","template":"","meta":[],"product_brand":[],"product_cat":[32],"product_tag":[],"class_list":{"0":"post-33286","1":"product","2":"type-product","3":"status-publish","4":"has-post-thumbnail","6":"product_cat-uncategorized-fi","8":"first","9":"instock","10":"shipping-taxable","11":"purchasable","12":"product-type-simple"},"_links":{"self":[{"href":"https:\/\/nordicmart.andreevmaster.com\/fi\/wp-json\/wp\/v2\/product\/33286","targetHints":{"allow":["GET"]}}],"collection":[{"href":"https:\/\/nordicmart.andreevmaster.com\/fi\/wp-json\/wp\/v2\/product"}],"about":[{"href":"https:\/\/nordicmart.andreevmaster.com\/fi\/wp-json\/wp\/v2\/types\/product"}],"replies":[{"embeddable":true,"href":"https:\/\/nordicmart.andreevmaster.com\/fi\/wp-json\/wp\/v2\/comments?post=33286"}],"wp:featuredmedia":[{"embeddable":true,"href":"https:\/\/nordicmart.andreevmaster.com\/fi\/wp-json\/wp\/v2\/media\/42190"}],"wp:attachment":[{"href":"https:\/\/nordicmart.andreevmaster.com\/fi\/wp-json\/wp\/v2\/media?parent=33286"}],"wp:term":[{"taxonomy":"product_brand","embeddable":true,"href":"https:\/\/nordicmart.andreevmaster.com\/fi\/wp-json\/wp\/v2\/product_brand?post=33286"},{"taxonomy":"product_cat","embeddable":true,"href":"https:\/\/nordicmart.andreevmaster.com\/fi\/wp-json\/wp\/v2\/product_cat?post=33286"},{"taxonomy":"product_tag","embeddable":true,"href":"https:\/\/nordicmart.andreevmaster.com\/fi\/wp-json\/wp\/v2\/product_tag?post=33286"}],"curies":[{"name":"wp","href":"https:\/\/api.w.org\/{rel}","templated":true}]}}