{"id":33281,"date":"2026-02-27T00:20:41","date_gmt":"2026-02-27T00:20:41","guid":{"rendered":"https:\/\/nordicmart.andreevmaster.com\/product\/vasagle-ekho-kokoelma-ruokasalituolit-2-kpl-keinonahkaverhoilu-musta\/"},"modified":"2026-02-27T09:41:40","modified_gmt":"2026-02-27T09:41:40","slug":"vasagle-ekho-kokoelma-ruokasalituolit-2-kpl-keinonahkaverhoilu-musta","status":"publish","type":"product","link":"https:\/\/nordicmart.andreevmaster.com\/fi\/tuote\/vasagle-ekho-kokoelma-ruokasalituolit-2-kpl-keinonahkaverhoilu-musta\/","title":{"rendered":"VASAGLE EKHO -kokoelma \u2013 ruokasalituolit, 2 kpl, keinonahkaverhoilu, musta"},"content":{"rendered":"<p>VASAGLE EKHO -kokoelma \u2013 ruokap\u00f6yd\u00e4n tuolit, 2 kpl, keitti\u00f6tuolit, keinonahka, ompeleilla, mid-century-modern-tyyli, helppo koota, oleskelutila, ravintola<\/p>\n","protected":false},"excerpt":{"rendered":"<p>VASAGLE EKHO -kokoelma \u2013 ruokap\u00f6yd\u00e4n tuolit, 2 kpl, keitti\u00f6tuolit, keinonahka, ompeleilla, mid-century-modern-tyyli, helppo koota, oleskelutila, ravintola<\/p>\n","protected":false},"featured_media":0,"comment_status":"open","ping_status":"closed","template":"","meta":[],"product_brand":[],"product_cat":[32],"product_tag":[],"class_list":{"0":"post-33281","1":"product","2":"type-product","3":"status-publish","5":"product_cat-uncategorized-fi","7":"first","8":"instock","9":"shipping-taxable","10":"purchasable","11":"product-type-simple"},"_links":{"self":[{"href":"https:\/\/nordicmart.andreevmaster.com\/fi\/wp-json\/wp\/v2\/product\/33281","targetHints":{"allow":["GET"]}}],"collection":[{"href":"https:\/\/nordicmart.andreevmaster.com\/fi\/wp-json\/wp\/v2\/product"}],"about":[{"href":"https:\/\/nordicmart.andreevmaster.com\/fi\/wp-json\/wp\/v2\/types\/product"}],"replies":[{"embeddable":true,"href":"https:\/\/nordicmart.andreevmaster.com\/fi\/wp-json\/wp\/v2\/comments?post=33281"}],"wp:attachment":[{"href":"https:\/\/nordicmart.andreevmaster.com\/fi\/wp-json\/wp\/v2\/media?parent=33281"}],"wp:term":[{"taxonomy":"product_brand","embeddable":true,"href":"https:\/\/nordicmart.andreevmaster.com\/fi\/wp-json\/wp\/v2\/product_brand?post=33281"},{"taxonomy":"product_cat","embeddable":true,"href":"https:\/\/nordicmart.andreevmaster.com\/fi\/wp-json\/wp\/v2\/product_cat?post=33281"},{"taxonomy":"product_tag","embeddable":true,"href":"https:\/\/nordicmart.andreevmaster.com\/fi\/wp-json\/wp\/v2\/product_tag?post=33281"}],"curies":[{"name":"wp","href":"https:\/\/api.w.org\/{rel}","templated":true}]}}