{"id":33272,"date":"2026-02-27T00:20:39","date_gmt":"2026-02-27T00:20:39","guid":{"rendered":"https:\/\/nordicmart.andreevmaster.com\/product\/vasagle-ruokapoydan-tuoli-selkanojalla-kastanjanruskea\/"},"modified":"2026-02-27T09:41:39","modified_gmt":"2026-02-27T09:41:39","slug":"vasagle-ruokapoydan-tuoli-selkanojalla-kastanjanruskea","status":"publish","type":"product","link":"https:\/\/nordicmart.andreevmaster.com\/fi\/tuote\/vasagle-ruokapoydan-tuoli-selkanojalla-kastanjanruskea\/","title":{"rendered":"VASAGLE ruokap\u00f6yd\u00e4n tuoli selk\u00e4nojalla kastanjanruskea"},"content":{"rendered":"<p>VASAGLE ruokap\u00f6yd\u00e4n tuoli, keitti\u00f6tuoli, verhoiltu tuoli, keinonahka, s\u00e4\u00e4dett\u00e4v\u00e4t jalat, ter\u00e4sjalat, kaareva selk\u00e4noja, ruokailuhuoneeseen, keitti\u00f6\u00f6n<br \/>\nV\u00e4ri: kastanjanruskea<br \/>\nMateriaali: vaneri, ter\u00e4s, vaahtomuovi, PU<br \/>\nKoko: 56 x 50,3 x 81 cm (S x L x K)<br \/>\nIstuimen koko: 41 x 48 cm (S x L)<br \/>\nIstuinkorkeus: 38,5 cm<br \/>\nSelk\u00e4nojan korkeus: 42,5 cm<br \/>\nPaino: 6,2 kg<br \/>\nMaks. staattinen kantavuus: 120 kg<\/p>\n","protected":false},"excerpt":{"rendered":"<p>VASAGLE ruokap\u00f6yd\u00e4n tuoli, keitti\u00f6tuoli, verhoiltu tuoli, keinonahka, s\u00e4\u00e4dett\u00e4v\u00e4t jalat, ter\u00e4sjalat, kaareva selk\u00e4noja, ruokailuhuoneeseen, keitti\u00f6\u00f6n<\/p>\n","protected":false},"featured_media":42180,"comment_status":"open","ping_status":"closed","template":"","meta":[],"product_brand":[],"product_cat":[32],"product_tag":[],"class_list":{"0":"post-33272","1":"product","2":"type-product","3":"status-publish","4":"has-post-thumbnail","6":"product_cat-uncategorized-fi","8":"first","9":"instock","10":"shipping-taxable","11":"purchasable","12":"product-type-simple"},"_links":{"self":[{"href":"https:\/\/nordicmart.andreevmaster.com\/fi\/wp-json\/wp\/v2\/product\/33272","targetHints":{"allow":["GET"]}}],"collection":[{"href":"https:\/\/nordicmart.andreevmaster.com\/fi\/wp-json\/wp\/v2\/product"}],"about":[{"href":"https:\/\/nordicmart.andreevmaster.com\/fi\/wp-json\/wp\/v2\/types\/product"}],"replies":[{"embeddable":true,"href":"https:\/\/nordicmart.andreevmaster.com\/fi\/wp-json\/wp\/v2\/comments?post=33272"}],"wp:featuredmedia":[{"embeddable":true,"href":"https:\/\/nordicmart.andreevmaster.com\/fi\/wp-json\/wp\/v2\/media\/42180"}],"wp:attachment":[{"href":"https:\/\/nordicmart.andreevmaster.com\/fi\/wp-json\/wp\/v2\/media?parent=33272"}],"wp:term":[{"taxonomy":"product_brand","embeddable":true,"href":"https:\/\/nordicmart.andreevmaster.com\/fi\/wp-json\/wp\/v2\/product_brand?post=33272"},{"taxonomy":"product_cat","embeddable":true,"href":"https:\/\/nordicmart.andreevmaster.com\/fi\/wp-json\/wp\/v2\/product_cat?post=33272"},{"taxonomy":"product_tag","embeddable":true,"href":"https:\/\/nordicmart.andreevmaster.com\/fi\/wp-json\/wp\/v2\/product_tag?post=33272"}],"curies":[{"name":"wp","href":"https:\/\/api.w.org\/{rel}","templated":true}]}}