{"id":33263,"date":"2026-02-27T00:20:37","date_gmt":"2026-02-27T00:20:37","guid":{"rendered":"https:\/\/nordicmart.andreevmaster.com\/product\/2-kpl-ruokailutuoleja-keittiotuoleja-olohuoneen-tuoleja-modernit-metallijalat-tummanharmaa-2\/"},"modified":"2026-02-27T09:41:37","modified_gmt":"2026-02-27T09:41:37","slug":"2-kpl-ruokailutuoleja-keittiotuoleja-olohuoneen-tuoleja-modernit-metallijalat-tummanharmaa-2","status":"publish","type":"product","link":"https:\/\/nordicmart.andreevmaster.com\/fi\/tuote\/2-kpl-ruokailutuoleja-keittiotuoleja-olohuoneen-tuoleja-modernit-metallijalat-tummanharmaa-2\/","title":{"rendered":"2 kpl ruokailutuoleja, keitti\u00f6tuoleja, olohuoneen tuoleja, modernit metallijalat, tummanharmaa,"},"content":{"rendered":"<p>[YKSINKERTAINEN MUTTA TYYLIK\u00c4S] Puhtaat linjat, mustat jalat, k\u00e4\u00e4rityt reunat ja leikattu selk\u00e4noja &#8211; N\u00e4iden elementtien yhdistelm\u00e4 antaa n\u00e4ille ruokailutuoleille houkuttelevan ilmeen ja saa vieraiden silm\u00e4t syttym\u00e4\u00e4n!<\/p>\n<p>[Korkea istumamukavuus] Suuri 41 x 49 cm:n istuinosa lievitt\u00e4\u00e4 lantioon kohdistuvaa painetta; 7 cm:n paksuinen istuintyyny on pehme\u00e4; Selk\u00e4nojan ja istuimen v\u00e4lisen kulman (105\u00b0) ansiosta t\u00e4m\u00e4 ergonominen keitti\u00f6tuoli mahdollistaa mukavan asennon.<\/p>\n<p>[Laadukkaat materiaalit] Tuolin jalat on valmistettu tukevasta ja kest\u00e4v\u00e4st\u00e4 metallista ja istuin on valmistettu hengitt\u00e4v\u00e4st\u00e4 puuvillan ja pellavan sekoituksesta, joten et hikoile pitk\u00e4nk\u00e4\u00e4n istunnon j\u00e4lkeen.<\/p>\n<p>[S\u00e4\u00e4dett\u00e4v\u00e4t jalat] S\u00e4\u00e4dett\u00e4v\u00e4t jalat pit\u00e4v\u00e4t keitti\u00f6tuolin vakaana my\u00f6s hieman ep\u00e4tasaisilla lattioilla ja suojaavat samalla lattiaa naarmuilta<\/p>\n<p>[Helppo kokoonpano] N\u00e4iden verhoiltujen tuolien mukana toimitetaan merkityt osat ja helppotajuiset ohjeet, joten voit koota tuolin nopeasti.<\/p>\n<p>Tuotetiedot: Tuoli on helppo ja helppo asentaa ja asentaa:<br \/>\n&#8211; V\u00e4ri: tummanharmaa.<br \/>\n&#8211; Materiaali: ter\u00e4s, puuvilla ja pellava, vaahtomuovi, muovi.- Kunkin tuolin mitat: 49,8 x 55 x 81 cm (L x S x K).<br \/>\n&#8211; Istuimen koko per tuoli: 41 x 49 cm (SxS).<br \/>\n&#8211; Istuimen korkeus: 47,5 cm.<br \/>\n&#8211; Paino per tuoli: 6,6 kg.- Maks. staattinen kuormitus per tuoli: 120 kg<\/p>\n<p>Pakkaus sis\u00e4lt\u00e4\u00e4:<br \/>\n&#8211; 2 x ruokap\u00f6yd\u00e4n tuolia<br \/>\n&#8211; 2 pakettia lis\u00e4varusteita.<br \/>\n&#8211; 2 x k\u00e4ytt\u00f6ohjeet (englannin kieli ei ole taattu).<\/p>\n","protected":false},"excerpt":{"rendered":"<p>[YKSINKERTAINEN MUTTA TYYLIK\u00c4S] Puhtaat linjat, mustat jalat, k\u00e4\u00e4rityt reunat ja leikattu selk\u00e4noja &#8211; N\u00e4iden elementtien yhdistelm\u00e4 antaa n\u00e4ille ruokailutuoleille houkuttelevan ilmeen ja saa vieraiden silm\u00e4t syttym\u00e4\u00e4n! [Korkea istumamukavuus] Suuri 41 x 49 cm:n istuinosa lievitt\u00e4\u00e4 lantioon kohdistuvaa painetta; 7 cm:n paksuinen istuintyyny on pehme\u00e4; Selk\u00e4nojan ja istuimen v\u00e4lisen kulman (105\u00b0) ansiosta t\u00e4m\u00e4 ergonominen keitti\u00f6tuoli mahdollistaa [&hellip;]<\/p>\n","protected":false},"featured_media":0,"comment_status":"open","ping_status":"closed","template":"","meta":[],"product_brand":[],"product_cat":[32],"product_tag":[],"class_list":{"0":"post-33263","1":"product","2":"type-product","3":"status-publish","5":"product_cat-uncategorized-fi","7":"first","8":"instock","9":"shipping-taxable","10":"product-type-simple"},"_links":{"self":[{"href":"https:\/\/nordicmart.andreevmaster.com\/fi\/wp-json\/wp\/v2\/product\/33263","targetHints":{"allow":["GET"]}}],"collection":[{"href":"https:\/\/nordicmart.andreevmaster.com\/fi\/wp-json\/wp\/v2\/product"}],"about":[{"href":"https:\/\/nordicmart.andreevmaster.com\/fi\/wp-json\/wp\/v2\/types\/product"}],"replies":[{"embeddable":true,"href":"https:\/\/nordicmart.andreevmaster.com\/fi\/wp-json\/wp\/v2\/comments?post=33263"}],"wp:attachment":[{"href":"https:\/\/nordicmart.andreevmaster.com\/fi\/wp-json\/wp\/v2\/media?parent=33263"}],"wp:term":[{"taxonomy":"product_brand","embeddable":true,"href":"https:\/\/nordicmart.andreevmaster.com\/fi\/wp-json\/wp\/v2\/product_brand?post=33263"},{"taxonomy":"product_cat","embeddable":true,"href":"https:\/\/nordicmart.andreevmaster.com\/fi\/wp-json\/wp\/v2\/product_cat?post=33263"},{"taxonomy":"product_tag","embeddable":true,"href":"https:\/\/nordicmart.andreevmaster.com\/fi\/wp-json\/wp\/v2\/product_tag?post=33263"}],"curies":[{"name":"wp","href":"https:\/\/api.w.org\/{rel}","templated":true}]}}