{"id":33262,"date":"2026-02-27T00:20:37","date_gmt":"2026-02-27T00:20:37","guid":{"rendered":"https:\/\/nordicmart.andreevmaster.com\/product\/vasagle-ruokapoydan-tuolit-2-kpl-kasinojat-moderni\/"},"modified":"2026-02-27T09:41:37","modified_gmt":"2026-02-27T09:41:37","slug":"vasagle-ruokapoydan-tuolit-2-kpl-kasinojat-moderni","status":"publish","type":"product","link":"https:\/\/nordicmart.andreevmaster.com\/fi\/tuote\/vasagle-ruokapoydan-tuolit-2-kpl-kasinojat-moderni\/","title":{"rendered":"VASAGLE ruokap\u00f6yd\u00e4n tuolit, 2 kpl, k\u00e4sinojat, moderni"},"content":{"rendered":"<p>VASAGLE ruokap\u00f6yd\u00e4n tuolit, 2 kpl, keitti\u00f6tuolit, verhoillut tuolit, k\u00e4sinojalliset tuolit, metallijalat, modernit, olohuoneen tuolit, ruokailuhuoneeseen, keitti\u00f6\u00f6n, tummanharmaat LDC102G01<br \/>\nV\u00e4ri: tummanharmaa<br \/>\nMateriaali: ter\u00e4s, puuvilla-pellavaseos, vaahtomuovi, PU<br \/>\nKoko per tuoli: 56,4 x 58 x 81 cm (S x L x K)<br \/>\nIstuimen koko per tuoli: 44,5 x 50 cm (S x L)<br \/>\nIstuinkorkeus: 47,5 cm<br \/>\nPaino per tuoli: 8,5 kg<br \/>\nTuolin maks. staattinen kantavuus: 120 kg<\/p>\n","protected":false},"excerpt":{"rendered":"<p>VASAGLE ruokap\u00f6yd\u00e4n tuolit, 2 kpl, keitti\u00f6tuolit, verhoillut tuolit, k\u00e4sinojalliset tuolit, metallijalat, modernit, olohuoneen tuolit, ruokailuhuoneeseen, keitti\u00f6\u00f6n, tummanharmaat LDC102G01<\/p>\n","protected":false},"featured_media":42171,"comment_status":"open","ping_status":"closed","template":"","meta":[],"product_brand":[],"product_cat":[32],"product_tag":[],"class_list":{"0":"post-33262","1":"product","2":"type-product","3":"status-publish","4":"has-post-thumbnail","6":"product_cat-uncategorized-fi","8":"first","9":"instock","10":"shipping-taxable","11":"purchasable","12":"product-type-simple"},"_links":{"self":[{"href":"https:\/\/nordicmart.andreevmaster.com\/fi\/wp-json\/wp\/v2\/product\/33262","targetHints":{"allow":["GET"]}}],"collection":[{"href":"https:\/\/nordicmart.andreevmaster.com\/fi\/wp-json\/wp\/v2\/product"}],"about":[{"href":"https:\/\/nordicmart.andreevmaster.com\/fi\/wp-json\/wp\/v2\/types\/product"}],"replies":[{"embeddable":true,"href":"https:\/\/nordicmart.andreevmaster.com\/fi\/wp-json\/wp\/v2\/comments?post=33262"}],"wp:featuredmedia":[{"embeddable":true,"href":"https:\/\/nordicmart.andreevmaster.com\/fi\/wp-json\/wp\/v2\/media\/42171"}],"wp:attachment":[{"href":"https:\/\/nordicmart.andreevmaster.com\/fi\/wp-json\/wp\/v2\/media?parent=33262"}],"wp:term":[{"taxonomy":"product_brand","embeddable":true,"href":"https:\/\/nordicmart.andreevmaster.com\/fi\/wp-json\/wp\/v2\/product_brand?post=33262"},{"taxonomy":"product_cat","embeddable":true,"href":"https:\/\/nordicmart.andreevmaster.com\/fi\/wp-json\/wp\/v2\/product_cat?post=33262"},{"taxonomy":"product_tag","embeddable":true,"href":"https:\/\/nordicmart.andreevmaster.com\/fi\/wp-json\/wp\/v2\/product_tag?post=33262"}],"curies":[{"name":"wp","href":"https:\/\/api.w.org\/{rel}","templated":true}]}}