{"id":33260,"date":"2026-02-27T00:20:36","date_gmt":"2026-02-27T00:20:36","guid":{"rendered":"https:\/\/nordicmart.andreevmaster.com\/product\/vasagle-kahden-hengen-ruokapoydan-tuolien-setti-ruokailuhuoneeseen\/"},"modified":"2026-02-27T09:41:36","modified_gmt":"2026-02-27T09:41:36","slug":"vasagle-kahden-hengen-ruokapoydan-tuolien-setti-ruokailuhuoneeseen","status":"publish","type":"product","link":"https:\/\/nordicmart.andreevmaster.com\/fi\/tuote\/vasagle-kahden-hengen-ruokapoydan-tuolien-setti-ruokailuhuoneeseen\/","title":{"rendered":"VASAGLE kahden hengen ruokap\u00f6yd\u00e4n tuolien setti ruokailuhuoneeseen"},"content":{"rendered":"<p>VASAGLE kaksipaikkaiset ruokap\u00f6yd\u00e4n tuolit, keitti\u00f6tuolien 2 kpl:n sarja, ruokasalin tuolit, ter\u00e4srunko, ergonominen muotoilu, teollinen tyyli, olohuoneeseen, ruokasaliin<br \/>\nV\u00e4ri: vintage-ruskea-musta<br \/>\nMateriaali: lastulevy, ter\u00e4s<br \/>\nTuolin koko: 43,4 x 43 x 95,5 cm (P x L x K)<br \/>\nIstuimen koko: 43,4 x 38,4 cm (P x L)<br \/>\nIstuinkorkeus: 44 cm<br \/>\nKokonaispaino: 12,1 kg<br \/>\nTuolin suurin staattinen kantavuus: 100 kg<\/p>\n","protected":false},"excerpt":{"rendered":"<p>VASAGLE kaksipaikkaiset ruokap\u00f6yd\u00e4n tuolit, keitti\u00f6tuolien 2 kpl:n sarja, ruokasalin tuolit, ter\u00e4srunko, ergonominen muotoilu, teollinen tyyli, olohuoneeseen, ruokasaliin<\/p>\n","protected":false},"featured_media":42169,"comment_status":"open","ping_status":"closed","template":"","meta":[],"product_brand":[],"product_cat":[32],"product_tag":[],"class_list":{"0":"post-33260","1":"product","2":"type-product","3":"status-publish","4":"has-post-thumbnail","6":"product_cat-uncategorized-fi","8":"first","9":"instock","10":"shipping-taxable","11":"purchasable","12":"product-type-simple"},"_links":{"self":[{"href":"https:\/\/nordicmart.andreevmaster.com\/fi\/wp-json\/wp\/v2\/product\/33260","targetHints":{"allow":["GET"]}}],"collection":[{"href":"https:\/\/nordicmart.andreevmaster.com\/fi\/wp-json\/wp\/v2\/product"}],"about":[{"href":"https:\/\/nordicmart.andreevmaster.com\/fi\/wp-json\/wp\/v2\/types\/product"}],"replies":[{"embeddable":true,"href":"https:\/\/nordicmart.andreevmaster.com\/fi\/wp-json\/wp\/v2\/comments?post=33260"}],"wp:featuredmedia":[{"embeddable":true,"href":"https:\/\/nordicmart.andreevmaster.com\/fi\/wp-json\/wp\/v2\/media\/42169"}],"wp:attachment":[{"href":"https:\/\/nordicmart.andreevmaster.com\/fi\/wp-json\/wp\/v2\/media?parent=33260"}],"wp:term":[{"taxonomy":"product_brand","embeddable":true,"href":"https:\/\/nordicmart.andreevmaster.com\/fi\/wp-json\/wp\/v2\/product_brand?post=33260"},{"taxonomy":"product_cat","embeddable":true,"href":"https:\/\/nordicmart.andreevmaster.com\/fi\/wp-json\/wp\/v2\/product_cat?post=33260"},{"taxonomy":"product_tag","embeddable":true,"href":"https:\/\/nordicmart.andreevmaster.com\/fi\/wp-json\/wp\/v2\/product_tag?post=33260"}],"curies":[{"name":"wp","href":"https:\/\/api.w.org\/{rel}","templated":true}]}}