{"id":33258,"date":"2026-02-27T00:20:36","date_gmt":"2026-02-27T00:20:36","guid":{"rendered":"https:\/\/nordicmart.andreevmaster.com\/product\/vasagle-ruokapoydan-tuolit-2-kpl-greige-marmoroitu-mattagray\/"},"modified":"2026-02-27T09:41:36","modified_gmt":"2026-02-27T09:41:36","slug":"vasagle-ruokapoydan-tuolit-2-kpl-greige-marmoroitu-mattagray","status":"publish","type":"product","link":"https:\/\/nordicmart.andreevmaster.com\/fi\/tuote\/vasagle-ruokapoydan-tuolit-2-kpl-greige-marmoroitu-mattagray\/","title":{"rendered":"VASAGLE ruokap\u00f6yd\u00e4n tuolit, 2 kpl, greige-marmoroitu mattagray"},"content":{"rendered":"<p>VASAGLE ruokap\u00f6yd\u00e4n tuoli, metallirunko, 2 kpl, teollinen tyyli, ruokasaliin, olohuoneeseen, keitti\u00f6\u00f6n, vintage-ruskea-musta LDC092B01<br \/>\nV\u00e4ri: harmaa-mattaharmaa<br \/>\nMateriaali: lastulevy, ter\u00e4s<br \/>\nKoko per tuoli: 36 x 46,6 x 87,1 cm (P x L x K)<br \/>\nIstuimen koko: 36 x 39,2 x 1,5 cm (P x L x K)<br \/>\nIstuinkorkeus: 45,4 cm<br \/>\nKokonaispaino: 12 kg<br \/>\nTuolin maks. staattinen kantavuus: 100 kg<\/p>\n","protected":false},"excerpt":{"rendered":"<p>VASAGLE ruokap\u00f6yd\u00e4n tuoli, metallirunko, 2 kpl, teollinen tyyli, ruokasaliin, olohuoneeseen, keitti\u00f6\u00f6n, vintage-ruskea-musta LDC092B01<\/p>\n","protected":false},"featured_media":42167,"comment_status":"open","ping_status":"closed","template":"","meta":[],"product_brand":[],"product_cat":[32],"product_tag":[],"class_list":{"0":"post-33258","1":"product","2":"type-product","3":"status-publish","4":"has-post-thumbnail","6":"product_cat-uncategorized-fi","8":"first","9":"instock","10":"shipping-taxable","11":"purchasable","12":"product-type-simple"},"_links":{"self":[{"href":"https:\/\/nordicmart.andreevmaster.com\/fi\/wp-json\/wp\/v2\/product\/33258","targetHints":{"allow":["GET"]}}],"collection":[{"href":"https:\/\/nordicmart.andreevmaster.com\/fi\/wp-json\/wp\/v2\/product"}],"about":[{"href":"https:\/\/nordicmart.andreevmaster.com\/fi\/wp-json\/wp\/v2\/types\/product"}],"replies":[{"embeddable":true,"href":"https:\/\/nordicmart.andreevmaster.com\/fi\/wp-json\/wp\/v2\/comments?post=33258"}],"wp:featuredmedia":[{"embeddable":true,"href":"https:\/\/nordicmart.andreevmaster.com\/fi\/wp-json\/wp\/v2\/media\/42167"}],"wp:attachment":[{"href":"https:\/\/nordicmart.andreevmaster.com\/fi\/wp-json\/wp\/v2\/media?parent=33258"}],"wp:term":[{"taxonomy":"product_brand","embeddable":true,"href":"https:\/\/nordicmart.andreevmaster.com\/fi\/wp-json\/wp\/v2\/product_brand?post=33258"},{"taxonomy":"product_cat","embeddable":true,"href":"https:\/\/nordicmart.andreevmaster.com\/fi\/wp-json\/wp\/v2\/product_cat?post=33258"},{"taxonomy":"product_tag","embeddable":true,"href":"https:\/\/nordicmart.andreevmaster.com\/fi\/wp-json\/wp\/v2\/product_tag?post=33258"}],"curies":[{"name":"wp","href":"https:\/\/api.w.org\/{rel}","templated":true}]}}