{"id":33255,"date":"2026-02-27T00:20:35","date_gmt":"2026-02-27T00:20:35","guid":{"rendered":"https:\/\/nordicmart.andreevmaster.com\/product\/vasagle-ruokapoydan-tuolit-2-kpl-vintage-ruskea-musta\/"},"modified":"2026-02-27T09:41:35","modified_gmt":"2026-02-27T09:41:35","slug":"vasagle-ruokapoydan-tuolit-2-kpl-vintage-ruskea-musta","status":"publish","type":"product","link":"https:\/\/nordicmart.andreevmaster.com\/fi\/tuote\/vasagle-ruokapoydan-tuolit-2-kpl-vintage-ruskea-musta\/","title":{"rendered":"VASAGLE ruokap\u00f6yd\u00e4n tuolit, 2 kpl, vintage-ruskea-musta"},"content":{"rendered":"<p>Tuotetiedot: &#8211; V\u00e4ri: vintage-ruskea-musta &#8211; Materiaali: lastulevy, ter\u00e4s &#8211; Koko: 36,5 x 50 x 87 cm (P x L x K) &#8211; 2 tuolin paino: 11 kg &#8211; Tuolin maks. staattinen kantavuus: 100 kg Toimitus sis\u00e4lt\u00e4\u00e4:- 2 x ruokap\u00f6yd\u00e4n tuoli &#8211; 1 x lis\u00e4varustepaketti &#8211; 1 x ohjeet (DE, EN, ES, FR, IT) VASAGLE-ohjeet: &#8211; Turvallisuussyist\u00e4 lapset eiv\u00e4t saa kiivet\u00e4 tuotteelle tai leikki\u00e4 sill\u00e4. &#8211; Tuolin suurin staattinen kantavuus on 100 kg. \u00c4l\u00e4 ylit\u00e4 t\u00e4t\u00e4 enimm\u00e4ispainoa.<\/p>\n","protected":false},"excerpt":{"rendered":"<p>VASAGLE ruokap\u00f6yd\u00e4n tuoli, metallirunko, 2 kpl, teollinen tyyli, ruokasaliin, olohuoneeseen, keitti\u00f6\u00f6n, vintage-ruskea-musta LDC092B01<\/p>\n","protected":false},"featured_media":42164,"comment_status":"open","ping_status":"closed","template":"","meta":[],"product_brand":[],"product_cat":[32],"product_tag":[],"class_list":{"0":"post-33255","1":"product","2":"type-product","3":"status-publish","4":"has-post-thumbnail","6":"product_cat-uncategorized-fi","8":"first","9":"instock","10":"shipping-taxable","11":"purchasable","12":"product-type-simple"},"_links":{"self":[{"href":"https:\/\/nordicmart.andreevmaster.com\/fi\/wp-json\/wp\/v2\/product\/33255","targetHints":{"allow":["GET"]}}],"collection":[{"href":"https:\/\/nordicmart.andreevmaster.com\/fi\/wp-json\/wp\/v2\/product"}],"about":[{"href":"https:\/\/nordicmart.andreevmaster.com\/fi\/wp-json\/wp\/v2\/types\/product"}],"replies":[{"embeddable":true,"href":"https:\/\/nordicmart.andreevmaster.com\/fi\/wp-json\/wp\/v2\/comments?post=33255"}],"wp:featuredmedia":[{"embeddable":true,"href":"https:\/\/nordicmart.andreevmaster.com\/fi\/wp-json\/wp\/v2\/media\/42164"}],"wp:attachment":[{"href":"https:\/\/nordicmart.andreevmaster.com\/fi\/wp-json\/wp\/v2\/media?parent=33255"}],"wp:term":[{"taxonomy":"product_brand","embeddable":true,"href":"https:\/\/nordicmart.andreevmaster.com\/fi\/wp-json\/wp\/v2\/product_brand?post=33255"},{"taxonomy":"product_cat","embeddable":true,"href":"https:\/\/nordicmart.andreevmaster.com\/fi\/wp-json\/wp\/v2\/product_cat?post=33255"},{"taxonomy":"product_tag","embeddable":true,"href":"https:\/\/nordicmart.andreevmaster.com\/fi\/wp-json\/wp\/v2\/product_tag?post=33255"}],"curies":[{"name":"wp","href":"https:\/\/api.w.org\/{rel}","templated":true}]}}