{"id":33254,"date":"2026-02-27T00:20:35","date_gmt":"2026-02-27T00:20:35","guid":{"rendered":"https:\/\/nordicmart.andreevmaster.com\/product\/songmics-ruokapoydan-tuoli-2-kpl-karamellinruskea-mustanmusta\/"},"modified":"2026-02-27T09:41:35","modified_gmt":"2026-02-27T09:41:35","slug":"songmics-ruokapoydan-tuoli-2-kpl-karamellinruskea-mustanmusta","status":"publish","type":"product","link":"https:\/\/nordicmart.andreevmaster.com\/fi\/tuote\/songmics-ruokapoydan-tuoli-2-kpl-karamellinruskea-mustanmusta\/","title":{"rendered":"SONGMICS ruokap\u00f6yd\u00e4n tuoli, 2 kpl, karamellinruskea-mustanmusta"},"content":{"rendered":"<p>SONGMICS ruokap\u00f6yd\u00e4n tuoli, 2 kpl, keitti\u00f6tuoli, verhoiltu tuoli, kantavuus 120 kg, ter\u00e4sjalat, kaareva selk\u00e4noja, ruokasaliin, keitti\u00f6\u00f6n, karamellinruskea-mustanmusta LDC090K01<br \/>\nV\u00e4ri: karamellinruskea-mustanmusta<br \/>\nMateriaali: ter\u00e4s, vaneri, polyesteri, vaahtomuovi<br \/>\nKoko per tuoli: 60 x 50,1 x 88,6 cm (S x L x K)<br \/>\nIstuinkorkeus: 49 cm<br \/>\nIstuimen leveys: 50,1 cm<br \/>\nIstuinsyvyys: 42,6 cm<br \/>\nSelk\u00e4nojan korkeus: 39,6 cm<br \/>\nIstuintyynyn paksuus: 6,3 cm<br \/>\nPaino per tuoli: 5,6 kg<br \/>\nTuolin maks. staattinen kantavuus: 120 kg<\/p>\n","protected":false},"excerpt":{"rendered":"<p>SONGMICS ruokap\u00f6yd\u00e4n tuoli, 2 kpl, keitti\u00f6tuoli, verhoiltu tuoli, kantavuus 120 kg, ter\u00e4sjalat, kaareva selk\u00e4noja, ruokasaliin, keitti\u00f6\u00f6n, karamellinruskea-mustanmusta LDC090K01<\/p>\n","protected":false},"featured_media":0,"comment_status":"open","ping_status":"closed","template":"","meta":[],"product_brand":[],"product_cat":[32],"product_tag":[],"class_list":{"0":"post-33254","1":"product","2":"type-product","3":"status-publish","5":"product_cat-uncategorized-fi","7":"first","8":"instock","9":"shipping-taxable","10":"purchasable","11":"product-type-simple"},"_links":{"self":[{"href":"https:\/\/nordicmart.andreevmaster.com\/fi\/wp-json\/wp\/v2\/product\/33254","targetHints":{"allow":["GET"]}}],"collection":[{"href":"https:\/\/nordicmart.andreevmaster.com\/fi\/wp-json\/wp\/v2\/product"}],"about":[{"href":"https:\/\/nordicmart.andreevmaster.com\/fi\/wp-json\/wp\/v2\/types\/product"}],"replies":[{"embeddable":true,"href":"https:\/\/nordicmart.andreevmaster.com\/fi\/wp-json\/wp\/v2\/comments?post=33254"}],"wp:attachment":[{"href":"https:\/\/nordicmart.andreevmaster.com\/fi\/wp-json\/wp\/v2\/media?parent=33254"}],"wp:term":[{"taxonomy":"product_brand","embeddable":true,"href":"https:\/\/nordicmart.andreevmaster.com\/fi\/wp-json\/wp\/v2\/product_brand?post=33254"},{"taxonomy":"product_cat","embeddable":true,"href":"https:\/\/nordicmart.andreevmaster.com\/fi\/wp-json\/wp\/v2\/product_cat?post=33254"},{"taxonomy":"product_tag","embeddable":true,"href":"https:\/\/nordicmart.andreevmaster.com\/fi\/wp-json\/wp\/v2\/product_tag?post=33254"}],"curies":[{"name":"wp","href":"https:\/\/api.w.org\/{rel}","templated":true}]}}