{"id":33247,"date":"2026-02-27T00:20:33","date_gmt":"2026-02-27T00:20:33","guid":{"rendered":"https:\/\/nordicmart.andreevmaster.com\/product\/songmics-2-kpln-sarja-ruokapoydan-tuolit-verhoillut-tuolit-kasinojilla-sininen\/"},"modified":"2026-02-27T09:41:34","modified_gmt":"2026-02-27T09:41:34","slug":"songmics-2-kpln-sarja-ruokapoydan-tuolit-verhoillut-tuolit-kasinojilla-sininen","status":"publish","type":"product","link":"https:\/\/nordicmart.andreevmaster.com\/fi\/tuote\/songmics-2-kpln-sarja-ruokapoydan-tuolit-verhoillut-tuolit-kasinojilla-sininen\/","title":{"rendered":"SONGMICS 2 kpl:n sarja ruokap\u00f6yd\u00e4n tuolit Verhoillut tuolit k\u00e4sinojilla Sininen"},"content":{"rendered":"<p>Kokeile mukavuutta: ergonominen muotoilu, 7 cm paksu vaahtomuovipehmuste, korkealaatuinen samettiverhoilu ja kest\u00e4v\u00e4t metallijalat, joiden kantavuus on jopa 110 kg \u2013 n\u00e4m\u00e4 elementit luovat vankan ja mukavan tuolin. Viel\u00e4 parempaa: tuoli on my\u00f6s kaunis, mik\u00e4 luo miellytt\u00e4v\u00e4n ilmapiirin jokaiseen huoneeseen. Aina vierell\u00e4si: miss\u00e4 tahansa haluat istua ja rentoutua, t\u00e4m\u00e4 pehmustettu tuoli on valmiina sinua varten. Olipa kyseess\u00e4 ruokasali, olohuone, makuuhuone, ty\u00f6huone tai aurinkoa ottaminen parvekkeella, t\u00e4m\u00e4 tuoli sopii aina rentoutumisen hetkiin.Tuotetiedot: V\u00e4ri: sininen Materiaali: jauhemaalatut metallijalat, puulevy, sametti, vaahtomuovipehmuste Kokonaismitat: 62,5 x 60 x 85 cm (P x L x K) Istuinkorkeus: 50 cm Istuimen leveys: 49 cm Istuimen syvyys: 44,5 cm Selk\u00e4nojan korkeus: 39,5 cm K\u00e4sinojien korkeus (lattiasta): 64 cm Istuintyynyn paksuus: 7 cm Paino: 6,5 kg Maks. staattinen kantavuus: 110 kg Toimitus sis\u00e4lt\u00e4\u00e4: 1 x tuoli 1 x lis\u00e4varustepaketti 1 x ohjeet SONGMICSin ohjeet:\u00c4l\u00e4 altista tuotetta suoralle auringonvalolle. Pid\u00e4 tuote poissa ter\u00e4vien tai ter\u00e4vien esineiden l\u00e4heisyydest\u00e4 vahingoittumisen v\u00e4ltt\u00e4miseksi. \u00c4l\u00e4 nouse tuolille \u00e4l\u00e4k\u00e4 k\u00e4yt\u00e4 sit\u00e4 nousuapuna tai tikkaina. Pyyhi tuoli v\u00e4litt\u00f6m\u00e4sti kuivalla liinalla, jos se on kastunut. Aseta tuoli tasaiselle alustalle.Tuolin alle asetettu matto voi suojata parketin.<\/p>\n","protected":false},"excerpt":{"rendered":"<p>SONGMICS ruokap\u00f6yd\u00e4n tuoli, nojatuoli, verhoiltu tuoli k\u00e4sinojilla, istuimen leveys 49 cm, metallijalat, samettiverhoilu, kantavuus 110 kg, ty\u00f6huoneeseen, olohuoneeseen, makuuhuoneeseen, harmaa LDC088G01<\/p>\n","protected":false},"featured_media":42159,"comment_status":"open","ping_status":"closed","template":"","meta":[],"product_brand":[],"product_cat":[32],"product_tag":[],"class_list":{"0":"post-33247","1":"product","2":"type-product","3":"status-publish","4":"has-post-thumbnail","6":"product_cat-uncategorized-fi","8":"first","9":"instock","10":"shipping-taxable","11":"purchasable","12":"product-type-simple"},"_links":{"self":[{"href":"https:\/\/nordicmart.andreevmaster.com\/fi\/wp-json\/wp\/v2\/product\/33247","targetHints":{"allow":["GET"]}}],"collection":[{"href":"https:\/\/nordicmart.andreevmaster.com\/fi\/wp-json\/wp\/v2\/product"}],"about":[{"href":"https:\/\/nordicmart.andreevmaster.com\/fi\/wp-json\/wp\/v2\/types\/product"}],"replies":[{"embeddable":true,"href":"https:\/\/nordicmart.andreevmaster.com\/fi\/wp-json\/wp\/v2\/comments?post=33247"}],"wp:featuredmedia":[{"embeddable":true,"href":"https:\/\/nordicmart.andreevmaster.com\/fi\/wp-json\/wp\/v2\/media\/42159"}],"wp:attachment":[{"href":"https:\/\/nordicmart.andreevmaster.com\/fi\/wp-json\/wp\/v2\/media?parent=33247"}],"wp:term":[{"taxonomy":"product_brand","embeddable":true,"href":"https:\/\/nordicmart.andreevmaster.com\/fi\/wp-json\/wp\/v2\/product_brand?post=33247"},{"taxonomy":"product_cat","embeddable":true,"href":"https:\/\/nordicmart.andreevmaster.com\/fi\/wp-json\/wp\/v2\/product_cat?post=33247"},{"taxonomy":"product_tag","embeddable":true,"href":"https:\/\/nordicmart.andreevmaster.com\/fi\/wp-json\/wp\/v2\/product_tag?post=33247"}],"curies":[{"name":"wp","href":"https:\/\/api.w.org\/{rel}","templated":true}]}}